{"id":7735,"date":"2025-12-26T14:11:00","date_gmt":"2025-12-26T14:11:00","guid":{"rendered":"https:\/\/ronesanscelik.com.tr\/stromboli-enerji-santrali\/"},"modified":"2026-02-05T13:37:10","modified_gmt":"2026-02-05T13:37:10","slug":"stromboli-enerji-santrali","status":"publish","type":"page","link":"https:\/\/ronesanscelik.com.tr\/tr\/stromboli-enerji-santrali\/","title":{"rendered":"Stromboli Enerji Santrali"},"content":{"rendered":"\t\t<div data-elementor-type=\"wp-page\" data-elementor-id=\"7735\" class=\"elementor elementor-7735 elementor-2034\" data-elementor-post-type=\"page\">\n\t\t\t\t<div class=\"elementor-element elementor-element-1eae6202 e-flex e-con-boxed e-con e-parent\" data-id=\"1eae6202\" data-element_type=\"container\" data-e-type=\"container\" data-settings=\"{&quot;background_background&quot;:&quot;classic&quot;}\">\n\t\t\t\t\t<div class=\"e-con-inner\">\n\t\t<div class=\"elementor-element elementor-element-45a636d6 e-con-full e-flex e-con e-child\" data-id=\"45a636d6\" data-element_type=\"container\" data-e-type=\"container\">\n\t\t\t\t<div class=\"elementor-element elementor-element-5edfc41b elementor-widget elementor-widget-heading\" data-id=\"5edfc41b\" data-element_type=\"widget\" data-e-type=\"widget\" data-settings=\"{&quot;_animation&quot;:&quot;none&quot;}\" data-widget_type=\"heading.default\">\n\t\t\t\t\t<h1 class=\"elementor-heading-title elementor-size-default\">Stromboli Enerji Santrali<\/h1>\t\t\t\t<\/div>\n\t\t\t\t<\/div>\n\t\t\t\t\t<\/div>\n\t\t\t\t<\/div>\n\t\t<div class=\"elementor-element elementor-element-437cf19c e-grid e-con-full top-info-grid e-con e-child\" data-id=\"437cf19c\" data-element_type=\"container\" data-e-type=\"container\" id=\"top-info-grid\" data-settings=\"{&quot;background_background&quot;:&quot;classic&quot;}\">\n\t\t\t\t<div class=\"elementor-element elementor-element-3ede2db9 elementor-widget elementor-widget-icon-box\" data-id=\"3ede2db9\" data-element_type=\"widget\" data-e-type=\"widget\" data-settings=\"{&quot;_animation&quot;:&quot;none&quot;}\" data-widget_type=\"icon-box.default\">\n\t\t\t\t\t\t\t<div class=\"elementor-icon-box-wrapper\">\n\n\t\t\t\n\t\t\t\t\t\t<div class=\"elementor-icon-box-content\">\n\n\t\t\t\t\t\t\t\t\t<h6 class=\"elementor-icon-box-title\">\n\t\t\t\t\t\t<span  >\n\t\t\t\t\t\t\tlokasyon\t\t\t\t\t\t<\/span>\n\t\t\t\t\t<\/h6>\n\t\t\t\t\n\t\t\t\t\t\t\t\t\t<p class=\"elementor-icon-box-description\">\n\t\t\t\t\t\tTuscany, \u0130talya\t\t\t\t\t<\/p>\n\t\t\t\t\n\t\t\t<\/div>\n\t\t\t\n\t\t<\/div>\n\t\t\t\t\t\t<\/div>\n\t\t\t\t<div class=\"elementor-element elementor-element-77528bcd elementor-widget elementor-widget-icon-box\" data-id=\"77528bcd\" data-element_type=\"widget\" data-e-type=\"widget\" data-settings=\"{&quot;_animation&quot;:&quot;none&quot;,&quot;_animation_delay&quot;:&quot;250&quot;}\" data-widget_type=\"icon-box.default\">\n\t\t\t\t\t\t\t<div class=\"elementor-icon-box-wrapper\">\n\n\t\t\t\n\t\t\t\t\t\t<div class=\"elementor-icon-box-content\">\n\n\t\t\t\t\t\t\t\t\t<h6 class=\"elementor-icon-box-title\">\n\t\t\t\t\t\t<span  >\n\t\t\t\t\t\t\ttoplam tonaj\t\t\t\t\t\t<\/span>\n\t\t\t\t\t<\/h6>\n\t\t\t\t\n\t\t\t\t\t\t\t\t\t<p class=\"elementor-icon-box-description\">\n\t\t\t\t\t\t250 Ton\t\t\t\t\t<\/p>\n\t\t\t\t\n\t\t\t<\/div>\n\t\t\t\n\t\t<\/div>\n\t\t\t\t\t\t<\/div>\n\t\t\t\t<div class=\"elementor-element elementor-element-b158be2 elementor-widget elementor-widget-icon-box\" data-id=\"b158be2\" data-element_type=\"widget\" data-e-type=\"widget\" data-settings=\"{&quot;_animation&quot;:&quot;none&quot;,&quot;_animation_delay&quot;:&quot;500&quot;}\" data-widget_type=\"icon-box.default\">\n\t\t\t\t\t\t\t<div class=\"elementor-icon-box-wrapper\">\n\n\t\t\t\n\t\t\t\t\t\t<div class=\"elementor-icon-box-content\">\n\n\t\t\t\t\t\t\t\t\t<h6 class=\"elementor-icon-box-title\">\n\t\t\t\t\t\t<span  >\n\t\t\t\t\t\t\tm\u00fc\u015fteri\t\t\t\t\t\t<\/span>\n\t\t\t\t\t<\/h6>\n\t\t\t\t\n\t\t\t\t\t\t\t\t\t<p class=\"elementor-icon-box-description\">\n\t\t\t\t\t\tFATA\t\t\t\t\t<\/p>\n\t\t\t\t\n\t\t\t<\/div>\n\t\t\t\n\t\t<\/div>\n\t\t\t\t\t\t<\/div>\n\t\t\t\t<div class=\"elementor-element elementor-element-227a16e5 elementor-widget elementor-widget-icon-box\" data-id=\"227a16e5\" data-element_type=\"widget\" data-e-type=\"widget\" data-settings=\"{&quot;_animation&quot;:&quot;none&quot;,&quot;_animation_delay&quot;:&quot;500&quot;}\" data-widget_type=\"icon-box.default\">\n\t\t\t\t\t\t\t<div class=\"elementor-icon-box-wrapper\">\n\n\t\t\t\n\t\t\t\t\t\t<div class=\"elementor-icon-box-content\">\n\n\t\t\t\t\t\t\t\t\t<h6 class=\"elementor-icon-box-title\">\n\t\t\t\t\t\t<span  >\n\t\t\t\t\t\t\ti\u015fin kapsam\u0131\t\t\t\t\t\t<\/span>\n\t\t\t\t\t<\/h6>\n\t\t\t\t\n\t\t\t\t\t\t\t\t\t<p class=\"elementor-icon-box-description\">\n\t\t\t\t\t\t\u00c7elik Yap\u0131 \u0130malat\u0131\t\t\t\t\t<\/p>\n\t\t\t\t\n\t\t\t<\/div>\n\t\t\t\n\t\t<\/div>\n\t\t\t\t\t\t<\/div>\n\t\t\t\t<\/div>\n\t\t<div class=\"elementor-element elementor-element-5fdae682 e-flex e-con-boxed e-con e-parent\" data-id=\"5fdae682\" data-element_type=\"container\" data-e-type=\"container\">\n\t\t\t\t\t<div class=\"e-con-inner\">\n\t\t<div class=\"elementor-element elementor-element-64a9c64b e-con-full e-flex e-con e-child\" data-id=\"64a9c64b\" data-element_type=\"container\" data-e-type=\"container\">\n\t\t\t\t<div class=\"elementor-element elementor-element-92a8b36 elementor-widget elementor-widget-gallery\" data-id=\"92a8b36\" data-element_type=\"widget\" data-e-type=\"widget\" data-settings=\"{&quot;columns&quot;:3,&quot;gap&quot;:{&quot;unit&quot;:&quot;px&quot;,&quot;size&quot;:3,&quot;sizes&quot;:[]},&quot;lazyload&quot;:&quot;yes&quot;,&quot;gallery_layout&quot;:&quot;grid&quot;,&quot;columns_tablet&quot;:2,&quot;columns_mobile&quot;:1,&quot;gap_tablet&quot;:{&quot;unit&quot;:&quot;px&quot;,&quot;size&quot;:10,&quot;sizes&quot;:[]},&quot;gap_mobile&quot;:{&quot;unit&quot;:&quot;px&quot;,&quot;size&quot;:10,&quot;sizes&quot;:[]},&quot;link_to&quot;:&quot;file&quot;,&quot;aspect_ratio&quot;:&quot;3:2&quot;,&quot;overlay_background&quot;:&quot;yes&quot;,&quot;content_hover_animation&quot;:&quot;fade-in&quot;}\" data-widget_type=\"gallery.default\">\n\t\t\t\t\t\t\t<div class=\"elementor-gallery__container\">\n\t\t\t\t\t\t\t<a class=\"e-gallery-item elementor-gallery-item elementor-animated-content\" href=\"https:\/\/ronesanscelik.com.tr\/wp-content\/uploads\/2025\/12\/ronesans_celik_stromboly_1_fe4e9b48-1.webp\" data-elementor-open-lightbox=\"yes\" data-elementor-lightbox-slideshow=\"92a8b36\" data-elementor-lightbox-title=\"ro\u0308nesans_c\u0327elik_stromboly_1_fe4e9b48\" data-e-action-hash=\"#elementor-action%3Aaction%3Dlightbox%26settings%3DeyJpZCI6Njk5MCwidXJsIjoiaHR0cHM6XC9cL3JvbmVzYW5zY2VsaWsuY29tLnRyXC93cC1jb250ZW50XC91cGxvYWRzXC8yMDI1XC8xMlwvcm9uZXNhbnNfY2VsaWtfc3Ryb21ib2x5XzFfZmU0ZTliNDgtMS53ZWJwIiwic2xpZGVzaG93IjoiOTJhOGIzNiJ9\">\n\t\t\t\t\t<div class=\"e-gallery-image elementor-gallery-item__image\" data-thumbnail=\"https:\/\/ronesanscelik.com.tr\/wp-content\/uploads\/2025\/12\/ronesans_celik_stromboly_1_fe4e9b48-1-768x560.webp\" data-width=\"768\" data-height=\"560\" aria-label=\"\" role=\"img\" ><\/div>\n\t\t\t\t\t\t\t\t\t\t\t<div class=\"elementor-gallery-item__overlay\"><\/div>\n\t\t\t\t\t\t\t\t\t\t\t\t\t\t<\/a>\n\t\t\t\t\t\t\t<a class=\"e-gallery-item elementor-gallery-item elementor-animated-content\" href=\"https:\/\/ronesanscelik.com.tr\/wp-content\/uploads\/2025\/12\/ronesans_celik_stromboly_2_6d76ef9f-1.webp\" data-elementor-open-lightbox=\"yes\" data-elementor-lightbox-slideshow=\"92a8b36\" data-elementor-lightbox-title=\"ro\u0308nesans_c\u0327elik_stromboly_2_6d76ef9f\" data-e-action-hash=\"#elementor-action%3Aaction%3Dlightbox%26settings%3DeyJpZCI6NzcxMCwidXJsIjoiaHR0cHM6XC9cL3JvbmVzYW5zY2VsaWsuY29tLnRyXC93cC1jb250ZW50XC91cGxvYWRzXC8yMDI1XC8xMlwvcm9uZXNhbnNfY2VsaWtfc3Ryb21ib2x5XzJfNmQ3NmVmOWYtMS53ZWJwIiwic2xpZGVzaG93IjoiOTJhOGIzNiJ9\">\n\t\t\t\t\t<div class=\"e-gallery-image elementor-gallery-item__image\" data-thumbnail=\"https:\/\/ronesanscelik.com.tr\/wp-content\/uploads\/2025\/12\/ronesans_celik_stromboly_2_6d76ef9f-1-768x560.webp\" data-width=\"768\" data-height=\"560\" aria-label=\"\" role=\"img\" ><\/div>\n\t\t\t\t\t\t\t\t\t\t\t<div class=\"elementor-gallery-item__overlay\"><\/div>\n\t\t\t\t\t\t\t\t\t\t\t\t\t\t<\/a>\n\t\t\t\t\t<\/div>\n\t\t\t\t\t<\/div>\n\t\t\t\t<\/div>\n\t\t\t\t\t<\/div>\n\t\t\t\t<\/div>\n\t\t\t\t<\/div>\n\t\t","protected":false},"excerpt":{"rendered":"<p>Stromboli Enerji Santrali lokasyon Tuscany, \u0130talya toplam tonaj 250 Ton m\u00fc\u015fteri FATA i\u015fin kapsam\u0131 \u00c7elik Yap\u0131 \u0130malat\u0131<\/p>\n","protected":false},"author":1,"featured_media":0,"parent":0,"menu_order":0,"comment_status":"closed","ping_status":"closed","template":"","meta":{"footnotes":""},"class_list":["post-7735","page","type-page","status-publish","hentry"],"_links":{"self":[{"href":"https:\/\/ronesanscelik.com.tr\/tr\/wp-json\/wp\/v2\/pages\/7735","targetHints":{"allow":["GET"]}}],"collection":[{"href":"https:\/\/ronesanscelik.com.tr\/tr\/wp-json\/wp\/v2\/pages"}],"about":[{"href":"https:\/\/ronesanscelik.com.tr\/tr\/wp-json\/wp\/v2\/types\/page"}],"author":[{"embeddable":true,"href":"https:\/\/ronesanscelik.com.tr\/tr\/wp-json\/wp\/v2\/users\/1"}],"replies":[{"embeddable":true,"href":"https:\/\/ronesanscelik.com.tr\/tr\/wp-json\/wp\/v2\/comments?post=7735"}],"version-history":[{"count":1,"href":"https:\/\/ronesanscelik.com.tr\/tr\/wp-json\/wp\/v2\/pages\/7735\/revisions"}],"predecessor-version":[{"id":7736,"href":"https:\/\/ronesanscelik.com.tr\/tr\/wp-json\/wp\/v2\/pages\/7735\/revisions\/7736"}],"wp:attachment":[{"href":"https:\/\/ronesanscelik.com.tr\/tr\/wp-json\/wp\/v2\/media?parent=7735"}],"curies":[{"name":"wp","href":"https:\/\/api.w.org\/{rel}","templated":true}]}}