{"id":7728,"date":"2026-01-10T11:13:33","date_gmt":"2026-01-10T11:13:33","guid":{"rendered":"https:\/\/ronesanscelik.com.tr\/istiraklerimiz\/"},"modified":"2026-02-05T13:37:10","modified_gmt":"2026-02-05T13:37:10","slug":"istiraklerimiz","status":"publish","type":"page","link":"https:\/\/ronesanscelik.com.tr\/tr\/istiraklerimiz\/","title":{"rendered":"i\u015ftiraklerimiz"},"content":{"rendered":"\t\t<div data-elementor-type=\"wp-page\" data-elementor-id=\"7728\" class=\"elementor elementor-7728 elementor-4832\" data-elementor-post-type=\"page\">\n\t\t\t\t<div class=\"elementor-element elementor-element-58aed4ef e-flex e-con-boxed e-con e-parent\" data-id=\"58aed4ef\" data-element_type=\"container\" data-e-type=\"container\" data-settings=\"{&quot;background_background&quot;:&quot;classic&quot;}\">\n\t\t\t\t\t<div class=\"e-con-inner\">\n\t\t<div class=\"elementor-element elementor-element-5ffe2651 e-con-full e-flex e-con e-child\" data-id=\"5ffe2651\" data-element_type=\"container\" data-e-type=\"container\">\n\t\t\t\t<div class=\"elementor-element elementor-element-5a4f07ba elementor-widget elementor-widget-heading\" data-id=\"5a4f07ba\" data-element_type=\"widget\" data-e-type=\"widget\" data-settings=\"{&quot;_animation&quot;:&quot;none&quot;}\" data-widget_type=\"heading.default\">\n\t\t\t\t\t<h1 class=\"elementor-heading-title elementor-size-default\">\u0130\u015ftiraklerimiz<\/h1>\t\t\t\t<\/div>\n\t\t\t\t<\/div>\n\t\t\t\t\t<\/div>\n\t\t\t\t<\/div>\n\t\t<div class=\"elementor-element elementor-element-1352e63c e-flex e-con-boxed e-con e-parent\" data-id=\"1352e63c\" data-element_type=\"container\" data-e-type=\"container\" data-settings=\"{&quot;background_background&quot;:&quot;classic&quot;}\">\n\t\t\t\t\t<div class=\"e-con-inner\">\n\t\t<div class=\"elementor-element elementor-element-279236fb e-con-full e-flex e-con e-child\" data-id=\"279236fb\" data-element_type=\"container\" data-e-type=\"container\" data-settings=\"{&quot;animation&quot;:&quot;none&quot;}\">\n\t\t\t\t<div class=\"elementor-element elementor-element-532b9951 elementor-widget__width-initial elementor-widget elementor-widget-heading\" data-id=\"532b9951\" data-element_type=\"widget\" data-e-type=\"widget\" data-widget_type=\"heading.default\">\n\t\t\t\t\t<div class=\"elementor-heading-title elementor-size-default\">[1]<\/div>\t\t\t\t<\/div>\n\t\t<div class=\"elementor-element elementor-element-d94b498 e-con-full e-flex e-con e-child\" data-id=\"d94b498\" data-element_type=\"container\" data-e-type=\"container\">\n\t\t\t\t<div class=\"elementor-element elementor-element-0d5a87a elementor-widget elementor-widget-image\" data-id=\"0d5a87a\" data-element_type=\"widget\" data-e-type=\"widget\" data-widget_type=\"image.default\">\n\t\t\t\t\t\t\t\t\t\t\t\t\t\t\t<img fetchpriority=\"high\" decoding=\"async\" width=\"800\" height=\"231\" src=\"https:\/\/ronesanscelik.com.tr\/wp-content\/uploads\/2026\/01\/ronesans_steel_logo_5683b2d0-1024x296.webp\" class=\"attachment-large size-large wp-image-7712\" alt=\"\" srcset=\"https:\/\/ronesanscelik.com.tr\/wp-content\/uploads\/2026\/01\/ronesans_steel_logo_5683b2d0-1024x296.webp 1024w, https:\/\/ronesanscelik.com.tr\/wp-content\/uploads\/2026\/01\/ronesans_steel_logo_5683b2d0-300x87.webp 300w, https:\/\/ronesanscelik.com.tr\/wp-content\/uploads\/2026\/01\/ronesans_steel_logo_5683b2d0-768x222.webp 768w, https:\/\/ronesanscelik.com.tr\/wp-content\/uploads\/2026\/01\/ronesans_steel_logo_5683b2d0-1536x444.webp 1536w, https:\/\/ronesanscelik.com.tr\/wp-content\/uploads\/2026\/01\/ronesans_steel_logo_5683b2d0-2048x592.webp 2048w\" sizes=\"(max-width: 800px) 100vw, 800px\" \/>\t\t\t\t\t\t\t\t\t\t\t\t\t\t\t<\/div>\n\t\t\t\t<\/div>\n\t\t<div class=\"elementor-element elementor-element-2938ee60 e-con-full e-flex e-con e-child\" data-id=\"2938ee60\" data-element_type=\"container\" data-e-type=\"container\">\n\t\t\t\t<div class=\"elementor-element elementor-element-46f61280 elementor-widget-tablet__width-inherit elementor-widget elementor-widget-heading\" data-id=\"46f61280\" data-element_type=\"widget\" data-e-type=\"widget\" data-widget_type=\"heading.default\">\n\t\t\t\t\t<div class=\"elementor-heading-title elementor-size-default\">Mal\u0131k\u00f6y Anadolu OSB Mah. Anadolu OSB 13. Cad No: 21 Sincan \/ ANKARA<\/div>\t\t\t\t<\/div>\n\t\t\t\t<\/div>\n\t\t\t\t<\/div>\n\t\t<div class=\"elementor-element elementor-element-d57c5e8 e-con-full e-flex e-con e-child\" data-id=\"d57c5e8\" data-element_type=\"container\" data-e-type=\"container\" data-settings=\"{&quot;animation&quot;:&quot;none&quot;}\">\n\t\t\t\t<div class=\"elementor-element elementor-element-312b897 elementor-widget__width-initial elementor-widget elementor-widget-heading\" data-id=\"312b897\" data-element_type=\"widget\" data-e-type=\"widget\" data-widget_type=\"heading.default\">\n\t\t\t\t\t<div class=\"elementor-heading-title elementor-size-default\">[2]<\/div>\t\t\t\t<\/div>\n\t\t\t\t<div class=\"elementor-element elementor-element-6f11390 elementor-widget__width-initial elementor-widget elementor-widget-image\" data-id=\"6f11390\" data-element_type=\"widget\" data-e-type=\"widget\" data-widget_type=\"image.default\">\n\t\t\t\t\t\t\t\t\t\t\t\t\t\t\t<img decoding=\"async\" width=\"800\" height=\"231\" src=\"https:\/\/ronesanscelik.com.tr\/wp-content\/uploads\/2026\/01\/rns_enerji_logo_b27bf77b-1024x296.webp\" class=\"attachment-large size-large wp-image-7713\" alt=\"\" srcset=\"https:\/\/ronesanscelik.com.tr\/wp-content\/uploads\/2026\/01\/rns_enerji_logo_b27bf77b-1024x296.webp 1024w, https:\/\/ronesanscelik.com.tr\/wp-content\/uploads\/2026\/01\/rns_enerji_logo_b27bf77b-300x87.webp 300w, https:\/\/ronesanscelik.com.tr\/wp-content\/uploads\/2026\/01\/rns_enerji_logo_b27bf77b-768x222.webp 768w, https:\/\/ronesanscelik.com.tr\/wp-content\/uploads\/2026\/01\/rns_enerji_logo_b27bf77b-1536x444.webp 1536w, https:\/\/ronesanscelik.com.tr\/wp-content\/uploads\/2026\/01\/rns_enerji_logo_b27bf77b-2048x592.webp 2048w\" sizes=\"(max-width: 800px) 100vw, 800px\" \/>\t\t\t\t\t\t\t\t\t\t\t\t\t\t\t<\/div>\n\t\t<div class=\"elementor-element elementor-element-000d96b e-con-full e-flex e-con e-child\" data-id=\"000d96b\" data-element_type=\"container\" data-e-type=\"container\">\n\t\t\t\t<div class=\"elementor-element elementor-element-92b7404 elementor-widget-tablet__width-inherit elementor-widget elementor-widget-heading\" data-id=\"92b7404\" data-element_type=\"widget\" data-e-type=\"widget\" data-widget_type=\"heading.default\">\n\t\t\t\t\t<div class=\"elementor-heading-title elementor-size-default\">Mal\u0131k\u00f6y Mah. Anadolu OSB 6. Cad. No: 9 Sincan \/ ANKARA<\/div>\t\t\t\t<\/div>\n\t\t\t\t<\/div>\n\t\t\t\t<\/div>\n\t\t<div class=\"elementor-element elementor-element-b9d1b2a e-con-full e-flex e-con e-child\" data-id=\"b9d1b2a\" data-element_type=\"container\" data-e-type=\"container\" data-settings=\"{&quot;animation&quot;:&quot;none&quot;}\">\n\t\t\t\t<div class=\"elementor-element elementor-element-7fb2e55 elementor-widget__width-initial elementor-widget elementor-widget-heading\" data-id=\"7fb2e55\" data-element_type=\"widget\" data-e-type=\"widget\" data-widget_type=\"heading.default\">\n\t\t\t\t\t<div class=\"elementor-heading-title elementor-size-default\">[3]<\/div>\t\t\t\t<\/div>\n\t\t\t\t<div class=\"elementor-element elementor-element-e662dfb elementor-widget__width-initial elementor-widget elementor-widget-image\" data-id=\"e662dfb\" data-element_type=\"widget\" data-e-type=\"widget\" data-widget_type=\"image.default\">\n\t\t\t\t\t\t\t\t\t\t\t\t\t\t\t<img decoding=\"async\" width=\"800\" height=\"231\" src=\"https:\/\/ronesanscelik.com.tr\/wp-content\/uploads\/2026\/01\/luxxmetalsarls_logo_2550683c-1024x296.webp\" class=\"attachment-large size-large wp-image-7714\" alt=\"\" srcset=\"https:\/\/ronesanscelik.com.tr\/wp-content\/uploads\/2026\/01\/luxxmetalsarls_logo_2550683c-1024x296.webp 1024w, https:\/\/ronesanscelik.com.tr\/wp-content\/uploads\/2026\/01\/luxxmetalsarls_logo_2550683c-300x87.webp 300w, https:\/\/ronesanscelik.com.tr\/wp-content\/uploads\/2026\/01\/luxxmetalsarls_logo_2550683c-768x222.webp 768w, https:\/\/ronesanscelik.com.tr\/wp-content\/uploads\/2026\/01\/luxxmetalsarls_logo_2550683c-1536x444.webp 1536w, https:\/\/ronesanscelik.com.tr\/wp-content\/uploads\/2026\/01\/luxxmetalsarls_logo_2550683c-2048x592.webp 2048w\" sizes=\"(max-width: 800px) 100vw, 800px\" \/>\t\t\t\t\t\t\t\t\t\t\t\t\t\t\t<\/div>\n\t\t<div class=\"elementor-element elementor-element-e1307c7 e-con-full e-flex e-con e-child\" data-id=\"e1307c7\" data-element_type=\"container\" data-e-type=\"container\">\n\t\t\t\t<div class=\"elementor-element elementor-element-03a57fc elementor-widget-tablet__width-inherit elementor-widget elementor-widget-heading\" data-id=\"03a57fc\" data-element_type=\"widget\" data-e-type=\"widget\" data-widget_type=\"heading.default\">\n\t\t\t\t\t<div class=\"elementor-heading-title elementor-size-default\">88, rue du Cimetriere L-7313 Heisdorf Luxemburg<\/div>\t\t\t\t<\/div>\n\t\t\t\t<\/div>\n\t\t\t\t<\/div>\n\t\t\t\t\t<\/div>\n\t\t\t\t<\/div>\n\t\t\t\t<\/div>\n\t\t","protected":false},"excerpt":{"rendered":"<p>\u0130\u015ftiraklerimiz [1] Mal\u0131k\u00f6y Anadolu OSB Mah. Anadolu OSB 13. Cad No: 21 Sincan \/ ANKARA [2] Mal\u0131k\u00f6y Mah. Anadolu OSB 6. Cad. No: 9 Sincan \/ ANKARA [3] 88, rue du Cimetriere L-7313 Heisdorf Luxemburg<\/p>\n","protected":false},"author":1,"featured_media":0,"parent":0,"menu_order":0,"comment_status":"closed","ping_status":"closed","template":"","meta":{"footnotes":""},"class_list":["post-7728","page","type-page","status-publish","hentry"],"_links":{"self":[{"href":"https:\/\/ronesanscelik.com.tr\/tr\/wp-json\/wp\/v2\/pages\/7728","targetHints":{"allow":["GET"]}}],"collection":[{"href":"https:\/\/ronesanscelik.com.tr\/tr\/wp-json\/wp\/v2\/pages"}],"about":[{"href":"https:\/\/ronesanscelik.com.tr\/tr\/wp-json\/wp\/v2\/types\/page"}],"author":[{"embeddable":true,"href":"https:\/\/ronesanscelik.com.tr\/tr\/wp-json\/wp\/v2\/users\/1"}],"replies":[{"embeddable":true,"href":"https:\/\/ronesanscelik.com.tr\/tr\/wp-json\/wp\/v2\/comments?post=7728"}],"version-history":[{"count":1,"href":"https:\/\/ronesanscelik.com.tr\/tr\/wp-json\/wp\/v2\/pages\/7728\/revisions"}],"predecessor-version":[{"id":7734,"href":"https:\/\/ronesanscelik.com.tr\/tr\/wp-json\/wp\/v2\/pages\/7728\/revisions\/7734"}],"wp:attachment":[{"href":"https:\/\/ronesanscelik.com.tr\/tr\/wp-json\/wp\/v2\/media?parent=7728"}],"curies":[{"name":"wp","href":"https:\/\/api.w.org\/{rel}","templated":true}]}}