{"id":7721,"date":"2026-01-06T13:14:24","date_gmt":"2026-01-06T13:14:24","guid":{"rendered":"https:\/\/ronesanscelik.com.tr\/celik-yapilar\/"},"modified":"2026-02-05T13:37:10","modified_gmt":"2026-02-05T13:37:10","slug":"celik-yapilar","status":"publish","type":"page","link":"https:\/\/ronesanscelik.com.tr\/tr\/celik-yapilar\/","title":{"rendered":"\u00e7elik yap\u0131lar"},"content":{"rendered":"\t\t<div data-elementor-type=\"wp-page\" data-elementor-id=\"7721\" class=\"elementor elementor-7721 elementor-3817\" data-elementor-post-type=\"page\">\n\t\t\t\t<div class=\"elementor-element elementor-element-42127736 e-flex e-con-boxed e-con e-parent\" data-id=\"42127736\" data-element_type=\"container\" data-e-type=\"container\" data-settings=\"{&quot;background_background&quot;:&quot;classic&quot;}\">\n\t\t\t\t\t<div class=\"e-con-inner\">\n\t\t<div class=\"elementor-element elementor-element-41a20d6f e-con-full e-flex e-con e-child\" data-id=\"41a20d6f\" data-element_type=\"container\" data-e-type=\"container\">\n\t\t\t\t<div class=\"elementor-element elementor-element-e4242d2 elementor-widget elementor-widget-heading\" data-id=\"e4242d2\" data-element_type=\"widget\" data-e-type=\"widget\" data-settings=\"{&quot;_animation&quot;:&quot;none&quot;}\" data-widget_type=\"heading.default\">\n\t\t\t\t\t<h1 class=\"elementor-heading-title elementor-size-default\">\u00c7elik Yap\u0131lar<\/h1>\t\t\t\t<\/div>\n\t\t\t\t<\/div>\n\t\t\t\t\t<\/div>\n\t\t\t\t<\/div>\n\t\t<div class=\"elementor-element elementor-element-42c58829 e-flex e-con-boxed e-con e-parent\" data-id=\"42c58829\" data-element_type=\"container\" data-e-type=\"container\" data-settings=\"{&quot;background_background&quot;:&quot;classic&quot;}\">\n\t\t\t\t\t<div class=\"e-con-inner\">\n\t\t<div class=\"elementor-element elementor-element-41888942 e-con-full e-flex e-con e-child\" data-id=\"41888942\" data-element_type=\"container\" data-e-type=\"container\">\n\t\t<div class=\"elementor-element elementor-element-4885349c e-grid e-con-full e-con e-child\" data-id=\"4885349c\" data-element_type=\"container\" data-e-type=\"container\">\n\t\t<div class=\"elementor-element elementor-element-9ed3615 e-con-full e-flex e-con e-child\" data-id=\"9ed3615\" data-element_type=\"container\" data-e-type=\"container\">\n\t\t<a class=\"elementor-element elementor-element-170d0e90 e-con-full e-flex e-con e-child\" data-id=\"170d0e90\" data-element_type=\"container\" data-e-type=\"container\" data-settings=\"{&quot;background_background&quot;:&quot;classic&quot;,&quot;animation&quot;:&quot;none&quot;}\" href=\"https:\/\/ronesanscelik.com.tr\/tr\/alvarado-kampi\/\">\n\t\t<div class=\"elementor-element elementor-element-391b8d56 e-con-full e-flex e-con e-child\" data-id=\"391b8d56\" data-element_type=\"container\" data-e-type=\"container\">\n\t\t\t\t<\/div>\n\t\t<div class=\"elementor-element elementor-element-61a6c44a e-con-full e-flex e-con e-child\" data-id=\"61a6c44a\" data-element_type=\"container\" data-e-type=\"container\">\n\t\t\t\t<div class=\"elementor-element elementor-element-2a32bb23 elementor-widget__width-initial elementor-widget elementor-widget-image-box\" data-id=\"2a32bb23\" data-element_type=\"widget\" data-e-type=\"widget\" data-widget_type=\"image-box.default\">\n\t\t\t\t\t<div class=\"elementor-image-box-wrapper\"><div class=\"elementor-image-box-content\"><h5 class=\"elementor-image-box-title\">Alvarado Kamp\u0131<\/h5><p class=\"elementor-image-box-description\">Kabul, Afganistan<\/p><\/div><\/div>\t\t\t\t<\/div>\n\t\t\t\t<\/div>\n\t\t\t\t<\/a>\n\t\t\t\t<\/div>\n\t\t<div class=\"elementor-element elementor-element-39b65e32 e-con-full e-flex e-con e-child\" data-id=\"39b65e32\" data-element_type=\"container\" data-e-type=\"container\">\n\t\t<a class=\"elementor-element elementor-element-6b2bc6b5 e-con-full e-flex e-con e-child\" data-id=\"6b2bc6b5\" data-element_type=\"container\" data-e-type=\"container\" data-settings=\"{&quot;background_background&quot;:&quot;classic&quot;,&quot;animation&quot;:&quot;none&quot;,&quot;animation_delay&quot;:&quot;250&quot;}\" href=\"https:\/\/ronesanscelik.com.tr\/tr\/paraguay-kamp-binasi\/\">\n\t\t<div class=\"elementor-element elementor-element-2941dd60 e-con-full e-flex e-con e-child\" data-id=\"2941dd60\" data-element_type=\"container\" data-e-type=\"container\">\n\t\t\t\t<\/div>\n\t\t<div class=\"elementor-element elementor-element-5c4331b5 e-con-full e-flex e-con e-child\" data-id=\"5c4331b5\" data-element_type=\"container\" data-e-type=\"container\">\n\t\t\t\t<div class=\"elementor-element elementor-element-763210ff elementor-widget__width-initial elementor-widget elementor-widget-image-box\" data-id=\"763210ff\" data-element_type=\"widget\" data-e-type=\"widget\" data-widget_type=\"image-box.default\">\n\t\t\t\t\t<div class=\"elementor-image-box-wrapper\"><div class=\"elementor-image-box-content\"><h5 class=\"elementor-image-box-title\">Kamp Binas\u0131<\/h5><p class=\"elementor-image-box-description\">Paraguay<\/p><\/div><\/div>\t\t\t\t<\/div>\n\t\t\t\t<\/div>\n\t\t\t\t<\/a>\n\t\t\t\t<\/div>\n\t\t<div class=\"elementor-element elementor-element-205107f8 e-con-full e-flex e-con e-child\" data-id=\"205107f8\" data-element_type=\"container\" data-e-type=\"container\">\n\t\t<a class=\"elementor-element elementor-element-59a090bd e-con-full e-flex e-con e-child\" data-id=\"59a090bd\" data-element_type=\"container\" data-e-type=\"container\" data-settings=\"{&quot;background_background&quot;:&quot;classic&quot;,&quot;animation&quot;:&quot;none&quot;,&quot;animation_delay&quot;:&quot;500&quot;}\" href=\"https:\/\/ronesanscelik.com.tr\/tr\/gubre-fabrikasi\/\">\n\t\t<div class=\"elementor-element elementor-element-6e866444 e-con-full e-flex e-con e-child\" data-id=\"6e866444\" data-element_type=\"container\" data-e-type=\"container\">\n\t\t\t\t<\/div>\n\t\t<div class=\"elementor-element elementor-element-76bb9af4 e-con-full e-flex e-con e-child\" data-id=\"76bb9af4\" data-element_type=\"container\" data-e-type=\"container\">\n\t\t\t\t<div class=\"elementor-element elementor-element-704d2404 elementor-widget__width-initial elementor-widget elementor-widget-image-box\" data-id=\"704d2404\" data-element_type=\"widget\" data-e-type=\"widget\" data-widget_type=\"image-box.default\">\n\t\t\t\t\t<div class=\"elementor-image-box-wrapper\"><div class=\"elementor-image-box-content\"><h5 class=\"elementor-image-box-title\">G\u00fcbre Fabrikas\u0131<\/h5><p class=\"elementor-image-box-description\">Bolu, T\u00fcrkiye<\/p><\/div><\/div>\t\t\t\t<\/div>\n\t\t\t\t<\/div>\n\t\t\t\t<\/a>\n\t\t\t\t<\/div>\n\t\t<div class=\"elementor-element elementor-element-e1eb68a e-con-full e-flex e-con e-child\" data-id=\"e1eb68a\" data-element_type=\"container\" data-e-type=\"container\" data-settings=\"{&quot;animation&quot;:&quot;none&quot;}\">\n\t\t<a class=\"elementor-element elementor-element-a41a8a9 e-con-full e-flex e-con e-child\" data-id=\"a41a8a9\" data-element_type=\"container\" data-e-type=\"container\" data-settings=\"{&quot;background_background&quot;:&quot;classic&quot;}\" href=\"https:\/\/ronesanscelik.com.tr\/tr\/dakka-buyukelciligi\/\">\n\t\t<div class=\"elementor-element elementor-element-fffbb6a e-con-full e-flex e-con e-child\" data-id=\"fffbb6a\" data-element_type=\"container\" data-e-type=\"container\">\n\t\t\t\t<\/div>\n\t\t<div class=\"elementor-element elementor-element-77511ff1 e-con-full e-flex e-con e-child\" data-id=\"77511ff1\" data-element_type=\"container\" data-e-type=\"container\">\n\t\t\t\t<div class=\"elementor-element elementor-element-261b20cd elementor-widget__width-initial elementor-widget elementor-widget-image-box\" data-id=\"261b20cd\" data-element_type=\"widget\" data-e-type=\"widget\" data-widget_type=\"image-box.default\">\n\t\t\t\t\t<div class=\"elementor-image-box-wrapper\"><div class=\"elementor-image-box-content\"><h5 class=\"elementor-image-box-title\">Dakka B\u00fcy\u00fckel\u00e7ili\u011fi<\/h5><p class=\"elementor-image-box-description\">Dakka, Banglade\u015f<\/p><\/div><\/div>\t\t\t\t<\/div>\n\t\t\t\t<\/div>\n\t\t\t\t<\/a>\n\t\t\t\t<\/div>\n\t\t<div class=\"elementor-element elementor-element-3ed8292 e-con-full e-flex e-con e-child\" data-id=\"3ed8292\" data-element_type=\"container\" data-e-type=\"container\" data-settings=\"{&quot;animation&quot;:&quot;none&quot;}\">\n\t\t<a class=\"elementor-element elementor-element-6e00c2c e-con-full e-flex e-con e-child\" data-id=\"6e00c2c\" data-element_type=\"container\" data-e-type=\"container\" data-settings=\"{&quot;background_background&quot;:&quot;classic&quot;}\" href=\"https:\/\/ronesanscelik.com.tr\/water-garden\/\">\n\t\t<div class=\"elementor-element elementor-element-979345c e-con-full e-flex e-con e-child\" data-id=\"979345c\" data-element_type=\"container\" data-e-type=\"container\">\n\t\t\t\t<\/div>\n\t\t<div class=\"elementor-element elementor-element-bcd0537 e-con-full e-flex e-con e-child\" data-id=\"bcd0537\" data-element_type=\"container\" data-e-type=\"container\">\n\t\t\t\t<div class=\"elementor-element elementor-element-11db366 elementor-widget__width-initial elementor-widget elementor-widget-image-box\" data-id=\"11db366\" data-element_type=\"widget\" data-e-type=\"widget\" data-widget_type=\"image-box.default\">\n\t\t\t\t\t<div class=\"elementor-image-box-wrapper\"><div class=\"elementor-image-box-content\"><h5 class=\"elementor-image-box-title\">Water Garden Al\u0131\u015fveri\u015f Merkezi<\/h5><p class=\"elementor-image-box-description\">\u0130stanbul, T\u00fcrkiye<\/p><\/div><\/div>\t\t\t\t<\/div>\n\t\t\t\t<\/div>\n\t\t\t\t<\/a>\n\t\t\t\t<\/div>\n\t\t<div class=\"elementor-element elementor-element-115e0ab e-con-full e-flex e-con e-child\" data-id=\"115e0ab\" data-element_type=\"container\" data-e-type=\"container\" data-settings=\"{&quot;animation&quot;:&quot;none&quot;}\">\n\t\t<a class=\"elementor-element elementor-element-8e21c35 e-con-full e-flex e-con e-child\" data-id=\"8e21c35\" data-element_type=\"container\" data-e-type=\"container\" data-settings=\"{&quot;background_background&quot;:&quot;classic&quot;}\" href=\"https:\/\/ronesanscelik.com.tr\/tr\/gimsa\/\">\n\t\t<div class=\"elementor-element elementor-element-7a051b2 e-con-full e-flex e-con e-child\" data-id=\"7a051b2\" data-element_type=\"container\" data-e-type=\"container\">\n\t\t\t\t<\/div>\n\t\t<div class=\"elementor-element elementor-element-3fc8358 e-con-full e-flex e-con e-child\" data-id=\"3fc8358\" data-element_type=\"container\" data-e-type=\"container\">\n\t\t\t\t<div class=\"elementor-element elementor-element-4937519 elementor-widget__width-initial elementor-widget elementor-widget-image-box\" data-id=\"4937519\" data-element_type=\"widget\" data-e-type=\"widget\" data-widget_type=\"image-box.default\">\n\t\t\t\t\t<div class=\"elementor-image-box-wrapper\"><div class=\"elementor-image-box-content\"><h5 class=\"elementor-image-box-title\">GIMSA Al\u0131\u015fveri\u015f Merkezi<\/h5><p class=\"elementor-image-box-description\">Ankara, T\u00fcrkiye<\/p><\/div><\/div>\t\t\t\t<\/div>\n\t\t\t\t<\/div>\n\t\t\t\t<\/a>\n\t\t\t\t<\/div>\n\t\t<div class=\"elementor-element elementor-element-4a82d0c e-con-full e-flex e-con e-child\" data-id=\"4a82d0c\" data-element_type=\"container\" data-e-type=\"container\" data-settings=\"{&quot;animation&quot;:&quot;none&quot;}\">\n\t\t<a class=\"elementor-element elementor-element-92817c0 e-con-full e-flex e-con e-child\" data-id=\"92817c0\" data-element_type=\"container\" data-e-type=\"container\" data-settings=\"{&quot;background_background&quot;:&quot;classic&quot;}\" href=\"https:\/\/ronesanscelik.com.tr\/tr\/kamp-binasi-kazakistan\/\">\n\t\t<div class=\"elementor-element elementor-element-8e45369 e-con-full e-flex e-con e-child\" data-id=\"8e45369\" data-element_type=\"container\" data-e-type=\"container\">\n\t\t\t\t<\/div>\n\t\t<div class=\"elementor-element elementor-element-f9c7f2b e-con-full e-flex e-con e-child\" data-id=\"f9c7f2b\" data-element_type=\"container\" data-e-type=\"container\">\n\t\t\t\t<div class=\"elementor-element elementor-element-daace4f elementor-widget__width-initial elementor-widget elementor-widget-image-box\" data-id=\"daace4f\" data-element_type=\"widget\" data-e-type=\"widget\" data-widget_type=\"image-box.default\">\n\t\t\t\t\t<div class=\"elementor-image-box-wrapper\"><div class=\"elementor-image-box-content\"><h5 class=\"elementor-image-box-title\">Kamp Binas\u0131<\/h5><p class=\"elementor-image-box-description\">Kazakistan<\/p><\/div><\/div>\t\t\t\t<\/div>\n\t\t\t\t<\/div>\n\t\t\t\t<\/a>\n\t\t\t\t<\/div>\n\t\t<div class=\"elementor-element elementor-element-c1db8f1 e-con-full e-flex e-con e-child\" data-id=\"c1db8f1\" data-element_type=\"container\" data-e-type=\"container\" data-settings=\"{&quot;animation&quot;:&quot;none&quot;}\">\n\t\t<a class=\"elementor-element elementor-element-6776f5f e-con-full e-flex e-con e-child\" data-id=\"6776f5f\" data-element_type=\"container\" data-e-type=\"container\" data-settings=\"{&quot;background_background&quot;:&quot;classic&quot;}\" href=\"https:\/\/ronesanscelik.com.tr\/tr\/sierra-leone-buyukelciligi\/\">\n\t\t<div class=\"elementor-element elementor-element-2a6fc49 e-con-full e-flex e-con e-child\" data-id=\"2a6fc49\" data-element_type=\"container\" data-e-type=\"container\">\n\t\t\t\t<\/div>\n\t\t<div class=\"elementor-element elementor-element-1c4e88f e-con-full e-flex e-con e-child\" data-id=\"1c4e88f\" data-element_type=\"container\" data-e-type=\"container\">\n\t\t\t\t<div class=\"elementor-element elementor-element-2d91d60 elementor-widget__width-initial elementor-widget elementor-widget-image-box\" data-id=\"2d91d60\" data-element_type=\"widget\" data-e-type=\"widget\" data-widget_type=\"image-box.default\">\n\t\t\t\t\t<div class=\"elementor-image-box-wrapper\"><div class=\"elementor-image-box-content\"><h5 class=\"elementor-image-box-title\">Sierra Leone B\u00fcy\u00fckel\u00e7ili\u011fi<\/h5><p class=\"elementor-image-box-description\">Sierra Leone<\/p><\/div><\/div>\t\t\t\t<\/div>\n\t\t\t\t<\/div>\n\t\t\t\t<\/a>\n\t\t\t\t<\/div>\n\t\t<div class=\"elementor-element elementor-element-944171f e-con-full e-flex e-con e-child\" data-id=\"944171f\" data-element_type=\"container\" data-e-type=\"container\" data-settings=\"{&quot;animation&quot;:&quot;none&quot;}\">\n\t\t<a class=\"elementor-element elementor-element-93b9000 e-con-full e-flex e-con e-child\" data-id=\"93b9000\" data-element_type=\"container\" data-e-type=\"container\" data-settings=\"{&quot;background_background&quot;:&quot;classic&quot;}\" href=\"https:\/\/ronesanscelik.com.tr\/tr\/dokumhane\/\">\n\t\t<div class=\"elementor-element elementor-element-48f5f50 e-con-full e-flex e-con e-child\" data-id=\"48f5f50\" data-element_type=\"container\" data-e-type=\"container\">\n\t\t\t\t<\/div>\n\t\t<div class=\"elementor-element elementor-element-300baca e-con-full e-flex e-con e-child\" data-id=\"300baca\" data-element_type=\"container\" data-e-type=\"container\">\n\t\t\t\t<div class=\"elementor-element elementor-element-081a3ee elementor-widget__width-initial elementor-widget elementor-widget-image-box\" data-id=\"081a3ee\" data-element_type=\"widget\" data-e-type=\"widget\" data-widget_type=\"image-box.default\">\n\t\t\t\t\t<div class=\"elementor-image-box-wrapper\"><div class=\"elementor-image-box-content\"><h5 class=\"elementor-image-box-title\">D\u00f6k\u00fcmhane<\/h5><p class=\"elementor-image-box-description\">Ankara, T\u00fcrkiye<\/p><\/div><\/div>\t\t\t\t<\/div>\n\t\t\t\t<\/div>\n\t\t\t\t<\/a>\n\t\t\t\t<\/div>\n\t\t\t\t<\/div>\n\t\t\t\t<\/div>\n\t\t\t\t\t<\/div>\n\t\t\t\t<\/div>\n\t\t\t\t<\/div>\n\t\t","protected":false},"excerpt":{"rendered":"<p>\u00c7elik Yap\u0131lar Alvarado Kamp\u0131 Kabul, Afganistan Kamp Binas\u0131 Paraguay G\u00fcbre Fabrikas\u0131 Bolu, T\u00fcrkiye Dakka B\u00fcy\u00fckel\u00e7ili\u011fi Dakka, Banglade\u015f Water Garden Al\u0131\u015fveri\u015f Merkezi \u0130stanbul, T\u00fcrkiye GIMSA Al\u0131\u015fveri\u015f Merkezi Ankara, T\u00fcrkiye Kamp Binas\u0131 Kazakistan Sierra Leone B\u00fcy\u00fckel\u00e7ili\u011fi Sierra Leone D\u00f6k\u00fcmhane Ankara, T\u00fcrkiye<\/p>\n","protected":false},"author":1,"featured_media":0,"parent":0,"menu_order":0,"comment_status":"closed","ping_status":"closed","template":"","meta":{"footnotes":""},"class_list":["post-7721","page","type-page","status-publish","hentry"],"_links":{"self":[{"href":"https:\/\/ronesanscelik.com.tr\/tr\/wp-json\/wp\/v2\/pages\/7721","targetHints":{"allow":["GET"]}}],"collection":[{"href":"https:\/\/ronesanscelik.com.tr\/tr\/wp-json\/wp\/v2\/pages"}],"about":[{"href":"https:\/\/ronesanscelik.com.tr\/tr\/wp-json\/wp\/v2\/types\/page"}],"author":[{"embeddable":true,"href":"https:\/\/ronesanscelik.com.tr\/tr\/wp-json\/wp\/v2\/users\/1"}],"replies":[{"embeddable":true,"href":"https:\/\/ronesanscelik.com.tr\/tr\/wp-json\/wp\/v2\/comments?post=7721"}],"version-history":[{"count":1,"href":"https:\/\/ronesanscelik.com.tr\/tr\/wp-json\/wp\/v2\/pages\/7721\/revisions"}],"predecessor-version":[{"id":7725,"href":"https:\/\/ronesanscelik.com.tr\/tr\/wp-json\/wp\/v2\/pages\/7721\/revisions\/7725"}],"wp:attachment":[{"href":"https:\/\/ronesanscelik.com.tr\/tr\/wp-json\/wp\/v2\/media?parent=7721"}],"curies":[{"name":"wp","href":"https:\/\/api.w.org\/{rel}","templated":true}]}}