{"id":7595,"date":"2026-01-10T11:37:07","date_gmt":"2026-01-10T11:37:07","guid":{"rendered":"https:\/\/ronesanscelik.com.tr\/kalite-politikasi\/"},"modified":"2026-02-05T13:00:39","modified_gmt":"2026-02-05T13:00:39","slug":"kalite-politikasi","status":"publish","type":"page","link":"https:\/\/ronesanscelik.com.tr\/tr\/kalite-politikasi\/","title":{"rendered":"kalite politikas\u0131"},"content":{"rendered":"\t\t<div data-elementor-type=\"wp-page\" data-elementor-id=\"7595\" class=\"elementor elementor-7595 elementor-4845\" data-elementor-post-type=\"page\">\n\t\t\t\t<div class=\"elementor-element elementor-element-5c4d25b7 e-flex e-con-boxed e-con e-parent\" data-id=\"5c4d25b7\" data-element_type=\"container\" data-e-type=\"container\" data-settings=\"{&quot;background_background&quot;:&quot;classic&quot;}\">\n\t\t\t\t\t<div class=\"e-con-inner\">\n\t\t<div class=\"elementor-element elementor-element-2b0a7fed e-con-full e-flex e-con e-child\" data-id=\"2b0a7fed\" data-element_type=\"container\" data-e-type=\"container\">\n\t\t\t\t<div class=\"elementor-element elementor-element-7b0bdbda elementor-widget elementor-widget-heading\" data-id=\"7b0bdbda\" data-element_type=\"widget\" data-e-type=\"widget\" data-settings=\"{&quot;_animation&quot;:&quot;none&quot;}\" data-widget_type=\"heading.default\">\n\t\t\t\t\t<h1 class=\"elementor-heading-title elementor-size-default\">Kalite<\/h1>\t\t\t\t<\/div>\n\t\t\t\t<\/div>\n\t\t\t\t\t<\/div>\n\t\t\t\t<\/div>\n\t\t<div class=\"elementor-element elementor-element-7ce9914b e-flex e-con-boxed e-con e-parent\" data-id=\"7ce9914b\" data-element_type=\"container\" data-e-type=\"container\">\n\t\t\t\t\t<div class=\"e-con-inner\">\n\t\t<div class=\"elementor-element elementor-element-6a2669c5 e-con-full e-flex e-con e-child\" data-id=\"6a2669c5\" data-element_type=\"container\" data-e-type=\"container\">\n\t\t<div class=\"elementor-element elementor-element-42c70345 e-con-full e-flex e-con e-child\" data-id=\"42c70345\" data-element_type=\"container\" data-e-type=\"container\">\n\t\t<div class=\"elementor-element elementor-element-30e9bde e-con-full e-flex e-con e-child\" data-id=\"30e9bde\" data-element_type=\"container\" data-e-type=\"container\">\n\t\t\t\t<div class=\"elementor-element elementor-element-2b6a5d6a elementor-widget-tablet__width-initial elementor-widget elementor-widget-text-editor\" data-id=\"2b6a5d6a\" data-element_type=\"widget\" data-e-type=\"widget\" data-settings=\"{&quot;_animation&quot;:&quot;none&quot;}\" data-widget_type=\"text-editor.default\">\n\t\t\t\t\t\t\t\t\t<p>R\u00f6nesans \u00c7elik, ulusal ve uluslararas\u0131 d\u00fczeyde yap\u0131sal \u00e7elik ve end\u00fcstriyel tesislerin tasar\u0131m\u0131, imalat\u0131, in\u015fas\u0131 ve montaj\u0131 ile u\u011fra\u015fmaktad\u0131r.<\/p><p>R\u00f6nesans \u00c7elik&#8217;in t\u00fcm ulusal ve uluslararas\u0131 faaliyetlerinde y\u00fcksek kalite standartlar\u0131na ula\u015fmak ve m\u00fc\u015fteri memnuniyetini sa\u011flamak, i\u015f hedeflerimizin ayr\u0131lmaz bir par\u00e7as\u0131d\u0131r.<\/p><p>Sonu\u00e7 olarak, R\u00f6nesans \u00c7elik, kurumsal kalite y\u00f6netimi i\u00e7in k\u0131lavuz olarak ISO 9001\/2015 standard\u0131na uygun bir Kalite Y\u00f6netim Sistemi uygulamaktad\u0131r. Bu Kalite Y\u00f6netim Sistemi, R\u00f6nesans \u00c7elik&#8217;in ulusal ve uluslararas\u0131 pazarlardaki rekabet g\u00fcc\u00fcn\u00fc art\u0131rmaya odaklanmaktad\u0131r. Bu Politikay\u0131, ilgili Kalite Hedeflerini ve bunlar\u0131n uygulanmas\u0131na y\u00f6nelik sonraki eylemleri, ilgili kaynaklar\u0131n tahsisi dahil olmak \u00fczere, tan\u0131mlama sorumlulu\u011fu R\u00f6nesans \u00c7elik&#8217;in \u00dcst Y\u00f6netimine verilmi\u015ftir.<\/p><p>R\u00f6nesans \u00c7elik Kalite Y\u00f6netim Departman\u0131, Kalite Y\u00f6netim Sisteminin geli\u015ftirilmesi ve uygulanmas\u0131nda \u015eirket taraf\u0131ndan belirlenen \u00dcst Y\u00f6netim ve S\u00fcre\u00e7 Y\u00f6neticilerini desteklemek ve belirlenen hedefler do\u011frultusunda ilgili s\u00fcre\u00e7lerde elde edilen sonu\u00e7lar\u0131 uygun \u015fekilde izlemekle sorumludur.<\/p><p>T\u00fcm R\u00f6nesans \u00c7elik personeli, kendi i\u015fleri ile ilgili olarak Kalite Y\u00f6netim Sisteminin uygulanmas\u0131na ve etkinli\u011fine katk\u0131da bulunmaya \u00e7a\u011fr\u0131lmaktad\u0131r.<\/p>\t\t\t\t\t\t\t\t<\/div>\n\t\t\t\t<div class=\"elementor-element elementor-element-4fd730af elementor-widget elementor-widget-button\" data-id=\"4fd730af\" data-element_type=\"widget\" data-e-type=\"widget\" data-settings=\"{&quot;_animation&quot;:&quot;none&quot;}\" data-widget_type=\"button.default\">\n\t\t\t\t\t\t\t\t\t\t<a class=\"elementor-button elementor-button-link elementor-size-sm\" href=\"https:\/\/ronesanscelik.com.tr\/tr\/bize-ulasin\/\">\n\t\t\t\t\t\t<span class=\"elementor-button-content-wrapper\">\n\t\t\t\t\t\t<span class=\"elementor-button-icon\">\n\t\t\t\t<svg class=\"ekit-svg-icon icon-right-arrow\" viewBox=\"0 0 32 32\" xmlns=\"http:\/\/www.w3.org\/2000\/svg\"><path d=\"M21.548 5.088c-0.436-0.451-1.162-0.451-1.613 0-0.436 0.436-0.436 1.162 0 1.596l8.177 8.177h-26.984c-0.629 0.001-1.129 0.501-1.129 1.13s0.5 1.145 1.129 1.145h26.984l-8.177 8.162c-0.436 0.451-0.436 1.178 0 1.613 0.451 0.451 1.178 0.451 1.613 0l10.113-10.113c0.451-0.436 0.451-1.162 0-1.596l-10.113-10.114z\"><\/path><\/svg>\t\t\t<\/span>\n\t\t\t\t\t\t\t\t\t<span class=\"elementor-button-text\">bize ula\u015f\u0131n<\/span>\n\t\t\t\t\t<\/span>\n\t\t\t\t\t<\/a>\n\t\t\t\t\t\t\t\t<\/div>\n\t\t\t\t<\/div>\n\t\t\t\t<div class=\"elementor-element elementor-element-375e16fb elementor-widget__width-initial elementor-widget-tablet__width-inherit elementor-widget elementor-widget-n-accordion\" data-id=\"375e16fb\" data-element_type=\"widget\" data-e-type=\"widget\" data-settings=\"{&quot;default_state&quot;:&quot;all_collapsed&quot;,&quot;_animation&quot;:&quot;none&quot;,&quot;_animation_delay&quot;:&quot;250&quot;,&quot;max_items_expended&quot;:&quot;one&quot;,&quot;n_accordion_animation_duration&quot;:{&quot;unit&quot;:&quot;ms&quot;,&quot;size&quot;:400,&quot;sizes&quot;:[]}}\" data-widget_type=\"nested-accordion.default\">\n\t\t\t\t\t\t\t<div class=\"e-n-accordion\" aria-label=\"Accordion. Open links with Enter or Space, close with Escape, and navigate with Arrow Keys\">\n\t\t\t\t\t\t<details id=\"e-n-accordion-item-9280\" class=\"e-n-accordion-item\" >\n\t\t\t\t<summary class=\"e-n-accordion-item-title\" data-accordion-index=\"1\" tabindex=\"0\" aria-expanded=\"false\" aria-controls=\"e-n-accordion-item-9280\" >\n\t\t\t\t\t<span class='e-n-accordion-item-title-header'><div class=\"e-n-accordion-item-title-text\"> R\u00f6nesans \u00c7elik, Kalite Politikas\u0131n\u0131 a\u015fa\u011f\u0131daki ilkelere dayand\u0131rmaktad\u0131r: <\/div><\/span>\n\t\t\t\t\t\t\t<span class='e-n-accordion-item-title-icon'>\n\t\t\t<span class='e-opened' ><svg class=\"ekit-svg-icon icon-minus\" viewBox=\"0 0 32 32\" xmlns=\"http:\/\/www.w3.org\/2000\/svg\"><path d=\"M0 15.345h32v2.11h-32v-2.11z\"><\/path><\/svg><\/span>\n\t\t\t<span class='e-closed'><svg class=\"ekit-svg-icon icon-plus\" viewBox=\"0 0 32 32\" xmlns=\"http:\/\/www.w3.org\/2000\/svg\"><path d=\"M32 15.345h-14.945v-14.945h-2.11v14.945h-14.945v2.11h14.945v14.945h2.11v-14.945h14.945z\"><\/path><\/svg><\/span>\n\t\t<\/span>\n\n\t\t\t\t\t\t<\/summary>\n\t\t\t\t<div role=\"region\" aria-labelledby=\"e-n-accordion-item-9280\" class=\"elementor-element elementor-element-2d69a82f e-con-full e-flex e-con e-child\" data-id=\"2d69a82f\" data-element_type=\"container\" data-e-type=\"container\">\n\t\t\t\t<div class=\"elementor-element elementor-element-35fbcb07 elementor-widget elementor-widget-text-editor\" data-id=\"35fbcb07\" data-element_type=\"widget\" data-e-type=\"widget\" data-widget_type=\"text-editor.default\">\n\t\t\t\t\t\t\t\t\t<ul><li>Devam eden projelerin gereksinimlerini belirleyerek ve bunlara sayg\u0131 g\u00f6stererek m\u00fc\u015fterilerin ve Renaissance Steel \u00e7\u00f6z\u00fcm ortaklar\u0131n\u0131n memnuniyetini sa\u011flamak;<\/li><li>Sonu\u00e7lar\u0131n kalitesinin, t\u00fcm organizasyonu kapsayan \u00fcretim s\u00fcrecinin etkinli\u011fi, verimlili\u011fi ve kontrol\u00fcne ba\u011fl\u0131 oldu\u011funun fark\u0131nda olmak;<\/li><li>Compliance with applicable mandatory regulations, technical standards, and technical requirements stipulated in the contract;<\/li><li>Sat\u0131n al\u0131nan projeleri, sa\u011flanan gereksinimlere uygun olarak, kararla\u015ft\u0131r\u0131lan zaman dilimleri ve b\u00fct\u00e7e dahilinde, sa\u011flanan kalite d\u00fczeyinden \u00f6d\u00fcn vermeden veya etkilemeden y\u00fcr\u00fctmek.<\/li><\/ul>\t\t\t\t\t\t\t\t<\/div>\n\t\t\t\t<\/div>\n\t\t\t\t\t<\/details>\n\t\t\t\t\t\t<details id=\"e-n-accordion-item-9281\" class=\"e-n-accordion-item\" >\n\t\t\t\t<summary class=\"e-n-accordion-item-title\" data-accordion-index=\"2\" tabindex=\"-1\" aria-expanded=\"false\" aria-controls=\"e-n-accordion-item-9281\" >\n\t\t\t\t\t<span class='e-n-accordion-item-title-header'><div class=\"e-n-accordion-item-title-text\"> A\u015fa\u011f\u0131daki faaliyetler, bu politikan\u0131n ayr\u0131lmaz ve temel bir par\u00e7as\u0131 olarak kabul edilir: <\/div><\/span>\n\t\t\t\t\t\t\t<span class='e-n-accordion-item-title-icon'>\n\t\t\t<span class='e-opened' ><svg class=\"ekit-svg-icon icon-minus\" viewBox=\"0 0 32 32\" xmlns=\"http:\/\/www.w3.org\/2000\/svg\"><path d=\"M0 15.345h32v2.11h-32v-2.11z\"><\/path><\/svg><\/span>\n\t\t\t<span class='e-closed'><svg class=\"ekit-svg-icon icon-plus\" viewBox=\"0 0 32 32\" xmlns=\"http:\/\/www.w3.org\/2000\/svg\"><path d=\"M32 15.345h-14.945v-14.945h-2.11v14.945h-14.945v2.11h14.945v14.945h2.11v-14.945h14.945z\"><\/path><\/svg><\/span>\n\t\t<\/span>\n\n\t\t\t\t\t\t<\/summary>\n\t\t\t\t<div role=\"region\" aria-labelledby=\"e-n-accordion-item-9281\" class=\"elementor-element elementor-element-d4fadc8 e-con-full e-flex e-con e-child\" data-id=\"d4fadc8\" data-element_type=\"container\" data-e-type=\"container\">\n\t\t\t\t<div class=\"elementor-element elementor-element-463a15c5 elementor-widget elementor-widget-text-editor\" data-id=\"463a15c5\" data-element_type=\"widget\" data-e-type=\"widget\" data-widget_type=\"text-editor.default\">\n\t\t\t\t\t\t\t\t\t<ul><li>Kalite Y\u00f6netim Sisteminin planlanmas\u0131 ve uygulanmas\u0131 ile risklerin ve f\u0131rsatlar\u0131n belirlenmesi yoluyla \u015firket performans\u0131n\u0131n s\u00fcrekli iyile\u015ftirilmesi;<\/li><li>T\u00fcm geri bildirimleri ve deneyimleri toplamak, i\u015flemek, dosyalamak ve kurumsal organizasyon i\u00e7inde ilgili kademelere raporlamak;<\/li><li>\u015eirket personelini Kalite Y\u00f6netim Sisteminin ilkeleri ve ara\u00e7lar\u0131 konusunda e\u011fitmek ve politikalar\u0131 ve hedefleri organizasyonun uygun kademelerine iletmek;<\/li><li>Kalite Y\u00f6netim Sisteminin yeterlili\u011fini de\u011ferlendirmek ve s\u00fcrekli iyile\u015ftirmeyi sa\u011flamak i\u00e7in eksiklikleri belirlemek \u00fczere etkili bir i\u00e7 denetim sistemi planlamak ve uygulamak;<\/li><li>Elde edilen sonu\u00e7lar \u0131\u015f\u0131\u011f\u0131nda kalite hedeflerini ele\u015ftirel bir \u015fekilde de\u011ferlendirin ve \u00f6l\u00e7\u00fcmlerden elde edilen verilere dayal\u0131 olarak yeni hedefler belirleyin.<\/li><\/ul>\t\t\t\t\t\t\t\t<\/div>\n\t\t\t\t<\/div>\n\t\t\t\t\t<\/details>\n\t\t\t\t\t<\/div>\n\t\t\t\t\t\t<\/div>\n\t\t\t\t<\/div>\n\t\t\t\t<\/div>\n\t\t\t\t\t<\/div>\n\t\t\t\t<\/div>\n\t\t\t\t<\/div>\n\t\t","protected":false},"excerpt":{"rendered":"<p>Kalite R\u00f6nesans \u00c7elik, ulusal ve uluslararas\u0131 d\u00fczeyde yap\u0131sal \u00e7elik ve end\u00fcstriyel tesislerin tasar\u0131m\u0131, imalat\u0131, in\u015fas\u0131 ve montaj\u0131 ile u\u011fra\u015fmaktad\u0131r. R\u00f6nesans \u00c7elik&#8217;in t\u00fcm ulusal ve uluslararas\u0131 faaliyetlerinde y\u00fcksek kalite standartlar\u0131na ula\u015fmak ve m\u00fc\u015fteri memnuniyetini sa\u011flamak, i\u015f hedeflerimizin ayr\u0131lmaz bir par\u00e7as\u0131d\u0131r. Sonu\u00e7 olarak, R\u00f6nesans \u00c7elik, kurumsal kalite y\u00f6netimi i\u00e7in k\u0131lavuz olarak ISO 9001\/2015 standard\u0131na uygun bir Kalite [&hellip;]<\/p>\n","protected":false},"author":1,"featured_media":0,"parent":0,"menu_order":0,"comment_status":"closed","ping_status":"closed","template":"","meta":{"footnotes":""},"class_list":["post-7595","page","type-page","status-publish","hentry"],"_links":{"self":[{"href":"https:\/\/ronesanscelik.com.tr\/tr\/wp-json\/wp\/v2\/pages\/7595","targetHints":{"allow":["GET"]}}],"collection":[{"href":"https:\/\/ronesanscelik.com.tr\/tr\/wp-json\/wp\/v2\/pages"}],"about":[{"href":"https:\/\/ronesanscelik.com.tr\/tr\/wp-json\/wp\/v2\/types\/page"}],"author":[{"embeddable":true,"href":"https:\/\/ronesanscelik.com.tr\/tr\/wp-json\/wp\/v2\/users\/1"}],"replies":[{"embeddable":true,"href":"https:\/\/ronesanscelik.com.tr\/tr\/wp-json\/wp\/v2\/comments?post=7595"}],"version-history":[{"count":1,"href":"https:\/\/ronesanscelik.com.tr\/tr\/wp-json\/wp\/v2\/pages\/7595\/revisions"}],"predecessor-version":[{"id":7598,"href":"https:\/\/ronesanscelik.com.tr\/tr\/wp-json\/wp\/v2\/pages\/7595\/revisions\/7598"}],"wp:attachment":[{"href":"https:\/\/ronesanscelik.com.tr\/tr\/wp-json\/wp\/v2\/media?parent=7595"}],"curies":[{"name":"wp","href":"https:\/\/api.w.org\/{rel}","templated":true}]}}