{"id":7573,"date":"2025-12-19T12:24:04","date_gmt":"2025-12-19T12:24:04","guid":{"rendered":"https:\/\/ronesanscelik.com.tr\/basinc-parcalari\/"},"modified":"2026-02-05T11:20:51","modified_gmt":"2026-02-05T11:20:51","slug":"basinc-parcalari","status":"publish","type":"page","link":"https:\/\/ronesanscelik.com.tr\/tr\/basinc-parcalari\/","title":{"rendered":"bas\u0131n\u00e7 par\u00e7alar\u0131"},"content":{"rendered":"\t\t<div data-elementor-type=\"wp-page\" data-elementor-id=\"7573\" class=\"elementor elementor-7573 elementor-1604\" data-elementor-post-type=\"page\">\n\t\t\t\t<div class=\"elementor-element elementor-element-b0bd979 e-flex e-con-boxed e-con e-parent\" data-id=\"b0bd979\" data-element_type=\"container\" data-e-type=\"container\" data-settings=\"{&quot;background_background&quot;:&quot;classic&quot;}\">\n\t\t\t\t\t<div class=\"e-con-inner\">\n\t\t<div class=\"elementor-element elementor-element-3b326802 e-con-full e-flex e-con e-child\" data-id=\"3b326802\" data-element_type=\"container\" data-e-type=\"container\">\n\t\t\t\t<div class=\"elementor-element elementor-element-4f742f45 elementor-widget elementor-widget-heading\" data-id=\"4f742f45\" data-element_type=\"widget\" data-e-type=\"widget\" data-settings=\"{&quot;_animation&quot;:&quot;none&quot;}\" data-widget_type=\"heading.default\">\n\t\t\t\t\t<h1 class=\"elementor-heading-title elementor-size-default\">Bas\u0131n\u00e7 Par\u00e7alar\u0131<\/h1>\t\t\t\t<\/div>\n\t\t\t\t<\/div>\n\t\t\t\t\t<\/div>\n\t\t\t\t<\/div>\n\t\t<div class=\"elementor-element elementor-element-2e3bdc33 e-flex e-con-boxed e-con e-parent\" data-id=\"2e3bdc33\" data-element_type=\"container\" data-e-type=\"container\" data-settings=\"{&quot;background_background&quot;:&quot;classic&quot;}\">\n\t\t\t\t\t<div class=\"e-con-inner\">\n\t\t<div class=\"elementor-element elementor-element-20f5e544 e-con-full e-flex e-con e-child\" data-id=\"20f5e544\" data-element_type=\"container\" data-e-type=\"container\">\n\t\t<div class=\"elementor-element elementor-element-7decf111 e-grid e-con-full e-con e-child\" data-id=\"7decf111\" data-element_type=\"container\" data-e-type=\"container\">\n\t\t<div class=\"elementor-element elementor-element-5b278224 e-con-full e-flex e-con e-child\" data-id=\"5b278224\" data-element_type=\"container\" data-e-type=\"container\">\n\t\t<a class=\"elementor-element elementor-element-62e5e8a4 e-con-full e-flex e-con e-child\" data-id=\"62e5e8a4\" data-element_type=\"container\" data-e-type=\"container\" data-settings=\"{&quot;background_background&quot;:&quot;classic&quot;,&quot;animation&quot;:&quot;none&quot;}\" href=\"https:\/\/ronesanscelik.com.tr\/tr\/ezine-biyokutle-enerji-santrali\/\">\n\t\t<div class=\"elementor-element elementor-element-59008fd9 e-con-full e-flex e-con e-child\" data-id=\"59008fd9\" data-element_type=\"container\" data-e-type=\"container\">\n\t\t\t\t<\/div>\n\t\t<div class=\"elementor-element elementor-element-1da0362c e-con-full e-flex e-con e-child\" data-id=\"1da0362c\" data-element_type=\"container\" data-e-type=\"container\">\n\t\t\t\t<div class=\"elementor-element elementor-element-62f99432 elementor-widget__width-initial elementor-widget elementor-widget-image-box\" data-id=\"62f99432\" data-element_type=\"widget\" data-e-type=\"widget\" data-widget_type=\"image-box.default\">\n\t\t\t\t\t<div class=\"elementor-image-box-wrapper\"><div class=\"elementor-image-box-content\"><h5 class=\"elementor-image-box-title\">Ezine Biyok\u00fctle Enerji Santrali<\/h5><p class=\"elementor-image-box-description\">\u00c7anakkale, T\u00fcrkiye<\/p><\/div><\/div>\t\t\t\t<\/div>\n\t\t\t\t<\/div>\n\t\t\t\t<\/a>\n\t\t\t\t<\/div>\n\t\t\t\t<\/div>\n\t\t\t\t<\/div>\n\t\t\t\t\t<\/div>\n\t\t\t\t<\/div>\n\t\t\t\t<\/div>\n\t\t","protected":false},"excerpt":{"rendered":"<p>Bas\u0131n\u00e7 Par\u00e7alar\u0131 Ezine Biyok\u00fctle Enerji Santrali \u00c7anakkale, T\u00fcrkiye<\/p>\n","protected":false},"author":1,"featured_media":0,"parent":0,"menu_order":0,"comment_status":"closed","ping_status":"closed","template":"","meta":{"footnotes":""},"class_list":["post-7573","page","type-page","status-publish","hentry"],"_links":{"self":[{"href":"https:\/\/ronesanscelik.com.tr\/tr\/wp-json\/wp\/v2\/pages\/7573","targetHints":{"allow":["GET"]}}],"collection":[{"href":"https:\/\/ronesanscelik.com.tr\/tr\/wp-json\/wp\/v2\/pages"}],"about":[{"href":"https:\/\/ronesanscelik.com.tr\/tr\/wp-json\/wp\/v2\/types\/page"}],"author":[{"embeddable":true,"href":"https:\/\/ronesanscelik.com.tr\/tr\/wp-json\/wp\/v2\/users\/1"}],"replies":[{"embeddable":true,"href":"https:\/\/ronesanscelik.com.tr\/tr\/wp-json\/wp\/v2\/comments?post=7573"}],"version-history":[{"count":1,"href":"https:\/\/ronesanscelik.com.tr\/tr\/wp-json\/wp\/v2\/pages\/7573\/revisions"}],"predecessor-version":[{"id":7574,"href":"https:\/\/ronesanscelik.com.tr\/tr\/wp-json\/wp\/v2\/pages\/7573\/revisions\/7574"}],"wp:attachment":[{"href":"https:\/\/ronesanscelik.com.tr\/tr\/wp-json\/wp\/v2\/media?parent=7573"}],"curies":[{"name":"wp","href":"https:\/\/api.w.org\/{rel}","templated":true}]}}