{"id":7535,"date":"2025-12-26T14:07:12","date_gmt":"2025-12-26T14:07:12","guid":{"rendered":"https:\/\/ronesanscelik.com.tr\/orot-rabin-enerji-santrali\/"},"modified":"2026-02-05T11:14:20","modified_gmt":"2026-02-05T11:14:20","slug":"orot-rabin-enerji-santrali","status":"publish","type":"page","link":"https:\/\/ronesanscelik.com.tr\/tr\/orot-rabin-enerji-santrali\/","title":{"rendered":"Orot Rabin Enerji Santrali"},"content":{"rendered":"\t\t<div data-elementor-type=\"wp-page\" data-elementor-id=\"7535\" class=\"elementor elementor-7535 elementor-2016\" data-elementor-post-type=\"page\">\n\t\t\t\t<div class=\"elementor-element elementor-element-52aa4d96 e-flex e-con-boxed e-con e-parent\" data-id=\"52aa4d96\" data-element_type=\"container\" data-e-type=\"container\" data-settings=\"{&quot;background_background&quot;:&quot;classic&quot;}\">\n\t\t\t\t\t<div class=\"e-con-inner\">\n\t\t<div class=\"elementor-element elementor-element-420b9d71 e-con-full e-flex e-con e-child\" data-id=\"420b9d71\" data-element_type=\"container\" data-e-type=\"container\">\n\t\t\t\t<div class=\"elementor-element elementor-element-332a378a elementor-widget elementor-widget-heading\" data-id=\"332a378a\" data-element_type=\"widget\" data-e-type=\"widget\" data-settings=\"{&quot;_animation&quot;:&quot;none&quot;}\" data-widget_type=\"heading.default\">\n\t\t\t\t\t<h1 class=\"elementor-heading-title elementor-size-default\">Orot Rabin Enerji Santrali<\/h1>\t\t\t\t<\/div>\n\t\t\t\t<\/div>\n\t\t\t\t\t<\/div>\n\t\t\t\t<\/div>\n\t\t<div class=\"elementor-element elementor-element-1e77c94 e-grid e-con-full top-info-grid e-con e-child\" data-id=\"1e77c94\" data-element_type=\"container\" data-e-type=\"container\" id=\"top-info-grid\" data-settings=\"{&quot;background_background&quot;:&quot;classic&quot;}\">\n\t\t\t\t<div class=\"elementor-element elementor-element-71a9970d elementor-widget elementor-widget-icon-box\" data-id=\"71a9970d\" data-element_type=\"widget\" data-e-type=\"widget\" data-settings=\"{&quot;_animation&quot;:&quot;none&quot;}\" data-widget_type=\"icon-box.default\">\n\t\t\t\t\t\t\t<div class=\"elementor-icon-box-wrapper\">\n\n\t\t\t\n\t\t\t\t\t\t<div class=\"elementor-icon-box-content\">\n\n\t\t\t\t\t\t\t\t\t<h6 class=\"elementor-icon-box-title\">\n\t\t\t\t\t\t<span  >\n\t\t\t\t\t\t\tlokasyon\t\t\t\t\t\t<\/span>\n\t\t\t\t\t<\/h6>\n\t\t\t\t\n\t\t\t\t\t\t\t\t\t<p class=\"elementor-icon-box-description\">\n\t\t\t\t\t\tHadera, Israil\t\t\t\t\t<\/p>\n\t\t\t\t\n\t\t\t<\/div>\n\t\t\t\n\t\t<\/div>\n\t\t\t\t\t\t<\/div>\n\t\t\t\t<div class=\"elementor-element elementor-element-69d60a06 elementor-widget elementor-widget-icon-box\" data-id=\"69d60a06\" data-element_type=\"widget\" data-e-type=\"widget\" data-settings=\"{&quot;_animation&quot;:&quot;none&quot;,&quot;_animation_delay&quot;:&quot;250&quot;}\" data-widget_type=\"icon-box.default\">\n\t\t\t\t\t\t\t<div class=\"elementor-icon-box-wrapper\">\n\n\t\t\t\n\t\t\t\t\t\t<div class=\"elementor-icon-box-content\">\n\n\t\t\t\t\t\t\t\t\t<h6 class=\"elementor-icon-box-title\">\n\t\t\t\t\t\t<span  >\n\t\t\t\t\t\t\ttoplam tonaj\t\t\t\t\t\t<\/span>\n\t\t\t\t\t<\/h6>\n\t\t\t\t\n\t\t\t\t\t\t\t\t\t<p class=\"elementor-icon-box-description\">\n\t\t\t\t\t\t200 Ton\t\t\t\t\t<\/p>\n\t\t\t\t\n\t\t\t<\/div>\n\t\t\t\n\t\t<\/div>\n\t\t\t\t\t\t<\/div>\n\t\t\t\t<div class=\"elementor-element elementor-element-6fc7c6fa elementor-widget elementor-widget-icon-box\" data-id=\"6fc7c6fa\" data-element_type=\"widget\" data-e-type=\"widget\" data-settings=\"{&quot;_animation&quot;:&quot;none&quot;,&quot;_animation_delay&quot;:&quot;500&quot;}\" data-widget_type=\"icon-box.default\">\n\t\t\t\t\t\t\t<div class=\"elementor-icon-box-wrapper\">\n\n\t\t\t\n\t\t\t\t\t\t<div class=\"elementor-icon-box-content\">\n\n\t\t\t\t\t\t\t\t\t<h6 class=\"elementor-icon-box-title\">\n\t\t\t\t\t\t<span  >\n\t\t\t\t\t\t\tm\u00fc\u015fteri\t\t\t\t\t\t<\/span>\n\t\t\t\t\t<\/h6>\n\t\t\t\t\n\t\t\t\t\t\t\t\t\t<p class=\"elementor-icon-box-description\">\n\t\t\t\t\t\tGeneral Electric\t\t\t\t\t<\/p>\n\t\t\t\t\n\t\t\t<\/div>\n\t\t\t\n\t\t<\/div>\n\t\t\t\t\t\t<\/div>\n\t\t\t\t<div class=\"elementor-element elementor-element-151d3b58 elementor-widget elementor-widget-icon-box\" data-id=\"151d3b58\" data-element_type=\"widget\" data-e-type=\"widget\" data-settings=\"{&quot;_animation&quot;:&quot;none&quot;,&quot;_animation_delay&quot;:&quot;500&quot;}\" data-widget_type=\"icon-box.default\">\n\t\t\t\t\t\t\t<div class=\"elementor-icon-box-wrapper\">\n\n\t\t\t\n\t\t\t\t\t\t<div class=\"elementor-icon-box-content\">\n\n\t\t\t\t\t\t\t\t\t<h6 class=\"elementor-icon-box-title\">\n\t\t\t\t\t\t<span  >\n\t\t\t\t\t\t\ti\u015fin kapsam\u0131\t\t\t\t\t\t<\/span>\n\t\t\t\t\t<\/h6>\n\t\t\t\t\n\t\t\t\t\t\t\t\t\t<p class=\"elementor-icon-box-description\">\n\t\t\t\t\t\t\u00c7elik Yap\u0131 \u0130malat\u0131\t\t\t\t\t<\/p>\n\t\t\t\t\n\t\t\t<\/div>\n\t\t\t\n\t\t<\/div>\n\t\t\t\t\t\t<\/div>\n\t\t\t\t<\/div>\n\t\t<div class=\"elementor-element elementor-element-6e263550 e-flex e-con-boxed e-con e-parent\" data-id=\"6e263550\" data-element_type=\"container\" data-e-type=\"container\">\n\t\t\t\t\t<div class=\"e-con-inner\">\n\t\t<div class=\"elementor-element elementor-element-6b61b9ac e-con-full e-flex e-con e-child\" data-id=\"6b61b9ac\" data-element_type=\"container\" data-e-type=\"container\">\n\t\t\t\t<div class=\"elementor-element elementor-element-543c04a elementor-widget elementor-widget-gallery\" data-id=\"543c04a\" data-element_type=\"widget\" data-e-type=\"widget\" data-settings=\"{&quot;columns&quot;:3,&quot;gap&quot;:{&quot;unit&quot;:&quot;px&quot;,&quot;size&quot;:3,&quot;sizes&quot;:[]},&quot;lazyload&quot;:&quot;yes&quot;,&quot;gallery_layout&quot;:&quot;grid&quot;,&quot;columns_tablet&quot;:2,&quot;columns_mobile&quot;:1,&quot;gap_tablet&quot;:{&quot;unit&quot;:&quot;px&quot;,&quot;size&quot;:10,&quot;sizes&quot;:[]},&quot;gap_mobile&quot;:{&quot;unit&quot;:&quot;px&quot;,&quot;size&quot;:10,&quot;sizes&quot;:[]},&quot;link_to&quot;:&quot;file&quot;,&quot;aspect_ratio&quot;:&quot;3:2&quot;,&quot;overlay_background&quot;:&quot;yes&quot;,&quot;content_hover_animation&quot;:&quot;fade-in&quot;}\" data-widget_type=\"gallery.default\">\n\t\t\t\t\t\t\t<div class=\"elementor-gallery__container\">\n\t\t\t\t\t\t\t<a class=\"e-gallery-item elementor-gallery-item elementor-animated-content\" href=\"https:\/\/ronesanscelik.com.tr\/wp-content\/uploads\/2025\/12\/ronesans_celik_orat_rabin_3_f8a5929a-scaled.webp\" data-elementor-open-lightbox=\"yes\" data-elementor-lightbox-slideshow=\"543c04a\" data-elementor-lightbox-title=\"ro\u0308nesans_c\u0327elik_orat_rabin_3_f8a5929a\" data-e-action-hash=\"#elementor-action%3Aaction%3Dlightbox%26settings%3DeyJpZCI6NzUyNywidXJsIjoiaHR0cHM6XC9cL3JvbmVzYW5zY2VsaWsuY29tLnRyXC93cC1jb250ZW50XC91cGxvYWRzXC8yMDI1XC8xMlwvcm9uZXNhbnNfY2VsaWtfb3JhdF9yYWJpbl8zX2Y4YTU5MjlhLXNjYWxlZC53ZWJwIiwic2xpZGVzaG93IjoiNTQzYzA0YSJ9\">\n\t\t\t\t\t<div class=\"e-gallery-image elementor-gallery-item__image\" data-thumbnail=\"https:\/\/ronesanscelik.com.tr\/wp-content\/uploads\/2025\/12\/ronesans_celik_orat_rabin_3_f8a5929a-1024x535.webp\" data-width=\"800\" data-height=\"418\" aria-label=\"\" role=\"img\" ><\/div>\n\t\t\t\t\t\t\t\t\t\t\t<div class=\"elementor-gallery-item__overlay\"><\/div>\n\t\t\t\t\t\t\t\t\t\t\t\t\t\t<\/a>\n\t\t\t\t\t\t\t<a class=\"e-gallery-item elementor-gallery-item elementor-animated-content\" href=\"https:\/\/ronesanscelik.com.tr\/wp-content\/uploads\/2025\/12\/ronesans_celik_orat_rabin_2_ada08e7c-scaled.webp\" data-elementor-open-lightbox=\"yes\" data-elementor-lightbox-slideshow=\"543c04a\" data-elementor-lightbox-title=\"ro\u0308nesans_c\u0327elik_orat_rabin_2_ada08e7c\" data-e-action-hash=\"#elementor-action%3Aaction%3Dlightbox%26settings%3DeyJpZCI6NzUyOCwidXJsIjoiaHR0cHM6XC9cL3JvbmVzYW5zY2VsaWsuY29tLnRyXC93cC1jb250ZW50XC91cGxvYWRzXC8yMDI1XC8xMlwvcm9uZXNhbnNfY2VsaWtfb3JhdF9yYWJpbl8yX2FkYTA4ZTdjLXNjYWxlZC53ZWJwIiwic2xpZGVzaG93IjoiNTQzYzA0YSJ9\">\n\t\t\t\t\t<div class=\"e-gallery-image elementor-gallery-item__image\" data-thumbnail=\"https:\/\/ronesanscelik.com.tr\/wp-content\/uploads\/2025\/12\/ronesans_celik_orat_rabin_2_ada08e7c-1024x768.webp\" data-width=\"800\" data-height=\"600\" aria-label=\"\" role=\"img\" ><\/div>\n\t\t\t\t\t\t\t\t\t\t\t<div class=\"elementor-gallery-item__overlay\"><\/div>\n\t\t\t\t\t\t\t\t\t\t\t\t\t\t<\/a>\n\t\t\t\t\t\t\t<a class=\"e-gallery-item elementor-gallery-item elementor-animated-content\" href=\"https:\/\/ronesanscelik.com.tr\/wp-content\/uploads\/2025\/12\/ronesans_celik_orat_rabin_1_9fc175be-scaled.webp\" data-elementor-open-lightbox=\"yes\" data-elementor-lightbox-slideshow=\"543c04a\" data-elementor-lightbox-title=\"ro\u0308nesans_c\u0327elik_orat_rabin_1_9fc175be\" data-e-action-hash=\"#elementor-action%3Aaction%3Dlightbox%26settings%3DeyJpZCI6NzUyOSwidXJsIjoiaHR0cHM6XC9cL3JvbmVzYW5zY2VsaWsuY29tLnRyXC93cC1jb250ZW50XC91cGxvYWRzXC8yMDI1XC8xMlwvcm9uZXNhbnNfY2VsaWtfb3JhdF9yYWJpbl8xXzlmYzE3NWJlLXNjYWxlZC53ZWJwIiwic2xpZGVzaG93IjoiNTQzYzA0YSJ9\">\n\t\t\t\t\t<div class=\"e-gallery-image elementor-gallery-item__image\" data-thumbnail=\"https:\/\/ronesanscelik.com.tr\/wp-content\/uploads\/2025\/12\/ronesans_celik_orat_rabin_1_9fc175be-1024x768.webp\" data-width=\"800\" data-height=\"600\" aria-label=\"\" role=\"img\" ><\/div>\n\t\t\t\t\t\t\t\t\t\t\t<div class=\"elementor-gallery-item__overlay\"><\/div>\n\t\t\t\t\t\t\t\t\t\t\t\t\t\t<\/a>\n\t\t\t\t\t<\/div>\n\t\t\t\t\t<\/div>\n\t\t\t\t<\/div>\n\t\t\t\t\t<\/div>\n\t\t\t\t<\/div>\n\t\t\t\t<\/div>\n\t\t","protected":false},"excerpt":{"rendered":"<p>Orot Rabin Enerji Santrali lokasyon Hadera, Israil toplam tonaj 200 Ton m\u00fc\u015fteri General Electric i\u015fin kapsam\u0131 \u00c7elik Yap\u0131 \u0130malat\u0131<\/p>\n","protected":false},"author":1,"featured_media":0,"parent":0,"menu_order":0,"comment_status":"closed","ping_status":"closed","template":"","meta":{"footnotes":""},"class_list":["post-7535","page","type-page","status-publish","hentry"],"_links":{"self":[{"href":"https:\/\/ronesanscelik.com.tr\/tr\/wp-json\/wp\/v2\/pages\/7535","targetHints":{"allow":["GET"]}}],"collection":[{"href":"https:\/\/ronesanscelik.com.tr\/tr\/wp-json\/wp\/v2\/pages"}],"about":[{"href":"https:\/\/ronesanscelik.com.tr\/tr\/wp-json\/wp\/v2\/types\/page"}],"author":[{"embeddable":true,"href":"https:\/\/ronesanscelik.com.tr\/tr\/wp-json\/wp\/v2\/users\/1"}],"replies":[{"embeddable":true,"href":"https:\/\/ronesanscelik.com.tr\/tr\/wp-json\/wp\/v2\/comments?post=7535"}],"version-history":[{"count":1,"href":"https:\/\/ronesanscelik.com.tr\/tr\/wp-json\/wp\/v2\/pages\/7535\/revisions"}],"predecessor-version":[{"id":7536,"href":"https:\/\/ronesanscelik.com.tr\/tr\/wp-json\/wp\/v2\/pages\/7535\/revisions\/7536"}],"wp:attachment":[{"href":"https:\/\/ronesanscelik.com.tr\/tr\/wp-json\/wp\/v2\/media?parent=7535"}],"curies":[{"name":"wp","href":"https:\/\/api.w.org\/{rel}","templated":true}]}}