{"id":7502,"date":"2025-12-22T08:58:18","date_gmt":"2025-12-22T08:58:18","guid":{"rendered":"https:\/\/ronesanscelik.com.tr\/lignin-biyokutle-enerji-santrali\/"},"modified":"2026-02-05T11:10:33","modified_gmt":"2026-02-05T11:10:33","slug":"lignin-biyokutle-enerji-santrali","status":"publish","type":"page","link":"https:\/\/ronesanscelik.com.tr\/tr\/lignin-biyokutle-enerji-santrali\/","title":{"rendered":"lignin biyok\u00fctle enerji santrali"},"content":{"rendered":"\t\t<div data-elementor-type=\"wp-page\" data-elementor-id=\"7502\" class=\"elementor elementor-7502 elementor-1647\" data-elementor-post-type=\"page\">\n\t\t\t\t<div class=\"elementor-element elementor-element-5bbd2ca8 e-flex e-con-boxed e-con e-parent\" data-id=\"5bbd2ca8\" data-element_type=\"container\" data-e-type=\"container\" data-settings=\"{&quot;background_background&quot;:&quot;classic&quot;}\">\n\t\t\t\t\t<div class=\"e-con-inner\">\n\t\t<div class=\"elementor-element elementor-element-7a12d20a e-con-full e-flex e-con e-child\" data-id=\"7a12d20a\" data-element_type=\"container\" data-e-type=\"container\">\n\t\t\t\t<div class=\"elementor-element elementor-element-3845ce22 elementor-widget elementor-widget-heading\" data-id=\"3845ce22\" data-element_type=\"widget\" data-e-type=\"widget\" data-settings=\"{&quot;_animation&quot;:&quot;none&quot;}\" data-widget_type=\"heading.default\">\n\t\t\t\t\t<h1 class=\"elementor-heading-title elementor-size-default\">Lignin Biyok\u00fctle Enerji Santrali<\/h1>\t\t\t\t<\/div>\n\t\t\t\t<\/div>\n\t\t\t\t\t<\/div>\n\t\t\t\t<\/div>\n\t\t<div class=\"elementor-element elementor-element-29e03283 e-con-full e-flex e-con e-parent\" data-id=\"29e03283\" data-element_type=\"container\" data-e-type=\"container\">\n\t\t<div class=\"elementor-element elementor-element-2cfe8c00 e-con-full e-flex e-con e-child\" data-id=\"2cfe8c00\" data-element_type=\"container\" data-e-type=\"container\">\n\t\t<div class=\"elementor-element elementor-element-24570508 e-grid e-con-full top-info-grid e-con e-child\" data-id=\"24570508\" data-element_type=\"container\" data-e-type=\"container\" id=\"top-info-grid\" data-settings=\"{&quot;background_background&quot;:&quot;classic&quot;}\">\n\t\t\t\t<div class=\"elementor-element elementor-element-ed4e306 elementor-widget elementor-widget-icon-box\" data-id=\"ed4e306\" data-element_type=\"widget\" data-e-type=\"widget\" data-settings=\"{&quot;_animation&quot;:&quot;none&quot;}\" data-widget_type=\"icon-box.default\">\n\t\t\t\t\t\t\t<div class=\"elementor-icon-box-wrapper\">\n\n\t\t\t\n\t\t\t\t\t\t<div class=\"elementor-icon-box-content\">\n\n\t\t\t\t\t\t\t\t\t<h6 class=\"elementor-icon-box-title\">\n\t\t\t\t\t\t<span  >\n\t\t\t\t\t\t\tlokasyon\t\t\t\t\t\t<\/span>\n\t\t\t\t\t<\/h6>\n\t\t\t\t\n\t\t\t\t\t\t\t\t\t<p class=\"elementor-icon-box-description\">\n\t\t\t\t\t\tCraiova, Romanya\t\t\t\t\t<\/p>\n\t\t\t\t\n\t\t\t<\/div>\n\t\t\t\n\t\t<\/div>\n\t\t\t\t\t\t<\/div>\n\t\t\t\t<div class=\"elementor-element elementor-element-6a97b48b elementor-widget elementor-widget-icon-box\" data-id=\"6a97b48b\" data-element_type=\"widget\" data-e-type=\"widget\" data-settings=\"{&quot;_animation&quot;:&quot;none&quot;,&quot;_animation_delay&quot;:&quot;250&quot;}\" data-widget_type=\"icon-box.default\">\n\t\t\t\t\t\t\t<div class=\"elementor-icon-box-wrapper\">\n\n\t\t\t\n\t\t\t\t\t\t<div class=\"elementor-icon-box-content\">\n\n\t\t\t\t\t\t\t\t\t<h6 class=\"elementor-icon-box-title\">\n\t\t\t\t\t\t<span  >\n\t\t\t\t\t\t\ttoplam tonaj\t\t\t\t\t\t<\/span>\n\t\t\t\t\t<\/h6>\n\t\t\t\t\n\t\t\t\t\t\t\t\t\t<p class=\"elementor-icon-box-description\">\n\t\t\t\t\t\t2,850 Ton\t\t\t\t\t<\/p>\n\t\t\t\t\n\t\t\t<\/div>\n\t\t\t\n\t\t<\/div>\n\t\t\t\t\t\t<\/div>\n\t\t\t\t<div class=\"elementor-element elementor-element-612ad881 elementor-widget elementor-widget-icon-box\" data-id=\"612ad881\" data-element_type=\"widget\" data-e-type=\"widget\" data-settings=\"{&quot;_animation&quot;:&quot;none&quot;,&quot;_animation_delay&quot;:&quot;500&quot;}\" data-widget_type=\"icon-box.default\">\n\t\t\t\t\t\t\t<div class=\"elementor-icon-box-wrapper\">\n\n\t\t\t\n\t\t\t\t\t\t<div class=\"elementor-icon-box-content\">\n\n\t\t\t\t\t\t\t\t\t<h6 class=\"elementor-icon-box-title\">\n\t\t\t\t\t\t<span  >\n\t\t\t\t\t\t\tm\u00fc\u015fteri\t\t\t\t\t\t<\/span>\n\t\t\t\t\t<\/h6>\n\t\t\t\t\n\t\t\t\t\t\t\t\t\t<p class=\"elementor-icon-box-description\">\n\t\t\t\t\t\tGETEC Group\t\t\t\t\t<\/p>\n\t\t\t\t\n\t\t\t<\/div>\n\t\t\t\n\t\t<\/div>\n\t\t\t\t\t\t<\/div>\n\t\t\t\t<div class=\"elementor-element elementor-element-76fad826 elementor-widget elementor-widget-icon-box\" data-id=\"76fad826\" data-element_type=\"widget\" data-e-type=\"widget\" data-settings=\"{&quot;_animation&quot;:&quot;none&quot;,&quot;_animation_delay&quot;:&quot;500&quot;}\" data-widget_type=\"icon-box.default\">\n\t\t\t\t\t\t\t<div class=\"elementor-icon-box-wrapper\">\n\n\t\t\t\n\t\t\t\t\t\t<div class=\"elementor-icon-box-content\">\n\n\t\t\t\t\t\t\t\t\t<h6 class=\"elementor-icon-box-title\">\n\t\t\t\t\t\t<span  >\n\t\t\t\t\t\t\ti\u015fin kapsam\u0131\t\t\t\t\t\t<\/span>\n\t\t\t\t\t<\/h6>\n\t\t\t\t\n\t\t\t\t\t\t\t\t\t<p class=\"elementor-icon-box-description\">\n\t\t\t\t\t\t\u00c7elik Yap\u0131 \u0130malat\u0131 &amp; Kurulum\t\t\t\t\t<\/p>\n\t\t\t\t\n\t\t\t<\/div>\n\t\t\t\n\t\t<\/div>\n\t\t\t\t\t\t<\/div>\n\t\t\t\t<\/div>\n\t\t\t\t<\/div>\n\t\t\t\t<\/div>\n\t\t<div class=\"elementor-element elementor-element-3b2efd53 e-flex e-con-boxed e-con e-parent\" data-id=\"3b2efd53\" data-element_type=\"container\" data-e-type=\"container\">\n\t\t\t\t\t<div class=\"e-con-inner\">\n\t\t<div class=\"elementor-element elementor-element-50fa2565 e-con-full e-flex e-con e-child\" data-id=\"50fa2565\" data-element_type=\"container\" data-e-type=\"container\">\n\t\t\t\t<div class=\"elementor-element elementor-element-5deda709 elementor-widget elementor-widget-gallery\" data-id=\"5deda709\" data-element_type=\"widget\" data-e-type=\"widget\" data-settings=\"{&quot;columns&quot;:3,&quot;aspect_ratio&quot;:&quot;9:16&quot;,&quot;gap&quot;:{&quot;unit&quot;:&quot;px&quot;,&quot;size&quot;:3,&quot;sizes&quot;:[]},&quot;lazyload&quot;:&quot;yes&quot;,&quot;gallery_layout&quot;:&quot;grid&quot;,&quot;columns_tablet&quot;:2,&quot;columns_mobile&quot;:1,&quot;gap_tablet&quot;:{&quot;unit&quot;:&quot;px&quot;,&quot;size&quot;:10,&quot;sizes&quot;:[]},&quot;gap_mobile&quot;:{&quot;unit&quot;:&quot;px&quot;,&quot;size&quot;:10,&quot;sizes&quot;:[]},&quot;link_to&quot;:&quot;file&quot;,&quot;overlay_background&quot;:&quot;yes&quot;,&quot;content_hover_animation&quot;:&quot;fade-in&quot;}\" data-widget_type=\"gallery.default\">\n\t\t\t\t\t\t\t<div class=\"elementor-gallery__container\">\n\t\t\t\t\t\t\t<a class=\"e-gallery-item elementor-gallery-item elementor-animated-content\" href=\"https:\/\/ronesanscelik.com.tr\/wp-content\/uploads\/2025\/12\/IMG_2296_b62fca14-scaled.webp\" data-elementor-open-lightbox=\"yes\" data-elementor-lightbox-slideshow=\"5deda709\" data-elementor-lightbox-title=\"IMG_2296_b62fca14\" data-e-action-hash=\"#elementor-action%3Aaction%3Dlightbox%26settings%3DeyJpZCI6NzA0MiwidXJsIjoiaHR0cHM6XC9cL3JvbmVzYW5zY2VsaWsuY29tLnRyXC93cC1jb250ZW50XC91cGxvYWRzXC8yMDI1XC8xMlwvSU1HXzIyOTZfYjYyZmNhMTQtc2NhbGVkLndlYnAiLCJzbGlkZXNob3ciOiI1ZGVkYTcwOSJ9\">\n\t\t\t\t\t<div class=\"e-gallery-image elementor-gallery-item__image\" data-thumbnail=\"https:\/\/ronesanscelik.com.tr\/wp-content\/uploads\/2025\/12\/IMG_2296_b62fca14-768x1024.webp\" data-width=\"768\" data-height=\"1024\" aria-label=\"\" role=\"img\" ><\/div>\n\t\t\t\t\t\t\t\t\t\t\t<div class=\"elementor-gallery-item__overlay\"><\/div>\n\t\t\t\t\t\t\t\t\t\t\t\t\t\t<\/a>\n\t\t\t\t\t\t\t<a class=\"e-gallery-item elementor-gallery-item elementor-animated-content\" href=\"https:\/\/ronesanscelik.com.tr\/wp-content\/uploads\/2025\/12\/envato-labs-image-edit-123_205b2800-scaled.webp\" data-elementor-open-lightbox=\"yes\" data-elementor-lightbox-slideshow=\"5deda709\" data-elementor-lightbox-title=\"envato-labs-image-edit-123_205b2800\" data-e-action-hash=\"#elementor-action%3Aaction%3Dlightbox%26settings%3DeyJpZCI6NzA0MCwidXJsIjoiaHR0cHM6XC9cL3JvbmVzYW5zY2VsaWsuY29tLnRyXC93cC1jb250ZW50XC91cGxvYWRzXC8yMDI1XC8xMlwvZW52YXRvLWxhYnMtaW1hZ2UtZWRpdC0xMjNfMjA1YjI4MDAtc2NhbGVkLndlYnAiLCJzbGlkZXNob3ciOiI1ZGVkYTcwOSJ9\">\n\t\t\t\t\t<div class=\"e-gallery-image elementor-gallery-item__image\" data-thumbnail=\"https:\/\/ronesanscelik.com.tr\/wp-content\/uploads\/2025\/12\/envato-labs-image-edit-123_205b2800-768x1018.webp\" data-width=\"768\" data-height=\"1018\" aria-label=\"\" role=\"img\" ><\/div>\n\t\t\t\t\t\t\t\t\t\t\t<div class=\"elementor-gallery-item__overlay\"><\/div>\n\t\t\t\t\t\t\t\t\t\t\t\t\t\t<\/a>\n\t\t\t\t\t\t\t<a class=\"e-gallery-item elementor-gallery-item elementor-animated-content\" href=\"https:\/\/ronesanscelik.com.tr\/wp-content\/uploads\/2025\/12\/envato-labs-image-edit-124_e8d149f0-scaled.webp\" data-elementor-open-lightbox=\"yes\" data-elementor-lightbox-slideshow=\"5deda709\" data-elementor-lightbox-title=\"envato-labs-image-edit-124_e8d149f0\" data-e-action-hash=\"#elementor-action%3Aaction%3Dlightbox%26settings%3DeyJpZCI6NzAzNSwidXJsIjoiaHR0cHM6XC9cL3JvbmVzYW5zY2VsaWsuY29tLnRyXC93cC1jb250ZW50XC91cGxvYWRzXC8yMDI1XC8xMlwvZW52YXRvLWxhYnMtaW1hZ2UtZWRpdC0xMjRfZThkMTQ5ZjAtc2NhbGVkLndlYnAiLCJzbGlkZXNob3ciOiI1ZGVkYTcwOSJ9\">\n\t\t\t\t\t<div class=\"e-gallery-image elementor-gallery-item__image\" data-thumbnail=\"https:\/\/ronesanscelik.com.tr\/wp-content\/uploads\/2025\/12\/envato-labs-image-edit-124_e8d149f0-768x1365.webp\" data-width=\"768\" data-height=\"1365\" aria-label=\"\" role=\"img\" ><\/div>\n\t\t\t\t\t\t\t\t\t\t\t<div class=\"elementor-gallery-item__overlay\"><\/div>\n\t\t\t\t\t\t\t\t\t\t\t\t\t\t<\/a>\n\t\t\t\t\t<\/div>\n\t\t\t\t\t<\/div>\n\t\t\t\t<\/div>\n\t\t\t\t\t<\/div>\n\t\t\t\t<\/div>\n\t\t\t\t<\/div>\n\t\t","protected":false},"excerpt":{"rendered":"<p>Lignin Biyok\u00fctle Enerji Santrali lokasyon Craiova, Romanya toplam tonaj 2,850 Ton m\u00fc\u015fteri GETEC Group i\u015fin kapsam\u0131 \u00c7elik Yap\u0131 \u0130malat\u0131 &amp; Kurulum<\/p>\n","protected":false},"author":1,"featured_media":0,"parent":0,"menu_order":0,"comment_status":"closed","ping_status":"closed","template":"","meta":{"footnotes":""},"class_list":["post-7502","page","type-page","status-publish","hentry"],"_links":{"self":[{"href":"https:\/\/ronesanscelik.com.tr\/tr\/wp-json\/wp\/v2\/pages\/7502","targetHints":{"allow":["GET"]}}],"collection":[{"href":"https:\/\/ronesanscelik.com.tr\/tr\/wp-json\/wp\/v2\/pages"}],"about":[{"href":"https:\/\/ronesanscelik.com.tr\/tr\/wp-json\/wp\/v2\/types\/page"}],"author":[{"embeddable":true,"href":"https:\/\/ronesanscelik.com.tr\/tr\/wp-json\/wp\/v2\/users\/1"}],"replies":[{"embeddable":true,"href":"https:\/\/ronesanscelik.com.tr\/tr\/wp-json\/wp\/v2\/comments?post=7502"}],"version-history":[{"count":1,"href":"https:\/\/ronesanscelik.com.tr\/tr\/wp-json\/wp\/v2\/pages\/7502\/revisions"}],"predecessor-version":[{"id":7503,"href":"https:\/\/ronesanscelik.com.tr\/tr\/wp-json\/wp\/v2\/pages\/7502\/revisions\/7503"}],"wp:attachment":[{"href":"https:\/\/ronesanscelik.com.tr\/tr\/wp-json\/wp\/v2\/media?parent=7502"}],"curies":[{"name":"wp","href":"https:\/\/api.w.org\/{rel}","templated":true}]}}