{"id":7427,"date":"2025-12-19T11:31:11","date_gmt":"2025-12-19T11:31:11","guid":{"rendered":"https:\/\/ronesanscelik.com.tr\/atik-isi-kazani-hrsg-muhafaza-panelleri\/"},"modified":"2026-02-06T10:38:40","modified_gmt":"2026-02-06T10:38:40","slug":"atik-isi-kazani-hrsg-muhafaza-panelleri","status":"publish","type":"page","link":"https:\/\/ronesanscelik.com.tr\/tr\/atik-isi-kazani-hrsg-muhafaza-panelleri\/","title":{"rendered":"at\u0131k \u0131s\u0131 kazan\u0131 (HRSG) muhafaza panelleri"},"content":{"rendered":"\t\t<div data-elementor-type=\"wp-page\" data-elementor-id=\"7427\" class=\"elementor elementor-7427 elementor-1590\" data-elementor-post-type=\"page\">\n\t\t\t\t<div class=\"elementor-element elementor-element-96bb583 e-flex e-con-boxed e-con e-parent\" data-id=\"96bb583\" data-element_type=\"container\" data-e-type=\"container\" data-settings=\"{&quot;background_background&quot;:&quot;classic&quot;}\">\n\t\t\t\t\t<div class=\"e-con-inner\">\n\t\t<div class=\"elementor-element elementor-element-4bb4f2be e-con-full e-flex e-con e-child\" data-id=\"4bb4f2be\" data-element_type=\"container\" data-e-type=\"container\">\n\t\t\t\t<div class=\"elementor-element elementor-element-692a83ef elementor-widget elementor-widget-heading\" data-id=\"692a83ef\" data-element_type=\"widget\" data-e-type=\"widget\" data-settings=\"{&quot;_animation&quot;:&quot;none&quot;}\" data-widget_type=\"heading.default\">\n\t\t\t\t\t<h1 class=\"elementor-heading-title elementor-size-default\">At\u0131k Is\u0131 Kazan\u0131 (HRSG) Muhafaza Panelleri<\/h1>\t\t\t\t<\/div>\n\t\t\t\t<\/div>\n\t\t\t\t\t<\/div>\n\t\t\t\t<\/div>\n\t\t<div class=\"elementor-element elementor-element-268d5f29 e-flex e-con-boxed e-con e-parent\" data-id=\"268d5f29\" data-element_type=\"container\" data-e-type=\"container\" data-settings=\"{&quot;background_background&quot;:&quot;classic&quot;}\">\n\t\t\t\t\t<div class=\"e-con-inner\">\n\t\t<div class=\"elementor-element elementor-element-215c3831 e-con-full e-flex e-con e-child\" data-id=\"215c3831\" data-element_type=\"container\" data-e-type=\"container\">\n\t\t<div class=\"elementor-element elementor-element-7567fd7b e-grid e-con-full e-con e-child\" data-id=\"7567fd7b\" data-element_type=\"container\" data-e-type=\"container\">\n\t\t<div class=\"elementor-element elementor-element-af922b5 e-con-full e-flex e-con e-child\" data-id=\"af922b5\" data-element_type=\"container\" data-e-type=\"container\">\n\t\t<a class=\"elementor-element elementor-element-9281f55 e-con-full e-flex e-con e-child\" data-id=\"9281f55\" data-element_type=\"container\" data-e-type=\"container\" data-settings=\"{&quot;background_background&quot;:&quot;classic&quot;,&quot;animation&quot;:&quot;none&quot;}\" href=\"https:\/\/ronesanscelik.com.tr\/tr\/dradenau-atik-isi-kazani-hrsg-muhafaza\/\">\n\t\t<div class=\"elementor-element elementor-element-78e35e12 e-con-full e-flex e-con e-child\" data-id=\"78e35e12\" data-element_type=\"container\" data-e-type=\"container\">\n\t\t\t\t<\/div>\n\t\t<div class=\"elementor-element elementor-element-2caf6396 e-con-full e-flex e-con e-child\" data-id=\"2caf6396\" data-element_type=\"container\" data-e-type=\"container\">\n\t\t\t\t<div class=\"elementor-element elementor-element-43a92bff elementor-widget__width-initial elementor-widget elementor-widget-image-box\" data-id=\"43a92bff\" data-element_type=\"widget\" data-e-type=\"widget\" data-widget_type=\"image-box.default\">\n\t\t\t\t\t<div class=\"elementor-image-box-wrapper\"><div class=\"elementor-image-box-content\"><h5 class=\"elementor-image-box-title\">Dradenau Enerji Santrali<\/h5><p class=\"elementor-image-box-description\">Hamburg, Almanya<\/p><\/div><\/div>\t\t\t\t<\/div>\n\t\t\t\t<\/div>\n\t\t\t\t<\/a>\n\t\t\t\t<\/div>\n\t\t<div class=\"elementor-element elementor-element-3d898826 e-con-full e-flex e-con e-child\" data-id=\"3d898826\" data-element_type=\"container\" data-e-type=\"container\">\n\t\t<a class=\"elementor-element elementor-element-d9f2ae0 e-con-full e-flex e-con e-child\" data-id=\"d9f2ae0\" data-element_type=\"container\" data-e-type=\"container\" data-settings=\"{&quot;background_background&quot;:&quot;classic&quot;,&quot;animation&quot;:&quot;none&quot;,&quot;animation_delay&quot;:&quot;250&quot;}\" href=\"https:\/\/ronesanscelik.com.tr\/tr\/ciprel-atik-isi-kazani-hrsg-muhafaza\/\">\n\t\t<div class=\"elementor-element elementor-element-1e38d7b e-con-full e-flex e-con e-child\" data-id=\"1e38d7b\" data-element_type=\"container\" data-e-type=\"container\">\n\t\t\t\t<\/div>\n\t\t<div class=\"elementor-element elementor-element-4a49c998 e-con-full e-flex e-con e-child\" data-id=\"4a49c998\" data-element_type=\"container\" data-e-type=\"container\">\n\t\t\t\t<div class=\"elementor-element elementor-element-6408a0bd elementor-widget__width-initial elementor-widget elementor-widget-image-box\" data-id=\"6408a0bd\" data-element_type=\"widget\" data-e-type=\"widget\" data-widget_type=\"image-box.default\">\n\t\t\t\t\t<div class=\"elementor-image-box-wrapper\"><div class=\"elementor-image-box-content\"><h5 class=\"elementor-image-box-title\">Ciprel K\u00c7ES<\/h5><p class=\"elementor-image-box-description\">Abidjan, Fil Di\u015fi Sahili<\/p><\/div><\/div>\t\t\t\t<\/div>\n\t\t\t\t<\/div>\n\t\t\t\t<\/a>\n\t\t\t\t<\/div>\n\t\t\t\t<\/div>\n\t\t\t\t<\/div>\n\t\t\t\t\t<\/div>\n\t\t\t\t<\/div>\n\t\t\t\t<\/div>\n\t\t","protected":false},"excerpt":{"rendered":"<p>At\u0131k Is\u0131 Kazan\u0131 (HRSG) Muhafaza Panelleri Dradenau Enerji Santrali Hamburg, Almanya Ciprel K\u00c7ES Abidjan, Fil Di\u015fi Sahili<\/p>\n","protected":false},"author":1,"featured_media":0,"parent":0,"menu_order":0,"comment_status":"closed","ping_status":"closed","template":"","meta":{"footnotes":""},"class_list":["post-7427","page","type-page","status-publish","hentry"],"_links":{"self":[{"href":"https:\/\/ronesanscelik.com.tr\/tr\/wp-json\/wp\/v2\/pages\/7427","targetHints":{"allow":["GET"]}}],"collection":[{"href":"https:\/\/ronesanscelik.com.tr\/tr\/wp-json\/wp\/v2\/pages"}],"about":[{"href":"https:\/\/ronesanscelik.com.tr\/tr\/wp-json\/wp\/v2\/types\/page"}],"author":[{"embeddable":true,"href":"https:\/\/ronesanscelik.com.tr\/tr\/wp-json\/wp\/v2\/users\/1"}],"replies":[{"embeddable":true,"href":"https:\/\/ronesanscelik.com.tr\/tr\/wp-json\/wp\/v2\/comments?post=7427"}],"version-history":[{"count":11,"href":"https:\/\/ronesanscelik.com.tr\/tr\/wp-json\/wp\/v2\/pages\/7427\/revisions"}],"predecessor-version":[{"id":7867,"href":"https:\/\/ronesanscelik.com.tr\/tr\/wp-json\/wp\/v2\/pages\/7427\/revisions\/7867"}],"wp:attachment":[{"href":"https:\/\/ronesanscelik.com.tr\/tr\/wp-json\/wp\/v2\/media?parent=7427"}],"curies":[{"name":"wp","href":"https:\/\/api.w.org\/{rel}","templated":true}]}}