{"id":7322,"date":"2025-12-19T09:13:09","date_gmt":"2025-12-19T09:13:09","guid":{"rendered":"https:\/\/ronesanscelik.com.tr\/baca-gazi-kanali\/"},"modified":"2026-02-05T14:27:30","modified_gmt":"2026-02-05T14:27:30","slug":"baca-gazi-kanali","status":"publish","type":"page","link":"https:\/\/ronesanscelik.com.tr\/tr\/baca-gazi-kanali\/","title":{"rendered":"baca gaz\u0131 kanal\u0131"},"content":{"rendered":"\t\t<div data-elementor-type=\"wp-page\" data-elementor-id=\"7322\" class=\"elementor elementor-7322 elementor-1562\" data-elementor-post-type=\"page\">\n\t\t\t\t<div class=\"elementor-element elementor-element-2a439fb7 e-flex e-con-boxed e-con e-parent\" data-id=\"2a439fb7\" data-element_type=\"container\" data-e-type=\"container\" data-settings=\"{&quot;background_background&quot;:&quot;classic&quot;}\">\n\t\t\t\t\t<div class=\"e-con-inner\">\n\t\t<div class=\"elementor-element elementor-element-3398e405 e-con-full e-flex e-con e-child\" data-id=\"3398e405\" data-element_type=\"container\" data-e-type=\"container\">\n\t\t\t\t<div class=\"elementor-element elementor-element-64ab6fc9 elementor-widget elementor-widget-heading\" data-id=\"64ab6fc9\" data-element_type=\"widget\" data-e-type=\"widget\" data-settings=\"{&quot;_animation&quot;:&quot;none&quot;}\" data-widget_type=\"heading.default\">\n\t\t\t\t\t<h1 class=\"elementor-heading-title elementor-size-default\">Baca Gaz\u0131 Kanal\u0131<\/h1>\t\t\t\t<\/div>\n\t\t\t\t<\/div>\n\t\t\t\t\t<\/div>\n\t\t\t\t<\/div>\n\t\t<div class=\"elementor-element elementor-element-78ac6f04 e-flex e-con-boxed e-con e-parent\" data-id=\"78ac6f04\" data-element_type=\"container\" data-e-type=\"container\" data-settings=\"{&quot;background_background&quot;:&quot;classic&quot;}\">\n\t\t\t\t\t<div class=\"e-con-inner\">\n\t\t<div class=\"elementor-element elementor-element-27851db3 e-con-full e-flex e-con e-child\" data-id=\"27851db3\" data-element_type=\"container\" data-e-type=\"container\">\n\t\t<div class=\"elementor-element elementor-element-33c8847e e-grid e-con-full e-con e-child\" data-id=\"33c8847e\" data-element_type=\"container\" data-e-type=\"container\">\n\t\t<div class=\"elementor-element elementor-element-16d13f10 e-con-full e-flex e-con e-child\" data-id=\"16d13f10\" data-element_type=\"container\" data-e-type=\"container\">\n\t\t<a class=\"elementor-element elementor-element-1efe1de8 e-con-full e-flex e-con e-child\" data-id=\"1efe1de8\" data-element_type=\"container\" data-e-type=\"container\" data-settings=\"{&quot;background_background&quot;:&quot;classic&quot;,&quot;animation&quot;:&quot;none&quot;,&quot;animation_delay&quot;:&quot;500&quot;}\" href=\"https:\/\/ronesanscelik.com.tr\/tr\/evonik-marl-enerji-projesi\/\">\n\t\t<div class=\"elementor-element elementor-element-4607978d e-con-full e-flex e-con e-child\" data-id=\"4607978d\" data-element_type=\"container\" data-e-type=\"container\">\n\t\t\t\t<\/div>\n\t\t<div class=\"elementor-element elementor-element-279614cd e-con-full e-flex e-con e-child\" data-id=\"279614cd\" data-element_type=\"container\" data-e-type=\"container\">\n\t\t\t\t<div class=\"elementor-element elementor-element-6e74a5a7 elementor-widget__width-initial elementor-widget elementor-widget-image-box\" data-id=\"6e74a5a7\" data-element_type=\"widget\" data-e-type=\"widget\" data-widget_type=\"image-box.default\">\n\t\t\t\t\t<div class=\"elementor-image-box-wrapper\"><div class=\"elementor-image-box-content\"><h5 class=\"elementor-image-box-title\">Evonik-Marl Enerji Projesi<\/h5><p class=\"elementor-image-box-description\">D\u00fcsseldorf, Almanya<\/p><\/div><\/div>\t\t\t\t<\/div>\n\t\t\t\t<\/div>\n\t\t\t\t<\/a>\n\t\t\t\t<\/div>\n\t\t<div class=\"elementor-element elementor-element-559f5f1e e-con-full e-flex e-con e-child\" data-id=\"559f5f1e\" data-element_type=\"container\" data-e-type=\"container\">\n\t\t<div class=\"elementor-element elementor-element-4ee704f9 e-con-full e-flex e-con e-child\" data-id=\"4ee704f9\" data-element_type=\"container\" data-e-type=\"container\" data-settings=\"{&quot;animation&quot;:&quot;none&quot;}\">\n\t\t<a class=\"elementor-element elementor-element-43e32f1d e-con-full e-flex e-con e-child\" data-id=\"43e32f1d\" data-element_type=\"container\" data-e-type=\"container\" data-settings=\"{&quot;background_background&quot;:&quot;classic&quot;}\" href=\"https:\/\/ronesanscelik.com.tr\/tr\/scholven-enerji-projesi\/\">\n\t\t<div class=\"elementor-element elementor-element-483baef4 e-con-full e-flex e-con e-child\" data-id=\"483baef4\" data-element_type=\"container\" data-e-type=\"container\">\n\t\t\t\t<\/div>\n\t\t<div class=\"elementor-element elementor-element-c0765fe e-con-full e-flex e-con e-child\" data-id=\"c0765fe\" data-element_type=\"container\" data-e-type=\"container\">\n\t\t\t\t<div class=\"elementor-element elementor-element-1b7bad07 elementor-widget__width-initial elementor-widget elementor-widget-image-box\" data-id=\"1b7bad07\" data-element_type=\"widget\" data-e-type=\"widget\" data-widget_type=\"image-box.default\">\n\t\t\t\t\t<div class=\"elementor-image-box-wrapper\"><div class=\"elementor-image-box-content\"><h5 class=\"elementor-image-box-title\">Scholven Enerji Projesi<\/h5><p class=\"elementor-image-box-description\">Gelsenkirchen, Almanya<\/p><\/div><\/div>\t\t\t\t<\/div>\n\t\t\t\t<\/div>\n\t\t\t\t<\/a>\n\t\t\t\t<\/div>\n\t\t\t\t<\/div>\n\t\t<div class=\"elementor-element elementor-element-17527ee6 e-con-full e-flex e-con e-child\" data-id=\"17527ee6\" data-element_type=\"container\" data-e-type=\"container\" data-settings=\"{&quot;animation&quot;:&quot;none&quot;,&quot;animation_delay&quot;:&quot;250&quot;}\">\n\t\t<a class=\"elementor-element elementor-element-5139f272 e-con-full e-flex e-con e-child\" data-id=\"5139f272\" data-element_type=\"container\" data-e-type=\"container\" data-settings=\"{&quot;background_background&quot;:&quot;classic&quot;}\" href=\"https:\/\/ronesanscelik.com.tr\/tr\/luehr-meksika\/\">\n\t\t<div class=\"elementor-element elementor-element-34dfd6d e-con-full e-flex e-con e-child\" data-id=\"34dfd6d\" data-element_type=\"container\" data-e-type=\"container\">\n\t\t\t\t<\/div>\n\t\t<div class=\"elementor-element elementor-element-4f5d8fae e-con-full e-flex e-con e-child\" data-id=\"4f5d8fae\" data-element_type=\"container\" data-e-type=\"container\">\n\t\t\t\t<div class=\"elementor-element elementor-element-1847a8b6 elementor-widget__width-initial elementor-widget elementor-widget-image-box\" data-id=\"1847a8b6\" data-element_type=\"widget\" data-e-type=\"widget\" data-widget_type=\"image-box.default\">\n\t\t\t\t\t<div class=\"elementor-image-box-wrapper\"><div class=\"elementor-image-box-content\"><h5 class=\"elementor-image-box-title\">Luehr Meksika<\/h5><p class=\"elementor-image-box-description\">Meksika<\/p><\/div><\/div>\t\t\t\t<\/div>\n\t\t\t\t<\/div>\n\t\t\t\t<\/a>\n\t\t\t\t<\/div>\n\t\t<div class=\"elementor-element elementor-element-56656980 e-con-full e-flex e-con e-child\" data-id=\"56656980\" data-element_type=\"container\" data-e-type=\"container\" data-settings=\"{&quot;animation&quot;:&quot;none&quot;,&quot;animation_delay&quot;:&quot;500&quot;}\">\n\t\t<a class=\"elementor-element elementor-element-5d218e68 e-con-full e-flex e-con e-child\" data-id=\"5d218e68\" data-element_type=\"container\" data-e-type=\"container\" data-settings=\"{&quot;background_background&quot;:&quot;classic&quot;}\" href=\"https:\/\/ronesanscelik.com.tr\/tr\/mhk-wurzburg\/\">\n\t\t<div class=\"elementor-element elementor-element-492e9ab8 e-con-full e-flex e-con e-child\" data-id=\"492e9ab8\" data-element_type=\"container\" data-e-type=\"container\">\n\t\t\t\t<\/div>\n\t\t<div class=\"elementor-element elementor-element-f219325 e-con-full e-flex e-con e-child\" data-id=\"f219325\" data-element_type=\"container\" data-e-type=\"container\">\n\t\t\t\t<div class=\"elementor-element elementor-element-6424b3ea elementor-widget__width-initial elementor-widget elementor-widget-image-box\" data-id=\"6424b3ea\" data-element_type=\"widget\" data-e-type=\"widget\" data-widget_type=\"image-box.default\">\n\t\t\t\t\t<div class=\"elementor-image-box-wrapper\"><div class=\"elementor-image-box-content\"><h5 class=\"elementor-image-box-title\">MHK-W\u00fcrzburg<\/h5><p class=\"elementor-image-box-description\">W\u00fcrzburg, Almanya<\/p><\/div><\/div>\t\t\t\t<\/div>\n\t\t\t\t<\/div>\n\t\t\t\t<\/a>\n\t\t\t\t<\/div>\n\t\t\t\t<\/div>\n\t\t\t\t<\/div>\n\t\t\t\t\t<\/div>\n\t\t\t\t<\/div>\n\t\t\t\t<\/div>\n\t\t","protected":false},"excerpt":{"rendered":"<p>Baca Gaz\u0131 Kanal\u0131 Evonik-Marl Enerji Projesi D\u00fcsseldorf, Almanya Scholven Enerji Projesi Gelsenkirchen, Almanya Luehr Meksika Meksika MHK-W\u00fcrzburg W\u00fcrzburg, Almanya<\/p>\n","protected":false},"author":1,"featured_media":0,"parent":0,"menu_order":0,"comment_status":"closed","ping_status":"closed","template":"","meta":{"footnotes":""},"class_list":["post-7322","page","type-page","status-publish","hentry"],"_links":{"self":[{"href":"https:\/\/ronesanscelik.com.tr\/tr\/wp-json\/wp\/v2\/pages\/7322","targetHints":{"allow":["GET"]}}],"collection":[{"href":"https:\/\/ronesanscelik.com.tr\/tr\/wp-json\/wp\/v2\/pages"}],"about":[{"href":"https:\/\/ronesanscelik.com.tr\/tr\/wp-json\/wp\/v2\/types\/page"}],"author":[{"embeddable":true,"href":"https:\/\/ronesanscelik.com.tr\/tr\/wp-json\/wp\/v2\/users\/1"}],"replies":[{"embeddable":true,"href":"https:\/\/ronesanscelik.com.tr\/tr\/wp-json\/wp\/v2\/comments?post=7322"}],"version-history":[{"count":1,"href":"https:\/\/ronesanscelik.com.tr\/tr\/wp-json\/wp\/v2\/pages\/7322\/revisions"}],"predecessor-version":[{"id":7334,"href":"https:\/\/ronesanscelik.com.tr\/tr\/wp-json\/wp\/v2\/pages\/7322\/revisions\/7334"}],"wp:attachment":[{"href":"https:\/\/ronesanscelik.com.tr\/tr\/wp-json\/wp\/v2\/media?parent=7322"}],"curies":[{"name":"wp","href":"https:\/\/api.w.org\/{rel}","templated":true}]}}