{"id":7068,"date":"2025-12-11T14:34:42","date_gmt":"2025-12-11T14:34:42","guid":{"rendered":"https:\/\/ronesanscelik.com.tr\/kopruler\/"},"modified":"2026-02-05T13:49:49","modified_gmt":"2026-02-05T13:49:49","slug":"kopruler","status":"publish","type":"page","link":"https:\/\/ronesanscelik.com.tr\/tr\/kopruler\/","title":{"rendered":"k\u00f6pr\u00fcler"},"content":{"rendered":"\t\t<div data-elementor-type=\"wp-page\" data-elementor-id=\"7068\" class=\"elementor elementor-7068 elementor-877\" data-elementor-post-type=\"page\">\n\t\t\t\t<div class=\"elementor-element elementor-element-674d2822 e-flex e-con-boxed e-con e-parent\" data-id=\"674d2822\" data-element_type=\"container\" data-e-type=\"container\" data-settings=\"{&quot;background_background&quot;:&quot;classic&quot;}\">\n\t\t\t\t\t<div class=\"e-con-inner\">\n\t\t<div class=\"elementor-element elementor-element-574c8eb3 e-con-full e-flex e-con e-child\" data-id=\"574c8eb3\" data-element_type=\"container\" data-e-type=\"container\">\n\t\t\t\t<div class=\"elementor-element elementor-element-78eb5029 elementor-widget elementor-widget-heading\" data-id=\"78eb5029\" data-element_type=\"widget\" data-e-type=\"widget\" data-settings=\"{&quot;_animation&quot;:&quot;none&quot;}\" data-widget_type=\"heading.default\">\n\t\t\t\t\t<h1 class=\"elementor-heading-title elementor-size-default\">K\u00f6pr\u00fcler<\/h1>\t\t\t\t<\/div>\n\t\t\t\t<\/div>\n\t\t\t\t\t<\/div>\n\t\t\t\t<\/div>\n\t\t<div class=\"elementor-element elementor-element-4540185a e-flex e-con-boxed e-con e-parent\" data-id=\"4540185a\" data-element_type=\"container\" data-e-type=\"container\" data-settings=\"{&quot;background_background&quot;:&quot;classic&quot;}\">\n\t\t\t\t\t<div class=\"e-con-inner\">\n\t\t<div class=\"elementor-element elementor-element-76b8c62f e-con-full e-flex e-con e-child\" data-id=\"76b8c62f\" data-element_type=\"container\" data-e-type=\"container\">\n\t\t<div class=\"elementor-element elementor-element-7ca1217c e-grid e-con-full e-con e-child\" data-id=\"7ca1217c\" data-element_type=\"container\" data-e-type=\"container\">\n\t\t<div class=\"elementor-element elementor-element-235cabaa e-con-full e-flex e-con e-child\" data-id=\"235cabaa\" data-element_type=\"container\" data-e-type=\"container\">\n\t\t<a class=\"elementor-element elementor-element-66b74078 e-con-full e-flex e-con e-child\" data-id=\"66b74078\" data-element_type=\"container\" data-e-type=\"container\" data-settings=\"{&quot;background_background&quot;:&quot;classic&quot;,&quot;animation&quot;:&quot;none&quot;}\" href=\"https:\/\/ronesanscelik.com.tr\/tr\/garabogaz-koprusu\/\">\n\t\t<div class=\"elementor-element elementor-element-18b26632 e-con-full e-flex e-con e-child\" data-id=\"18b26632\" data-element_type=\"container\" data-e-type=\"container\">\n\t\t\t\t<\/div>\n\t\t<div class=\"elementor-element elementor-element-e442f5e e-con-full e-flex e-con e-child\" data-id=\"e442f5e\" data-element_type=\"container\" data-e-type=\"container\">\n\t\t\t\t<div class=\"elementor-element elementor-element-5b25dd25 elementor-widget__width-initial elementor-widget elementor-widget-image-box\" data-id=\"5b25dd25\" data-element_type=\"widget\" data-e-type=\"widget\" data-widget_type=\"image-box.default\">\n\t\t\t\t\t<div class=\"elementor-image-box-wrapper\"><div class=\"elementor-image-box-content\"><h5 class=\"elementor-image-box-title\">Garabo\u011faz K\u00f6pr\u00fcs\u00fc<\/h5><p class=\"elementor-image-box-description\">T\u00fcrkmenba\u015f\u0131, T\u00fcrkmenistan<\/p><\/div><\/div>\t\t\t\t<\/div>\n\t\t\t\t<\/div>\n\t\t\t\t<\/a>\n\t\t\t\t<\/div>\n\t\t<div class=\"elementor-element elementor-element-604ed970 e-con-full e-flex e-con e-child\" data-id=\"604ed970\" data-element_type=\"container\" data-e-type=\"container\">\n\t\t<a class=\"elementor-element elementor-element-447b2099 e-con-full e-flex e-con e-child\" data-id=\"447b2099\" data-element_type=\"container\" data-e-type=\"container\" data-settings=\"{&quot;background_background&quot;:&quot;classic&quot;,&quot;animation&quot;:&quot;none&quot;,&quot;animation_delay&quot;:&quot;250&quot;}\" href=\"https:\/\/ronesanscelik.com.tr\/tr\/kirikkale-koprusu\/\">\n\t\t<div class=\"elementor-element elementor-element-21aa684d e-con-full e-flex e-con e-child\" data-id=\"21aa684d\" data-element_type=\"container\" data-e-type=\"container\">\n\t\t\t\t<\/div>\n\t\t<div class=\"elementor-element elementor-element-4baa8790 e-con-full e-flex e-con e-child\" data-id=\"4baa8790\" data-element_type=\"container\" data-e-type=\"container\">\n\t\t\t\t<div class=\"elementor-element elementor-element-69816a89 elementor-widget__width-initial elementor-widget elementor-widget-image-box\" data-id=\"69816a89\" data-element_type=\"widget\" data-e-type=\"widget\" data-widget_type=\"image-box.default\">\n\t\t\t\t\t<div class=\"elementor-image-box-wrapper\"><div class=\"elementor-image-box-content\"><h5 class=\"elementor-image-box-title\">K\u0131r\u0131kkale Ba\u011flant\u0131 K\u00f6pr\u00fcs\u00fc<\/h5><p class=\"elementor-image-box-description\">K\u0131r\u0131kkale, T\u00fcrkiye<\/p><\/div><\/div>\t\t\t\t<\/div>\n\t\t\t\t<\/div>\n\t\t\t\t<\/a>\n\t\t\t\t<\/div>\n\t\t<div class=\"elementor-element elementor-element-79e02c7 e-con-full e-flex e-con e-child\" data-id=\"79e02c7\" data-element_type=\"container\" data-e-type=\"container\" data-settings=\"{&quot;animation&quot;:&quot;none&quot;}\">\n\t\t<a class=\"elementor-element elementor-element-76fd7f6 e-con-full e-flex e-con e-child\" data-id=\"76fd7f6\" data-element_type=\"container\" data-e-type=\"container\" data-settings=\"{&quot;background_background&quot;:&quot;classic&quot;,&quot;animation&quot;:&quot;none&quot;,&quot;animation_delay&quot;:&quot;500&quot;}\" href=\"https:\/\/ronesanscelik.com.tr\/tr\/rabat-koprusu\/\">\n\t\t<div class=\"elementor-element elementor-element-7f225f6 e-con-full e-flex e-con e-child\" data-id=\"7f225f6\" data-element_type=\"container\" data-e-type=\"container\">\n\t\t\t\t<\/div>\n\t\t<div class=\"elementor-element elementor-element-4a11d9c e-con-full e-flex e-con e-child\" data-id=\"4a11d9c\" data-element_type=\"container\" data-e-type=\"container\">\n\t\t\t\t<div class=\"elementor-element elementor-element-554f7e3 elementor-widget__width-initial elementor-widget elementor-widget-image-box\" data-id=\"554f7e3\" data-element_type=\"widget\" data-e-type=\"widget\" data-widget_type=\"image-box.default\">\n\t\t\t\t\t<div class=\"elementor-image-box-wrapper\"><div class=\"elementor-image-box-content\"><h5 class=\"elementor-image-box-title\">Rabat Stadyum K\u00f6pr\u00fcs\u00fc<\/h5><p class=\"elementor-image-box-description\">Rabat, Fas<\/p><\/div><\/div>\t\t\t\t<\/div>\n\t\t\t\t<\/div>\n\t\t\t\t<\/a>\n\t\t\t\t<\/div>\n\t\t<div class=\"elementor-element elementor-element-7f6efb02 e-con-full e-flex e-con e-child\" data-id=\"7f6efb02\" data-element_type=\"container\" data-e-type=\"container\">\n\t\t<a class=\"elementor-element elementor-element-6614722a e-con-full e-flex e-con e-child\" data-id=\"6614722a\" data-element_type=\"container\" data-e-type=\"container\" data-settings=\"{&quot;background_background&quot;:&quot;classic&quot;,&quot;animation&quot;:&quot;none&quot;,&quot;animation_delay&quot;:&quot;500&quot;}\" href=\"https:\/\/ronesanscelik.com.tr\/tr\/zonguldak-koprusu\/\">\n\t\t<div class=\"elementor-element elementor-element-5cd40872 e-con-full e-flex e-con e-child\" data-id=\"5cd40872\" data-element_type=\"container\" data-e-type=\"container\">\n\t\t\t\t<\/div>\n\t\t<div class=\"elementor-element elementor-element-db41dcb e-con-full e-flex e-con e-child\" data-id=\"db41dcb\" data-element_type=\"container\" data-e-type=\"container\">\n\t\t\t\t<div class=\"elementor-element elementor-element-54364b90 elementor-widget__width-initial elementor-widget elementor-widget-image-box\" data-id=\"54364b90\" data-element_type=\"widget\" data-e-type=\"widget\" data-widget_type=\"image-box.default\">\n\t\t\t\t\t<div class=\"elementor-image-box-wrapper\"><div class=\"elementor-image-box-content\"><h5 class=\"elementor-image-box-title\">Zonguldak Fevkani K\u00f6pr\u00fcs\u00fc<\/h5><p class=\"elementor-image-box-description\">Zonguldak, T\u00fcrkiye<\/p><\/div><\/div>\t\t\t\t<\/div>\n\t\t\t\t<\/div>\n\t\t\t\t<\/a>\n\t\t\t\t<\/div>\n\t\t\t\t<\/div>\n\t\t\t\t<\/div>\n\t\t\t\t\t<\/div>\n\t\t\t\t<\/div>\n\t\t\t\t<\/div>\n\t\t","protected":false},"excerpt":{"rendered":"<p>K\u00f6pr\u00fcler Garabo\u011faz K\u00f6pr\u00fcs\u00fc T\u00fcrkmenba\u015f\u0131, T\u00fcrkmenistan K\u0131r\u0131kkale Ba\u011flant\u0131 K\u00f6pr\u00fcs\u00fc K\u0131r\u0131kkale, T\u00fcrkiye Rabat Stadyum K\u00f6pr\u00fcs\u00fc Rabat, Fas Zonguldak Fevkani K\u00f6pr\u00fcs\u00fc Zonguldak, T\u00fcrkiye<\/p>\n","protected":false},"author":1,"featured_media":0,"parent":0,"menu_order":0,"comment_status":"closed","ping_status":"closed","template":"","meta":{"footnotes":""},"class_list":["post-7068","page","type-page","status-publish","hentry"],"_links":{"self":[{"href":"https:\/\/ronesanscelik.com.tr\/tr\/wp-json\/wp\/v2\/pages\/7068","targetHints":{"allow":["GET"]}}],"collection":[{"href":"https:\/\/ronesanscelik.com.tr\/tr\/wp-json\/wp\/v2\/pages"}],"about":[{"href":"https:\/\/ronesanscelik.com.tr\/tr\/wp-json\/wp\/v2\/types\/page"}],"author":[{"embeddable":true,"href":"https:\/\/ronesanscelik.com.tr\/tr\/wp-json\/wp\/v2\/users\/1"}],"replies":[{"embeddable":true,"href":"https:\/\/ronesanscelik.com.tr\/tr\/wp-json\/wp\/v2\/comments?post=7068"}],"version-history":[{"count":3,"href":"https:\/\/ronesanscelik.com.tr\/tr\/wp-json\/wp\/v2\/pages\/7068\/revisions"}],"predecessor-version":[{"id":7766,"href":"https:\/\/ronesanscelik.com.tr\/tr\/wp-json\/wp\/v2\/pages\/7068\/revisions\/7766"}],"wp:attachment":[{"href":"https:\/\/ronesanscelik.com.tr\/tr\/wp-json\/wp\/v2\/media?parent=7068"}],"curies":[{"name":"wp","href":"https:\/\/api.w.org\/{rel}","templated":true}]}}