{"id":7007,"date":"2025-12-24T16:20:33","date_gmt":"2025-12-24T16:20:33","guid":{"rendered":"https:\/\/ronesanscelik.com.tr\/hava-onisiticisi\/"},"modified":"2026-02-05T14:27:27","modified_gmt":"2026-02-05T14:27:27","slug":"hava-onisiticisi","status":"publish","type":"page","link":"https:\/\/ronesanscelik.com.tr\/tr\/hava-onisiticisi\/","title":{"rendered":"hava \u00f6n\u0131s\u0131t\u0131c\u0131s\u0131"},"content":{"rendered":"\t\t<div data-elementor-type=\"wp-page\" data-elementor-id=\"7007\" class=\"elementor elementor-7007 elementor-1792\" data-elementor-post-type=\"page\">\n\t\t\t\t<div class=\"elementor-element elementor-element-6bcbe5fd e-flex e-con-boxed e-con e-parent\" data-id=\"6bcbe5fd\" data-element_type=\"container\" data-e-type=\"container\" data-settings=\"{&quot;background_background&quot;:&quot;classic&quot;}\">\n\t\t\t\t\t<div class=\"e-con-inner\">\n\t\t<div class=\"elementor-element elementor-element-561a9b2 e-con-full e-flex e-con e-child\" data-id=\"561a9b2\" data-element_type=\"container\" data-e-type=\"container\">\n\t\t\t\t<div class=\"elementor-element elementor-element-12eb20cb elementor-widget elementor-widget-heading\" data-id=\"12eb20cb\" data-element_type=\"widget\" data-e-type=\"widget\" data-settings=\"{&quot;_animation&quot;:&quot;none&quot;}\" data-widget_type=\"heading.default\">\n\t\t\t\t\t<h1 class=\"elementor-heading-title elementor-size-default\">Hava \u00d6n\u0131s\u0131t\u0131c\u0131s\u0131<\/h1>\t\t\t\t<\/div>\n\t\t\t\t<\/div>\n\t\t\t\t\t<\/div>\n\t\t\t\t<\/div>\n\t\t<div class=\"elementor-element elementor-element-1b08cbb0 e-flex e-con-boxed e-con e-parent\" data-id=\"1b08cbb0\" data-element_type=\"container\" data-e-type=\"container\" data-settings=\"{&quot;background_background&quot;:&quot;classic&quot;}\">\n\t\t\t\t\t<div class=\"e-con-inner\">\n\t\t<div class=\"elementor-element elementor-element-4a89b668 e-con-full e-flex e-con e-child\" data-id=\"4a89b668\" data-element_type=\"container\" data-e-type=\"container\">\n\t\t\t\t<div class=\"elementor-element elementor-element-5fcde9b4 elementor-widget-divider--view-line elementor-invisible elementor-widget elementor-widget-divider\" data-id=\"5fcde9b4\" data-element_type=\"widget\" data-e-type=\"widget\" data-settings=\"{&quot;_animation&quot;:&quot;fadeInUp&quot;}\" data-widget_type=\"divider.default\">\n\t\t\t\t\t\t\t<div class=\"elementor-divider\">\n\t\t\t<span class=\"elementor-divider-separator\">\n\t\t\t\t\t\t<\/span>\n\t\t<\/div>\n\t\t\t\t\t\t<\/div>\n\t\t\t\t<\/div>\n\t\t<div class=\"elementor-element elementor-element-712c48d0 e-con-full e-flex e-con e-child\" data-id=\"712c48d0\" data-element_type=\"container\" data-e-type=\"container\">\n\t\t<div class=\"elementor-element elementor-element-240d230b e-grid e-con-full e-con e-child\" data-id=\"240d230b\" data-element_type=\"container\" data-e-type=\"container\">\n\t\t<div class=\"elementor-element elementor-element-34e7b796 e-con-full e-flex e-con e-child\" data-id=\"34e7b796\" data-element_type=\"container\" data-e-type=\"container\">\n\t\t<a class=\"elementor-element elementor-element-6aca43e4 e-con-full e-flex e-con e-child\" data-id=\"6aca43e4\" data-element_type=\"container\" data-e-type=\"container\" data-settings=\"{&quot;background_background&quot;:&quot;classic&quot;,&quot;animation&quot;:&quot;none&quot;}\" href=\"https:\/\/ronesanscelik.com.tr\/tr\/sodegaura\/\">\n\t\t<div class=\"elementor-element elementor-element-19e177e6 e-con-full e-flex e-con e-child\" data-id=\"19e177e6\" data-element_type=\"container\" data-e-type=\"container\">\n\t\t\t\t<\/div>\n\t\t<div class=\"elementor-element elementor-element-2410316d e-con-full e-flex e-con e-child\" data-id=\"2410316d\" data-element_type=\"container\" data-e-type=\"container\">\n\t\t\t\t<div class=\"elementor-element elementor-element-24b4969f elementor-widget__width-initial elementor-widget elementor-widget-image-box\" data-id=\"24b4969f\" data-element_type=\"widget\" data-e-type=\"widget\" data-widget_type=\"image-box.default\">\n\t\t\t\t\t<div class=\"elementor-image-box-wrapper\"><div class=\"elementor-image-box-content\"><h5 class=\"elementor-image-box-title\">Sodegaura Biyok\u00fctle Enerji Santrali <\/h5><\/div><\/div>\t\t\t\t<\/div>\n\t\t\t\t<\/div>\n\t\t\t\t<\/a>\n\t\t\t\t<\/div>\n\t\t\t\t<\/div>\n\t\t\t\t<\/div>\n\t\t\t\t\t<\/div>\n\t\t\t\t<\/div>\n\t\t\t\t<\/div>\n\t\t","protected":false},"excerpt":{"rendered":"<p>Hava \u00d6n\u0131s\u0131t\u0131c\u0131s\u0131 Sodegaura Biyok\u00fctle Enerji Santrali<\/p>\n","protected":false},"author":1,"featured_media":0,"parent":0,"menu_order":0,"comment_status":"closed","ping_status":"closed","template":"","meta":{"footnotes":""},"class_list":["post-7007","page","type-page","status-publish","hentry"],"_links":{"self":[{"href":"https:\/\/ronesanscelik.com.tr\/tr\/wp-json\/wp\/v2\/pages\/7007","targetHints":{"allow":["GET"]}}],"collection":[{"href":"https:\/\/ronesanscelik.com.tr\/tr\/wp-json\/wp\/v2\/pages"}],"about":[{"href":"https:\/\/ronesanscelik.com.tr\/tr\/wp-json\/wp\/v2\/types\/page"}],"author":[{"embeddable":true,"href":"https:\/\/ronesanscelik.com.tr\/tr\/wp-json\/wp\/v2\/users\/1"}],"replies":[{"embeddable":true,"href":"https:\/\/ronesanscelik.com.tr\/tr\/wp-json\/wp\/v2\/comments?post=7007"}],"version-history":[{"count":1,"href":"https:\/\/ronesanscelik.com.tr\/tr\/wp-json\/wp\/v2\/pages\/7007\/revisions"}],"predecessor-version":[{"id":7008,"href":"https:\/\/ronesanscelik.com.tr\/tr\/wp-json\/wp\/v2\/pages\/7007\/revisions\/7008"}],"wp:attachment":[{"href":"https:\/\/ronesanscelik.com.tr\/tr\/wp-json\/wp\/v2\/media?parent=7007"}],"curies":[{"name":"wp","href":"https:\/\/api.w.org\/{rel}","templated":true}]}}