{"id":6154,"date":"2026-01-10T10:31:39","date_gmt":"2026-01-10T10:31:39","guid":{"rendered":"https:\/\/ronesanscelik.com.tr\/organizasyon\/"},"modified":"2026-03-13T10:40:27","modified_gmt":"2026-03-13T10:40:27","slug":"organizasyon","status":"publish","type":"page","link":"https:\/\/ronesanscelik.com.tr\/tr\/organizasyon\/","title":{"rendered":"y\u00f6netim"},"content":{"rendered":"\t\t<div data-elementor-type=\"wp-page\" data-elementor-id=\"6154\" class=\"elementor elementor-6154 elementor-4808\" data-elementor-post-type=\"page\">\n\t\t\t\t<div class=\"elementor-element elementor-element-1c021b82 e-flex e-con-boxed e-con e-parent\" data-id=\"1c021b82\" data-element_type=\"container\" data-e-type=\"container\" data-settings=\"{&quot;background_background&quot;:&quot;gradient&quot;}\">\n\t\t\t\t\t<div class=\"e-con-inner\">\n\t\t<div class=\"elementor-element elementor-element-4b949c29 e-con-full e-flex e-con e-child\" data-id=\"4b949c29\" data-element_type=\"container\" data-e-type=\"container\">\n\t\t\t\t<div class=\"elementor-element elementor-element-306097c4 elementor-widget elementor-widget-heading\" data-id=\"306097c4\" data-element_type=\"widget\" data-e-type=\"widget\" data-settings=\"{&quot;_animation&quot;:&quot;none&quot;}\" data-widget_type=\"heading.default\">\n\t\t\t\t\t<h1 class=\"elementor-heading-title elementor-size-default\">Y\u00f6netim<\/h1>\t\t\t\t<\/div>\n\t\t\t\t<\/div>\n\t\t\t\t\t<\/div>\n\t\t\t\t<\/div>\n\t\t<div class=\"elementor-element elementor-element-a50051f e-grid e-con-boxed e-con e-parent\" data-id=\"a50051f\" data-element_type=\"container\" data-e-type=\"container\">\n\t\t\t\t\t<div class=\"e-con-inner\">\n\t\t<div class=\"elementor-element elementor-element-90ac57a e-con-full e-flex e-con e-child\" data-id=\"90ac57a\" data-element_type=\"container\" data-e-type=\"container\">\n\t\t\t\t<\/div>\n\t\t<div class=\"elementor-element elementor-element-f5091f4 e-con-full e-flex e-con e-child\" data-id=\"f5091f4\" data-element_type=\"container\" data-e-type=\"container\" data-settings=\"{&quot;background_background&quot;:&quot;classic&quot;}\">\n\t\t\t\t<\/div>\n\t\t<div class=\"elementor-element elementor-element-c3518e9 e-con-full e-flex e-con e-child\" data-id=\"c3518e9\" data-element_type=\"container\" data-e-type=\"container\">\n\t\t<div class=\"elementor-element elementor-element-aeb9ee0 e-con-full e-flex e-con e-child\" data-id=\"aeb9ee0\" data-element_type=\"container\" data-e-type=\"container\">\n\t\t\t\t<div class=\"elementor-element elementor-element-0d0d02c elementor-widget elementor-widget-heading\" data-id=\"0d0d02c\" data-element_type=\"widget\" data-e-type=\"widget\" data-widget_type=\"heading.default\">\n\t\t\t\t\t<h5 class=\"elementor-heading-title elementor-size-default\">Ayhan \u00c7ekim<\/h5>\t\t\t\t<\/div>\n\t\t\t\t<div class=\"elementor-element elementor-element-85930d8 elementor-widget elementor-widget-heading\" data-id=\"85930d8\" data-element_type=\"widget\" data-e-type=\"widget\" data-widget_type=\"heading.default\">\n\t\t\t\t\t<h6 class=\"elementor-heading-title elementor-size-default\">Y\u00f6netim Kurulu Ba\u015fkan\u0131 \/ Genel M\u00fcd\u00fcr<\/h6>\t\t\t\t<\/div>\n\t\t\t\t<\/div>\n\t\t\t\t<\/div>\n\t\t\t\t\t<\/div>\n\t\t\t\t<\/div>\n\t\t<div class=\"elementor-element elementor-element-d106408 e-grid e-con-boxed e-con e-parent\" data-id=\"d106408\" data-element_type=\"container\" data-e-type=\"container\">\n\t\t\t\t\t<div class=\"e-con-inner\">\n\t\t<div class=\"elementor-element elementor-element-65a2953 e-con-full e-flex e-con e-child\" data-id=\"65a2953\" data-element_type=\"container\" data-e-type=\"container\">\n\t\t\t\t<\/div>\n\t\t<div class=\"elementor-element elementor-element-3cad128 e-flex e-con-boxed e-con e-child\" data-id=\"3cad128\" data-element_type=\"container\" data-e-type=\"container\" data-settings=\"{&quot;background_background&quot;:&quot;classic&quot;}\">\n\t\t\t\t\t<div class=\"e-con-inner\">\n\t\t\t\t\t<\/div>\n\t\t\t\t<\/div>\n\t\t<div class=\"elementor-element elementor-element-eeafc2c e-con-full e-flex e-con e-child\" data-id=\"eeafc2c\" data-element_type=\"container\" data-e-type=\"container\">\n\t\t<div class=\"elementor-element elementor-element-dbb575a e-con-full e-flex e-con e-child\" data-id=\"dbb575a\" data-element_type=\"container\" data-e-type=\"container\">\n\t\t\t\t<div class=\"elementor-element elementor-element-58610cd elementor-widget elementor-widget-heading\" data-id=\"58610cd\" data-element_type=\"widget\" data-e-type=\"widget\" data-widget_type=\"heading.default\">\n\t\t\t\t\t<h5 class=\"elementor-heading-title elementor-size-default\">Erdo\u011fan Ko\u00e7o\u011flu<\/h5>\t\t\t\t<\/div>\n\t\t\t\t<div class=\"elementor-element elementor-element-9c8d393 elementor-widget elementor-widget-heading\" data-id=\"9c8d393\" data-element_type=\"widget\" data-e-type=\"widget\" data-widget_type=\"heading.default\">\n\t\t\t\t\t<h6 class=\"elementor-heading-title elementor-size-default\">Genel M\u00fcd\u00fcr Yard\u0131mc\u0131s\u0131<\/h6>\t\t\t\t<\/div>\n\t\t\t\t<\/div>\n\t\t\t\t<\/div>\n\t\t\t\t\t<\/div>\n\t\t\t\t<\/div>\n\t\t<div class=\"elementor-element elementor-element-e44c751 e-grid e-con-boxed e-con e-parent\" data-id=\"e44c751\" data-element_type=\"container\" data-e-type=\"container\">\n\t\t\t\t\t<div class=\"e-con-inner\">\n\t\t<div class=\"elementor-element elementor-element-f88efef e-con-full e-flex e-con e-child\" data-id=\"f88efef\" data-element_type=\"container\" data-e-type=\"container\">\n\t\t\t\t<\/div>\n\t\t<div class=\"elementor-element elementor-element-05b1e86 e-con-full e-flex e-con e-child\" data-id=\"05b1e86\" data-element_type=\"container\" data-e-type=\"container\" data-settings=\"{&quot;background_background&quot;:&quot;classic&quot;}\">\n\t\t\t\t<\/div>\n\t\t<div class=\"elementor-element elementor-element-958c770 e-con-full e-flex e-con e-child\" data-id=\"958c770\" data-element_type=\"container\" data-e-type=\"container\">\n\t\t<div class=\"elementor-element elementor-element-e8b05d2 e-con-full e-flex e-con e-child\" data-id=\"e8b05d2\" data-element_type=\"container\" data-e-type=\"container\">\n\t\t\t\t<div class=\"elementor-element elementor-element-be5c249 elementor-widget elementor-widget-heading\" data-id=\"be5c249\" data-element_type=\"widget\" data-e-type=\"widget\" data-widget_type=\"heading.default\">\n\t\t\t\t\t<h5 class=\"elementor-heading-title elementor-size-default\">Hakan Utku Band\u0131rmal\u0131o\u011flu<\/h5>\t\t\t\t<\/div>\n\t\t\t\t<div class=\"elementor-element elementor-element-544b88f elementor-widget elementor-widget-heading\" data-id=\"544b88f\" data-element_type=\"widget\" data-e-type=\"widget\" data-widget_type=\"heading.default\">\n\t\t\t\t\t<h6 class=\"elementor-heading-title elementor-size-default\">Finans Direkt\u00f6r\u00fc<\/h6>\t\t\t\t<\/div>\n\t\t\t\t<\/div>\n\t\t\t\t<\/div>\n\t\t\t\t\t<\/div>\n\t\t\t\t<\/div>\n\t\t<div class=\"elementor-element elementor-element-28b44465 elementor-hidden-desktop elementor-hidden-tablet elementor-hidden-mobile e-flex e-con-boxed e-con e-parent\" data-id=\"28b44465\" data-element_type=\"container\" data-e-type=\"container\" data-settings=\"{&quot;background_background&quot;:&quot;classic&quot;}\">\n\t\t\t\t\t<div class=\"e-con-inner\">\n\t\t<div class=\"elementor-element elementor-element-754707e e-con-full e-flex e-con e-child\" data-id=\"754707e\" data-element_type=\"container\" data-e-type=\"container\" data-settings=\"{&quot;background_background&quot;:&quot;classic&quot;}\">\n\t\t<div class=\"elementor-element elementor-element-cfb9356 e-con-full e-flex e-con e-child\" data-id=\"cfb9356\" data-element_type=\"container\" data-e-type=\"container\">\n\t\t\t\t<div class=\"elementor-element elementor-element-49e6f1b elementor-widget-divider--view-line elementor-widget elementor-widget-divider\" data-id=\"49e6f1b\" data-element_type=\"widget\" data-e-type=\"widget\" data-widget_type=\"divider.default\">\n\t\t\t\t\t\t\t<div class=\"elementor-divider\">\n\t\t\t<span class=\"elementor-divider-separator\">\n\t\t\t\t\t\t<\/span>\n\t\t<\/div>\n\t\t\t\t\t\t<\/div>\n\t\t\t\t<\/div>\n\t\t<div class=\"elementor-element elementor-element-43df708 e-con-full e-flex e-con e-child\" data-id=\"43df708\" data-element_type=\"container\" data-e-type=\"container\">\n\t\t\t\t<div class=\"elementor-element elementor-element-b6b2c7e elementor-widget__width-initial elementor-widget elementor-widget-image-box\" data-id=\"b6b2c7e\" data-element_type=\"widget\" data-e-type=\"widget\" data-widget_type=\"image-box.default\">\n\t\t\t\t\t<div class=\"elementor-image-box-wrapper\"><div class=\"elementor-image-box-content\"><h6 class=\"elementor-image-box-title\">Ayhan \u00c7ekim<\/h6><p class=\"elementor-image-box-description\">Y\u00f6netim Kurulu Ba\u015fkan\u0131 \/ Genel M\u00fcd\u00fcr<\/p><\/div><\/div>\t\t\t\t<\/div>\n\t\t\t\t<\/div>\n\t\t\t\t<\/div>\n\t\t<div class=\"elementor-element elementor-element-c74d7bd e-con-full e-flex e-con e-child\" data-id=\"c74d7bd\" data-element_type=\"container\" data-e-type=\"container\" data-settings=\"{&quot;background_background&quot;:&quot;classic&quot;}\">\n\t\t<div class=\"elementor-element elementor-element-626f661 e-con-full e-flex e-con e-child\" data-id=\"626f661\" data-element_type=\"container\" data-e-type=\"container\">\n\t\t\t\t<div class=\"elementor-element elementor-element-75762dd elementor-widget-divider--view-line elementor-widget elementor-widget-divider\" data-id=\"75762dd\" data-element_type=\"widget\" data-e-type=\"widget\" data-widget_type=\"divider.default\">\n\t\t\t\t\t\t\t<div class=\"elementor-divider\">\n\t\t\t<span class=\"elementor-divider-separator\">\n\t\t\t\t\t\t<\/span>\n\t\t<\/div>\n\t\t\t\t\t\t<\/div>\n\t\t\t\t<\/div>\n\t\t<div class=\"elementor-element elementor-element-84532ab e-con-full e-flex e-con e-child\" data-id=\"84532ab\" data-element_type=\"container\" data-e-type=\"container\">\n\t\t\t\t<div class=\"elementor-element elementor-element-f1a45ff elementor-widget__width-initial elementor-widget elementor-widget-image-box\" data-id=\"f1a45ff\" data-element_type=\"widget\" data-e-type=\"widget\" data-widget_type=\"image-box.default\">\n\t\t\t\t\t<div class=\"elementor-image-box-wrapper\"><div class=\"elementor-image-box-content\"><h6 class=\"elementor-image-box-title\">Erdo\u011fan Ko\u00e7o\u011flu<\/h6><p class=\"elementor-image-box-description\">Genel M\u00fcd\u00fcr Yard\u0131mc\u0131s\u0131Deputy Manager<\/p><\/div><\/div>\t\t\t\t<\/div>\n\t\t\t\t<\/div>\n\t\t\t\t<\/div>\n\t\t<div class=\"elementor-element elementor-element-5d72e9e e-con-full e-flex e-con e-child\" data-id=\"5d72e9e\" data-element_type=\"container\" data-e-type=\"container\" data-settings=\"{&quot;background_background&quot;:&quot;classic&quot;}\">\n\t\t<div class=\"elementor-element elementor-element-e0e78f6 e-con-full e-flex e-con e-child\" data-id=\"e0e78f6\" data-element_type=\"container\" data-e-type=\"container\">\n\t\t\t\t<div class=\"elementor-element elementor-element-2ab6337 elementor-widget-divider--view-line elementor-widget elementor-widget-divider\" data-id=\"2ab6337\" data-element_type=\"widget\" data-e-type=\"widget\" data-widget_type=\"divider.default\">\n\t\t\t\t\t\t\t<div class=\"elementor-divider\">\n\t\t\t<span class=\"elementor-divider-separator\">\n\t\t\t\t\t\t<\/span>\n\t\t<\/div>\n\t\t\t\t\t\t<\/div>\n\t\t\t\t<\/div>\n\t\t<div class=\"elementor-element elementor-element-363d198 e-con-full e-flex e-con e-child\" data-id=\"363d198\" data-element_type=\"container\" data-e-type=\"container\">\n\t\t\t\t<div class=\"elementor-element elementor-element-bb132f4 elementor-widget__width-initial elementor-widget elementor-widget-image-box\" data-id=\"bb132f4\" data-element_type=\"widget\" data-e-type=\"widget\" data-widget_type=\"image-box.default\">\n\t\t\t\t\t<div class=\"elementor-image-box-wrapper\"><div class=\"elementor-image-box-content\"><h6 class=\"elementor-image-box-title\">H. Utku Band\u0131rmal\u0131o\u011flu<\/h6><p class=\"elementor-image-box-description\">Finans Direkt\u00f6r\u00fc<\/p><\/div><\/div>\t\t\t\t<\/div>\n\t\t\t\t<\/div>\n\t\t\t\t<\/div>\n\t\t\t\t\t<\/div>\n\t\t\t\t<\/div>\n\t\t\t\t<\/div>\n\t\t","protected":false},"excerpt":{"rendered":"<p>Y\u00f6netim Ayhan \u00c7ekim Y\u00f6netim Kurulu Ba\u015fkan\u0131 \/ Genel M\u00fcd\u00fcr Erdo\u011fan Ko\u00e7o\u011flu Genel M\u00fcd\u00fcr Yard\u0131mc\u0131s\u0131 Hakan Utku Band\u0131rmal\u0131o\u011flu Finans Direkt\u00f6r\u00fc Ayhan \u00c7ekim Y\u00f6netim Kurulu Ba\u015fkan\u0131 \/ Genel M\u00fcd\u00fcr Erdo\u011fan Ko\u00e7o\u011flu Genel M\u00fcd\u00fcr Yard\u0131mc\u0131s\u0131Deputy Manager H. Utku Band\u0131rmal\u0131o\u011flu Finans Direkt\u00f6r\u00fc<\/p>\n","protected":false},"author":1,"featured_media":0,"parent":0,"menu_order":0,"comment_status":"closed","ping_status":"closed","template":"","meta":{"footnotes":""},"class_list":["post-6154","page","type-page","status-publish","hentry"],"_links":{"self":[{"href":"https:\/\/ronesanscelik.com.tr\/tr\/wp-json\/wp\/v2\/pages\/6154","targetHints":{"allow":["GET"]}}],"collection":[{"href":"https:\/\/ronesanscelik.com.tr\/tr\/wp-json\/wp\/v2\/pages"}],"about":[{"href":"https:\/\/ronesanscelik.com.tr\/tr\/wp-json\/wp\/v2\/types\/page"}],"author":[{"embeddable":true,"href":"https:\/\/ronesanscelik.com.tr\/tr\/wp-json\/wp\/v2\/users\/1"}],"replies":[{"embeddable":true,"href":"https:\/\/ronesanscelik.com.tr\/tr\/wp-json\/wp\/v2\/comments?post=6154"}],"version-history":[{"count":13,"href":"https:\/\/ronesanscelik.com.tr\/tr\/wp-json\/wp\/v2\/pages\/6154\/revisions"}],"predecessor-version":[{"id":9137,"href":"https:\/\/ronesanscelik.com.tr\/tr\/wp-json\/wp\/v2\/pages\/6154\/revisions\/9137"}],"wp:attachment":[{"href":"https:\/\/ronesanscelik.com.tr\/tr\/wp-json\/wp\/v2\/media?parent=6154"}],"curies":[{"name":"wp","href":"https:\/\/api.w.org\/{rel}","templated":true}]}}