{"id":6147,"date":"2026-01-10T11:12:34","date_gmt":"2026-01-10T11:12:34","guid":{"rendered":"https:\/\/ronesanscelik.com.tr\/tarihce\/"},"modified":"2026-03-27T12:09:12","modified_gmt":"2026-03-27T12:09:12","slug":"tarihce","status":"publish","type":"page","link":"https:\/\/ronesanscelik.com.tr\/tr\/tarihce\/","title":{"rendered":"tarih\u00e7e"},"content":{"rendered":"\t\t<div data-elementor-type=\"wp-page\" data-elementor-id=\"6147\" class=\"elementor elementor-6147 elementor-4830\" data-elementor-post-type=\"page\">\n\t\t\t\t<div class=\"elementor-element elementor-element-51eb2e53 e-flex e-con-boxed e-con e-parent\" data-id=\"51eb2e53\" data-element_type=\"container\" data-e-type=\"container\" data-settings=\"{&quot;background_background&quot;:&quot;classic&quot;}\">\n\t\t\t\t\t<div class=\"e-con-inner\">\n\t\t<div class=\"elementor-element elementor-element-57d7c503 e-con-full e-flex e-con e-child\" data-id=\"57d7c503\" data-element_type=\"container\" data-e-type=\"container\">\n\t\t\t\t<div class=\"elementor-element elementor-element-6ae54c84 elementor-widget elementor-widget-heading\" data-id=\"6ae54c84\" data-element_type=\"widget\" data-e-type=\"widget\" data-settings=\"{&quot;_animation&quot;:&quot;none&quot;}\" data-widget_type=\"heading.default\">\n\t\t\t\t\t<h1 class=\"elementor-heading-title elementor-size-default\">Tarih\u00e7e<\/h1>\t\t\t\t<\/div>\n\t\t\t\t<\/div>\n\t\t\t\t\t<\/div>\n\t\t\t\t<\/div>\n\t\t<div class=\"elementor-element elementor-element-7d5bd133 e-flex e-con-boxed e-con e-parent\" data-id=\"7d5bd133\" data-element_type=\"container\" data-e-type=\"container\">\n\t\t\t\t\t<div class=\"e-con-inner\">\n\t\t<div class=\"elementor-element elementor-element-7a28bc5e e-con-full e-flex e-con e-child\" data-id=\"7a28bc5e\" data-element_type=\"container\" data-e-type=\"container\">\n\t\t\t\t<div class=\"elementor-element elementor-element-6025dcfb elementor-widget__width-initial elementor-widget elementor-widget-image\" data-id=\"6025dcfb\" data-element_type=\"widget\" data-e-type=\"widget\" data-settings=\"{&quot;_animation&quot;:&quot;none&quot;}\" data-widget_type=\"image.default\">\n\t\t\t\t\t\t\t\t\t\t\t\t\t\t\t<img fetchpriority=\"high\" decoding=\"async\" width=\"800\" height=\"412\" src=\"https:\/\/ronesanscelik.com.tr\/wp-content\/uploads\/2026\/01\/ronesans_gece_fabrika_94111942-1-1024x527.webp\" class=\"attachment-large size-large wp-image-6090\" alt=\"\" srcset=\"https:\/\/ronesanscelik.com.tr\/wp-content\/uploads\/2026\/01\/ronesans_gece_fabrika_94111942-1-1024x527.webp 1024w, https:\/\/ronesanscelik.com.tr\/wp-content\/uploads\/2026\/01\/ronesans_gece_fabrika_94111942-1-300x155.webp 300w, https:\/\/ronesanscelik.com.tr\/wp-content\/uploads\/2026\/01\/ronesans_gece_fabrika_94111942-1-768x396.webp 768w, https:\/\/ronesanscelik.com.tr\/wp-content\/uploads\/2026\/01\/ronesans_gece_fabrika_94111942-1-1536x791.webp 1536w, https:\/\/ronesanscelik.com.tr\/wp-content\/uploads\/2026\/01\/ronesans_gece_fabrika_94111942-1-2048x1055.webp 2048w\" sizes=\"(max-width: 800px) 100vw, 800px\" \/>\t\t\t\t\t\t\t\t\t\t\t\t\t\t\t<\/div>\n\t\t<div class=\"elementor-element elementor-element-3c3056f0 e-con-full e-flex e-con e-child\" data-id=\"3c3056f0\" data-element_type=\"container\" data-e-type=\"container\">\n\t\t\t\t<div class=\"elementor-element elementor-element-2c59a214 elementor-widget elementor-widget-text-editor\" data-id=\"2c59a214\" data-element_type=\"widget\" data-e-type=\"widget\" data-settings=\"{&quot;_animation&quot;:&quot;none&quot;,&quot;_animation_delay&quot;:&quot;250&quot;}\" data-widget_type=\"text-editor.default\">\n\t\t\t\t\t\t\t\t\t<p>1997 y\u0131l\u0131nda Ayhan \u00c7ekim taraf\u0131ndan Ankara&#8217;da k\u00fc\u00e7\u00fck bir dairede kurulan R\u00f6nesans \u00c7elik, \u00e7elik yap\u0131 sekt\u00f6r\u00fcn\u00fcn \u00f6nde gelen \u00fcreticilerinden biri haline gelmi\u015ftir.<\/p><p>Bug\u00fcn, \u015firket 40.000 m\u00b2&#8217;lik bir \u00fcretim tesisinde faaliyet g\u00f6stermekte olup, 300&#8217;den fazla \u00e7al\u0131\u015fan\u0131 ve 38.000 tonluk y\u0131ll\u0131k \u00fcretim kapasitesiyle desteklenmektedir.<\/p><p>Son 30 y\u0131lda R\u00f6nesans \u00c7elik, Avrupa&#8217;da g\u00fc\u00e7l\u00fc bir varl\u0131k g\u00f6stererek d\u00f6rt k\u0131tada 30&#8217;dan fazla \u00fclkede stadyumlar, enerji tesisleri ve k\u00f6pr\u00fc yap\u0131lar\u0131 dahil olmak \u00fczere y\u00fcksek kaliteli projeleri ba\u015far\u0131yla teslim etmi\u015ftir.<\/p><p>Otuz y\u0131ll\u0131k deneyimi ve teknik uzmanl\u0131\u011f\u0131yla R\u00f6nesans \u00c7elik, Japonya&#8217;dan Meksika&#8217;ya kadar d\u00fcnyan\u0131n d\u00f6rt bir yan\u0131ndaki m\u00fc\u015fterileri i\u00e7in g\u00fcvenilir ve sa\u011flam bir i\u015f orta\u011f\u0131 olmaya devam ediyor.<\/p>\t\t\t\t\t\t\t\t<\/div>\n\t\t\t\t<div class=\"elementor-element elementor-element-25f5252f elementor-widget-divider--view-line elementor-invisible elementor-widget elementor-widget-divider\" data-id=\"25f5252f\" data-element_type=\"widget\" data-e-type=\"widget\" data-settings=\"{&quot;_animation&quot;:&quot;fadeInUp&quot;,&quot;_animation_delay&quot;:&quot;250&quot;}\" data-widget_type=\"divider.default\">\n\t\t\t\t\t\t\t<div class=\"elementor-divider\">\n\t\t\t<span class=\"elementor-divider-separator\">\n\t\t\t\t\t\t<\/span>\n\t\t<\/div>\n\t\t\t\t\t\t<\/div>\n\t\t\t\t<div class=\"elementor-element elementor-element-2161447e elementor-widget elementor-widget-button\" data-id=\"2161447e\" data-element_type=\"widget\" data-e-type=\"widget\" data-settings=\"{&quot;_animation&quot;:&quot;none&quot;,&quot;_animation_delay&quot;:&quot;250&quot;}\" data-widget_type=\"button.default\">\n\t\t\t\t\t\t\t\t\t\t<a class=\"elementor-button elementor-button-link elementor-size-sm\" href=\"https:\/\/ronesanscelik.com.tr\/tr\/fabrika\/\">\n\t\t\t\t\t\t<span class=\"elementor-button-content-wrapper\">\n\t\t\t\t\t\t\t\t\t<span class=\"elementor-button-text\">Fabrika<\/span>\n\t\t\t\t\t<\/span>\n\t\t\t\t\t<\/a>\n\t\t\t\t\t\t\t\t<\/div>\n\t\t\t\t<\/div>\n\t\t\t\t<\/div>\n\t\t\t\t\t<\/div>\n\t\t\t\t<\/div>\n\t\t\t\t<\/div>\n\t\t","protected":false},"excerpt":{"rendered":"<p>Tarih\u00e7e 1997 y\u0131l\u0131nda Ayhan \u00c7ekim taraf\u0131ndan Ankara&#8217;da k\u00fc\u00e7\u00fck bir dairede kurulan R\u00f6nesans \u00c7elik, \u00e7elik yap\u0131 sekt\u00f6r\u00fcn\u00fcn \u00f6nde gelen \u00fcreticilerinden biri haline gelmi\u015ftir. Bug\u00fcn, \u015firket 40.000 m\u00b2&#8217;lik bir \u00fcretim tesisinde faaliyet g\u00f6stermekte olup, 300&#8217;den fazla \u00e7al\u0131\u015fan\u0131 ve 38.000 tonluk y\u0131ll\u0131k \u00fcretim kapasitesiyle desteklenmektedir. Son 30 y\u0131lda R\u00f6nesans \u00c7elik, Avrupa&#8217;da g\u00fc\u00e7l\u00fc bir varl\u0131k g\u00f6stererek d\u00f6rt k\u0131tada 30&#8217;dan [&hellip;]<\/p>\n","protected":false},"author":1,"featured_media":0,"parent":0,"menu_order":0,"comment_status":"closed","ping_status":"closed","template":"","meta":{"footnotes":""},"class_list":["post-6147","page","type-page","status-publish","hentry"],"_links":{"self":[{"href":"https:\/\/ronesanscelik.com.tr\/tr\/wp-json\/wp\/v2\/pages\/6147","targetHints":{"allow":["GET"]}}],"collection":[{"href":"https:\/\/ronesanscelik.com.tr\/tr\/wp-json\/wp\/v2\/pages"}],"about":[{"href":"https:\/\/ronesanscelik.com.tr\/tr\/wp-json\/wp\/v2\/types\/page"}],"author":[{"embeddable":true,"href":"https:\/\/ronesanscelik.com.tr\/tr\/wp-json\/wp\/v2\/users\/1"}],"replies":[{"embeddable":true,"href":"https:\/\/ronesanscelik.com.tr\/tr\/wp-json\/wp\/v2\/comments?post=6147"}],"version-history":[{"count":7,"href":"https:\/\/ronesanscelik.com.tr\/tr\/wp-json\/wp\/v2\/pages\/6147\/revisions"}],"predecessor-version":[{"id":9162,"href":"https:\/\/ronesanscelik.com.tr\/tr\/wp-json\/wp\/v2\/pages\/6147\/revisions\/9162"}],"wp:attachment":[{"href":"https:\/\/ronesanscelik.com.tr\/tr\/wp-json\/wp\/v2\/media?parent=6147"}],"curies":[{"name":"wp","href":"https:\/\/api.w.org\/{rel}","templated":true}]}}