{"id":8739,"date":"2026-02-05T09:33:05","date_gmt":"2026-02-05T09:33:05","guid":{"rendered":"https:\/\/ronesanscelik.com.tr\/durabilite\/"},"modified":"2026-02-06T15:10:46","modified_gmt":"2026-02-06T15:10:46","slug":"durabilite","status":"publish","type":"page","link":"https:\/\/ronesanscelik.com.tr\/fr\/durabilite\/","title":{"rendered":"durabilit\u00e9"},"content":{"rendered":"\t\t<div data-elementor-type=\"wp-page\" data-elementor-id=\"8739\" class=\"elementor elementor-8739 elementor-7122\" data-elementor-post-type=\"page\">\n\t\t\t\t<div class=\"elementor-element elementor-element-25da30f9 e-flex e-con-boxed e-con e-parent\" data-id=\"25da30f9\" data-element_type=\"container\" data-e-type=\"container\" data-settings=\"{&quot;background_background&quot;:&quot;classic&quot;}\">\n\t\t\t\t\t<div class=\"e-con-inner\">\n\t\t<div class=\"elementor-element elementor-element-163af708 e-con-full e-flex e-con e-child\" data-id=\"163af708\" data-element_type=\"container\" data-e-type=\"container\">\n\t\t\t\t<div class=\"elementor-element elementor-element-26924127 elementor-invisible elementor-widget elementor-widget-heading\" data-id=\"26924127\" data-element_type=\"widget\" data-e-type=\"widget\" data-settings=\"{&quot;_animation&quot;:&quot;fadeInUp&quot;}\" data-widget_type=\"heading.default\">\n\t\t\t\t\t<h1 class=\"elementor-heading-title elementor-size-default\">Durabilit\u00e9<\/h1>\t\t\t\t<\/div>\n\t\t\t\t<\/div>\n\t\t\t\t\t<\/div>\n\t\t\t\t<\/div>\n\t\t<div class=\"elementor-element elementor-element-3041208b e-flex e-con-boxed e-con e-parent\" data-id=\"3041208b\" data-element_type=\"container\" data-e-type=\"container\">\n\t\t\t\t\t<div class=\"e-con-inner\">\n\t\t<div class=\"elementor-element elementor-element-42167b7 e-con-full e-flex e-con e-child\" data-id=\"42167b7\" data-element_type=\"container\" data-e-type=\"container\">\n\t\t\t\t<div class=\"elementor-element elementor-element-274aa58d elementor-widget__width-initial elementor-widget elementor-widget-heading\" data-id=\"274aa58d\" data-element_type=\"widget\" data-e-type=\"widget\" data-settings=\"{&quot;_animation&quot;:&quot;none&quot;}\" data-widget_type=\"heading.default\">\n\t\t\t\t\t<h2 class=\"elementor-heading-title elementor-size-default\">Notre responsabilit\u00e9 environnementale<\/h2>\t\t\t\t<\/div>\n\t\t\t\t<div class=\"elementor-element elementor-element-2e7aaf45 elementor-widget__width-initial elementor-widget elementor-widget-image\" data-id=\"2e7aaf45\" data-element_type=\"widget\" data-e-type=\"widget\" data-settings=\"{&quot;_animation&quot;:&quot;none&quot;}\" data-widget_type=\"image.default\">\n\t\t\t\t\t\t\t\t\t\t\t\t\t\t\t<img fetchpriority=\"high\" decoding=\"async\" width=\"800\" height=\"1000\" src=\"https:\/\/ronesanscelik.com.tr\/wp-content\/uploads\/2026\/02\/dg9508_Ultra_realistic_cinematic_photograph_of_an_engineer_we_7216aba2-c803-40a8-89e5-9a2e69cc403c_1-819x1024.webp\" class=\"attachment-large size-large wp-image-8729\" alt=\"\" srcset=\"https:\/\/ronesanscelik.com.tr\/wp-content\/uploads\/2026\/02\/dg9508_Ultra_realistic_cinematic_photograph_of_an_engineer_we_7216aba2-c803-40a8-89e5-9a2e69cc403c_1-819x1024.webp 819w, https:\/\/ronesanscelik.com.tr\/wp-content\/uploads\/2026\/02\/dg9508_Ultra_realistic_cinematic_photograph_of_an_engineer_we_7216aba2-c803-40a8-89e5-9a2e69cc403c_1-240x300.webp 240w, https:\/\/ronesanscelik.com.tr\/wp-content\/uploads\/2026\/02\/dg9508_Ultra_realistic_cinematic_photograph_of_an_engineer_we_7216aba2-c803-40a8-89e5-9a2e69cc403c_1-768x960.webp 768w, https:\/\/ronesanscelik.com.tr\/wp-content\/uploads\/2026\/02\/dg9508_Ultra_realistic_cinematic_photograph_of_an_engineer_we_7216aba2-c803-40a8-89e5-9a2e69cc403c_1.webp 960w\" sizes=\"(max-width: 800px) 100vw, 800px\" \/>\t\t\t\t\t\t\t\t\t\t\t\t\t\t\t<\/div>\n\t\t<div class=\"elementor-element elementor-element-292f89ea e-con-full e-flex e-con e-child\" data-id=\"292f89ea\" data-element_type=\"container\" data-e-type=\"container\">\n\t\t\t\t<div class=\"elementor-element elementor-element-34561869 elementor-widget elementor-widget-text-editor\" data-id=\"34561869\" data-element_type=\"widget\" data-e-type=\"widget\" data-settings=\"{&quot;_animation&quot;:&quot;none&quot;,&quot;_animation_delay&quot;:&quot;250&quot;}\" data-widget_type=\"text-editor.default\">\n\t\t\t\t\t\t\t\t\t<p>Nous visons \u00e0 r\u00e9duire l&rsquo;impact environnemental de nos produits gr\u00e2ce \u00e0 une utilisation efficace des mat\u00e9riaux et \u00e0 la r\u00e9duction des d\u00e9chets. En travaillant en \u00e9troite collaboration avec les fournisseurs et les clients, nous d\u00e9veloppons des solutions sp\u00e9cifiques aux projets qui soutiennent des r\u00e9sultats plus durables.<\/p><p>Parall\u00e8lement, nous progressons dans nos investissements dans des initiatives d&rsquo;\u00e9nergie verte, notamment la transition de notre flotte de v\u00e9hicules d&rsquo;entreprise vers des v\u00e9hicules \u00e9lectriques.<\/p><p>Nos pratiques de gestion environnementale sont guid\u00e9es par la norme ISO 14001, qui soutient le contr\u00f4le syst\u00e9matique et l&rsquo;am\u00e9lioration continue des performances environnementales.<\/p>\t\t\t\t\t\t\t\t<\/div>\n\t\t\t\t<\/div>\n\t\t\t\t<\/div>\n\t\t\t\t\t<\/div>\n\t\t\t\t<\/div>\n\t\t\t\t<\/div>\n\t\t","protected":false},"excerpt":{"rendered":"<p>Durabilit\u00e9 Notre responsabilit\u00e9 environnementale Nous visons \u00e0 r\u00e9duire l&rsquo;impact environnemental de nos produits gr\u00e2ce \u00e0 une utilisation efficace des mat\u00e9riaux et \u00e0 la r\u00e9duction des d\u00e9chets. En travaillant en \u00e9troite collaboration avec les fournisseurs et les clients, nous d\u00e9veloppons des solutions sp\u00e9cifiques aux projets qui soutiennent des r\u00e9sultats plus durables. Parall\u00e8lement, nous progressons dans nos [&hellip;]<\/p>\n","protected":false},"author":1,"featured_media":0,"parent":0,"menu_order":0,"comment_status":"closed","ping_status":"closed","template":"","meta":{"footnotes":""},"class_list":["post-8739","page","type-page","status-publish","hentry"],"_links":{"self":[{"href":"https:\/\/ronesanscelik.com.tr\/fr\/wp-json\/wp\/v2\/pages\/8739","targetHints":{"allow":["GET"]}}],"collection":[{"href":"https:\/\/ronesanscelik.com.tr\/fr\/wp-json\/wp\/v2\/pages"}],"about":[{"href":"https:\/\/ronesanscelik.com.tr\/fr\/wp-json\/wp\/v2\/types\/page"}],"author":[{"embeddable":true,"href":"https:\/\/ronesanscelik.com.tr\/fr\/wp-json\/wp\/v2\/users\/1"}],"replies":[{"embeddable":true,"href":"https:\/\/ronesanscelik.com.tr\/fr\/wp-json\/wp\/v2\/comments?post=8739"}],"version-history":[{"count":1,"href":"https:\/\/ronesanscelik.com.tr\/fr\/wp-json\/wp\/v2\/pages\/8739\/revisions"}],"predecessor-version":[{"id":8740,"href":"https:\/\/ronesanscelik.com.tr\/fr\/wp-json\/wp\/v2\/pages\/8739\/revisions\/8740"}],"wp:attachment":[{"href":"https:\/\/ronesanscelik.com.tr\/fr\/wp-json\/wp\/v2\/media?parent=8739"}],"curies":[{"name":"wp","href":"https:\/\/api.w.org\/{rel}","templated":true}]}}