{"id":8689,"date":"2025-12-19T11:16:11","date_gmt":"2025-12-19T11:16:11","guid":{"rendered":"https:\/\/ronesanscelik.com.tr\/cheminee\/"},"modified":"2026-02-08T12:13:13","modified_gmt":"2026-02-08T12:13:13","slug":"cheminee","status":"publish","type":"page","link":"https:\/\/ronesanscelik.com.tr\/fr\/cheminee\/","title":{"rendered":"Chemin\u00e9e"},"content":{"rendered":"\t\t<div data-elementor-type=\"wp-page\" data-elementor-id=\"8689\" class=\"elementor elementor-8689 elementor-1585\" data-elementor-post-type=\"page\">\n\t\t\t\t<div class=\"elementor-element elementor-element-2dda1dcd e-flex e-con-boxed e-con e-parent\" data-id=\"2dda1dcd\" data-element_type=\"container\" data-e-type=\"container\" data-settings=\"{&quot;background_background&quot;:&quot;classic&quot;}\">\n\t\t\t\t\t<div class=\"e-con-inner\">\n\t\t<div class=\"elementor-element elementor-element-4d6a4481 e-con-full e-flex e-con e-child\" data-id=\"4d6a4481\" data-element_type=\"container\" data-e-type=\"container\">\n\t\t\t\t<div class=\"elementor-element elementor-element-27f635 elementor-widget elementor-widget-heading\" data-id=\"27f635\" data-element_type=\"widget\" data-e-type=\"widget\" data-settings=\"{&quot;_animation&quot;:&quot;none&quot;}\" data-widget_type=\"heading.default\">\n\t\t\t\t\t<h1 class=\"elementor-heading-title elementor-size-default\">Chemin\u00e9e<\/h1>\t\t\t\t<\/div>\n\t\t\t\t<\/div>\n\t\t\t\t\t<\/div>\n\t\t\t\t<\/div>\n\t\t<div class=\"elementor-element elementor-element-4c0f7bd1 e-flex e-con-boxed e-con e-parent\" data-id=\"4c0f7bd1\" data-element_type=\"container\" data-e-type=\"container\" data-settings=\"{&quot;background_background&quot;:&quot;classic&quot;}\">\n\t\t\t\t\t<div class=\"e-con-inner\">\n\t\t<div class=\"elementor-element elementor-element-6f387815 e-con-full e-flex e-con e-child\" data-id=\"6f387815\" data-element_type=\"container\" data-e-type=\"container\">\n\t\t<div class=\"elementor-element elementor-element-125175a9 e-grid e-con-full e-con e-child\" data-id=\"125175a9\" data-element_type=\"container\" data-e-type=\"container\">\n\t\t<div class=\"elementor-element elementor-element-128469ae e-con-full e-flex e-con e-child\" data-id=\"128469ae\" data-element_type=\"container\" data-e-type=\"container\">\n\t\t<a class=\"elementor-element elementor-element-7e3bbdee e-con-full e-flex e-con e-child\" data-id=\"7e3bbdee\" data-element_type=\"container\" data-e-type=\"container\" data-settings=\"{&quot;background_background&quot;:&quot;classic&quot;,&quot;animation&quot;:&quot;none&quot;}\" href=\"https:\/\/ronesanscelik.com.tr\/fr\/pile-dradenau\/\">\n\t\t<div class=\"elementor-element elementor-element-18dfee77 e-con-full e-flex e-con e-child\" data-id=\"18dfee77\" data-element_type=\"container\" data-e-type=\"container\">\n\t\t\t\t<\/div>\n\t\t<div class=\"elementor-element elementor-element-60cfc05c e-con-full e-flex e-con e-child\" data-id=\"60cfc05c\" data-element_type=\"container\" data-e-type=\"container\">\n\t\t\t\t<div class=\"elementor-element elementor-element-2deb8f9f elementor-widget__width-initial elementor-widget elementor-widget-image-box\" data-id=\"2deb8f9f\" data-element_type=\"widget\" data-e-type=\"widget\" data-widget_type=\"image-box.default\">\n\t\t\t\t\t<div class=\"elementor-image-box-wrapper\"><div class=\"elementor-image-box-content\"><h5 class=\"elementor-image-box-title\">Centrale \u00e9lectrique de Dradenau<\/h5><p class=\"elementor-image-box-description\">Hambourg, Allemagne<\/p><\/div><\/div>\t\t\t\t<\/div>\n\t\t\t\t<\/div>\n\t\t\t\t<\/a>\n\t\t\t\t<\/div>\n\t\t<div class=\"elementor-element elementor-element-2175a417 e-con-full e-flex e-con e-child\" data-id=\"2175a417\" data-element_type=\"container\" data-e-type=\"container\">\n\t\t<a class=\"elementor-element elementor-element-3c9f9451 e-con-full e-flex e-con e-child\" data-id=\"3c9f9451\" data-element_type=\"container\" data-e-type=\"container\" data-settings=\"{&quot;background_background&quot;:&quot;classic&quot;,&quot;animation&quot;:&quot;none&quot;,&quot;animation_delay&quot;:&quot;500&quot;}\" href=\"https:\/\/ronesanscelik.com.tr\/fr\/centrale-electrique-de-gdansk-cheminee\/\">\n\t\t<div class=\"elementor-element elementor-element-33ae0667 e-con-full e-flex e-con e-child\" data-id=\"33ae0667\" data-element_type=\"container\" data-e-type=\"container\">\n\t\t\t\t<\/div>\n\t\t<div class=\"elementor-element elementor-element-1a1bfb7f e-con-full e-flex e-con e-child\" data-id=\"1a1bfb7f\" data-element_type=\"container\" data-e-type=\"container\">\n\t\t\t\t<div class=\"elementor-element elementor-element-30b39662 elementor-widget__width-initial elementor-widget elementor-widget-image-box\" data-id=\"30b39662\" data-element_type=\"widget\" data-e-type=\"widget\" data-widget_type=\"image-box.default\">\n\t\t\t\t\t<div class=\"elementor-image-box-wrapper\"><div class=\"elementor-image-box-content\"><h5 class=\"elementor-image-box-title\">Centrale \u00c9lectrique de Gdansk<\/h5><p class=\"elementor-image-box-description\">Gdansk, Pologne<\/p><\/div><\/div>\t\t\t\t<\/div>\n\t\t\t\t<\/div>\n\t\t\t\t<\/a>\n\t\t\t\t<\/div>\n\t\t<div class=\"elementor-element elementor-element-41d93f6e e-con-full e-flex e-con e-child\" data-id=\"41d93f6e\" data-element_type=\"container\" data-e-type=\"container\" data-settings=\"{&quot;animation&quot;:&quot;none&quot;}\">\n\t\t<a class=\"elementor-element elementor-element-33ad2243 e-con-full e-flex e-con e-child\" data-id=\"33ad2243\" data-element_type=\"container\" data-e-type=\"container\" data-settings=\"{&quot;background_background&quot;:&quot;classic&quot;,&quot;animation&quot;:&quot;none&quot;}\" href=\"https:\/\/ronesanscelik.com.tr\/fr\/cheminee-de-ravenne\/\">\n\t\t<div class=\"elementor-element elementor-element-14c4ff9a e-con-full e-flex e-con e-child\" data-id=\"14c4ff9a\" data-element_type=\"container\" data-e-type=\"container\" data-settings=\"{&quot;animation&quot;:&quot;none&quot;}\">\n\t\t\t\t<\/div>\n\t\t<div class=\"elementor-element elementor-element-67268535 e-con-full e-flex e-con e-child\" data-id=\"67268535\" data-element_type=\"container\" data-e-type=\"container\" data-settings=\"{&quot;animation&quot;:&quot;none&quot;}\">\n\t\t\t\t<div class=\"elementor-element elementor-element-1d2ba6bd elementor-widget__width-initial elementor-widget elementor-widget-image-box\" data-id=\"1d2ba6bd\" data-element_type=\"widget\" data-e-type=\"widget\" data-widget_type=\"image-box.default\">\n\t\t\t\t\t<div class=\"elementor-image-box-wrapper\"><div class=\"elementor-image-box-content\"><h5 class=\"elementor-image-box-title\">Ravenna CCPP<\/h5><p class=\"elementor-image-box-description\">Ravenne, Italie<\/p><\/div><\/div>\t\t\t\t<\/div>\n\t\t\t\t<\/div>\n\t\t\t\t<\/a>\n\t\t\t\t<\/div>\n\t\t<div class=\"elementor-element elementor-element-3d73b9a4 e-con-full e-flex e-con e-child\" data-id=\"3d73b9a4\" data-element_type=\"container\" data-e-type=\"container\" data-settings=\"{&quot;animation&quot;:&quot;none&quot;,&quot;animation_delay&quot;:&quot;250&quot;}\">\n\t\t<a class=\"elementor-element elementor-element-30fac80d e-con-full e-flex e-con e-child\" data-id=\"30fac80d\" data-element_type=\"container\" data-e-type=\"container\" data-settings=\"{&quot;background_background&quot;:&quot;classic&quot;,&quot;animation&quot;:&quot;none&quot;}\" href=\"https:\/\/ronesanscelik.com.tr\/fr\/ccpp-rhi-zerger\/\">\n\t\t<div class=\"elementor-element elementor-element-59b277eb e-con-full e-flex e-con e-child\" data-id=\"59b277eb\" data-element_type=\"container\" data-e-type=\"container\">\n\t\t\t\t<\/div>\n\t\t<div class=\"elementor-element elementor-element-61c15796 e-con-full e-flex e-con e-child\" data-id=\"61c15796\" data-element_type=\"container\" data-e-type=\"container\">\n\t\t\t\t<div class=\"elementor-element elementor-element-1884a112 elementor-widget__width-initial elementor-widget elementor-widget-image-box\" data-id=\"1884a112\" data-element_type=\"widget\" data-e-type=\"widget\" data-widget_type=\"image-box.default\">\n\t\t\t\t\t<div class=\"elementor-image-box-wrapper\"><div class=\"elementor-image-box-content\"><h5 class=\"elementor-image-box-title\">CCPP Rhi-Zerger<\/h5><p class=\"elementor-image-box-description\">Lebap, Turkm\u00e9nistan<\/p><\/div><\/div>\t\t\t\t<\/div>\n\t\t\t\t<\/div>\n\t\t\t\t<\/a>\n\t\t\t\t<\/div>\n\t\t\t\t<\/div>\n\t\t\t\t<\/div>\n\t\t\t\t\t<\/div>\n\t\t\t\t<\/div>\n\t\t\t\t<\/div>\n\t\t","protected":false},"excerpt":{"rendered":"<p>Chemin\u00e9e Centrale \u00e9lectrique de Dradenau Hambourg, Allemagne Centrale \u00c9lectrique de Gdansk Gdansk, Pologne Ravenna CCPP Ravenne, Italie CCPP Rhi-Zerger Lebap, Turkm\u00e9nistan<\/p>\n","protected":false},"author":1,"featured_media":0,"parent":0,"menu_order":0,"comment_status":"closed","ping_status":"closed","template":"","meta":{"footnotes":""},"class_list":["post-8689","page","type-page","status-publish","hentry"],"_links":{"self":[{"href":"https:\/\/ronesanscelik.com.tr\/fr\/wp-json\/wp\/v2\/pages\/8689","targetHints":{"allow":["GET"]}}],"collection":[{"href":"https:\/\/ronesanscelik.com.tr\/fr\/wp-json\/wp\/v2\/pages"}],"about":[{"href":"https:\/\/ronesanscelik.com.tr\/fr\/wp-json\/wp\/v2\/types\/page"}],"author":[{"embeddable":true,"href":"https:\/\/ronesanscelik.com.tr\/fr\/wp-json\/wp\/v2\/users\/1"}],"replies":[{"embeddable":true,"href":"https:\/\/ronesanscelik.com.tr\/fr\/wp-json\/wp\/v2\/comments?post=8689"}],"version-history":[{"count":1,"href":"https:\/\/ronesanscelik.com.tr\/fr\/wp-json\/wp\/v2\/pages\/8689\/revisions"}],"predecessor-version":[{"id":8693,"href":"https:\/\/ronesanscelik.com.tr\/fr\/wp-json\/wp\/v2\/pages\/8689\/revisions\/8693"}],"wp:attachment":[{"href":"https:\/\/ronesanscelik.com.tr\/fr\/wp-json\/wp\/v2\/media?parent=8689"}],"curies":[{"name":"wp","href":"https:\/\/api.w.org\/{rel}","templated":true}]}}