{"id":8645,"date":"2025-12-22T08:54:08","date_gmt":"2025-12-22T08:54:08","guid":{"rendered":"https:\/\/ronesanscelik.com.tr\/centrale-electrique-de-saillat\/"},"modified":"2026-02-06T15:02:42","modified_gmt":"2026-02-06T15:02:42","slug":"centrale-electrique-de-saillat","status":"publish","type":"page","link":"https:\/\/ronesanscelik.com.tr\/fr\/centrale-electrique-de-saillat\/","title":{"rendered":"centrale \u00e9lectrique de Saillat"},"content":{"rendered":"\t\t<div data-elementor-type=\"wp-page\" data-elementor-id=\"8645\" class=\"elementor elementor-8645 elementor-1641\" data-elementor-post-type=\"page\">\n\t\t\t\t<div class=\"elementor-element elementor-element-74481c7f e-flex e-con-boxed e-con e-parent\" data-id=\"74481c7f\" data-element_type=\"container\" data-e-type=\"container\" data-settings=\"{&quot;background_background&quot;:&quot;classic&quot;}\">\n\t\t\t\t\t<div class=\"e-con-inner\">\n\t\t<div class=\"elementor-element elementor-element-64af2ebe e-con-full e-flex e-con e-child\" data-id=\"64af2ebe\" data-element_type=\"container\" data-e-type=\"container\">\n\t\t\t\t<div class=\"elementor-element elementor-element-5bdf971 elementor-widget elementor-widget-heading\" data-id=\"5bdf971\" data-element_type=\"widget\" data-e-type=\"widget\" data-settings=\"{&quot;_animation&quot;:&quot;none&quot;}\" data-widget_type=\"heading.default\">\n\t\t\t\t\t<h1 class=\"elementor-heading-title elementor-size-default\">Centrale \u00e9lectrique \u00e0 biomasse de Saillat<\/h1>\t\t\t\t<\/div>\n\t\t\t\t<\/div>\n\t\t\t\t\t<\/div>\n\t\t\t\t<\/div>\n\t\t<div class=\"elementor-element elementor-element-e70fd9e e-con-full e-flex e-con e-parent\" data-id=\"e70fd9e\" data-element_type=\"container\" data-e-type=\"container\">\n\t\t<div class=\"elementor-element elementor-element-703f58f4 e-con-full e-flex e-con e-child\" data-id=\"703f58f4\" data-element_type=\"container\" data-e-type=\"container\">\n\t\t<div class=\"elementor-element elementor-element-68988e18 e-grid e-con-full top-info-grid e-con e-child\" data-id=\"68988e18\" data-element_type=\"container\" data-e-type=\"container\" id=\"top-info-grid\" data-settings=\"{&quot;background_background&quot;:&quot;classic&quot;}\">\n\t\t\t\t<div class=\"elementor-element elementor-element-231abb32 elementor-widget elementor-widget-icon-box\" data-id=\"231abb32\" data-element_type=\"widget\" data-e-type=\"widget\" data-settings=\"{&quot;_animation&quot;:&quot;none&quot;}\" data-widget_type=\"icon-box.default\">\n\t\t\t\t\t\t\t<div class=\"elementor-icon-box-wrapper\">\n\n\t\t\t\n\t\t\t\t\t\t<div class=\"elementor-icon-box-content\">\n\n\t\t\t\t\t\t\t\t\t<h6 class=\"elementor-icon-box-title\">\n\t\t\t\t\t\t<span  >\n\t\t\t\t\t\t\templacement\t\t\t\t\t\t<\/span>\n\t\t\t\t\t<\/h6>\n\t\t\t\t\n\t\t\t\t\t\t\t\t\t<p class=\"elementor-icon-box-description\">\n\t\t\t\t\t\tSaillat, France\t\t\t\t\t<\/p>\n\t\t\t\t\n\t\t\t<\/div>\n\t\t\t\n\t\t<\/div>\n\t\t\t\t\t\t<\/div>\n\t\t\t\t<div class=\"elementor-element elementor-element-6f7e0afc elementor-widget elementor-widget-icon-box\" data-id=\"6f7e0afc\" data-element_type=\"widget\" data-e-type=\"widget\" data-settings=\"{&quot;_animation&quot;:&quot;none&quot;,&quot;_animation_delay&quot;:&quot;250&quot;}\" data-widget_type=\"icon-box.default\">\n\t\t\t\t\t\t\t<div class=\"elementor-icon-box-wrapper\">\n\n\t\t\t\n\t\t\t\t\t\t<div class=\"elementor-icon-box-content\">\n\n\t\t\t\t\t\t\t\t\t<h6 class=\"elementor-icon-box-title\">\n\t\t\t\t\t\t<span  >\n\t\t\t\t\t\t\ttonnage total\t\t\t\t\t\t<\/span>\n\t\t\t\t\t<\/h6>\n\t\t\t\t\n\t\t\t\t\t\t\t\t\t<p class=\"elementor-icon-box-description\">\n\t\t\t\t\t\t500 tonnes\t\t\t\t\t<\/p>\n\t\t\t\t\n\t\t\t<\/div>\n\t\t\t\n\t\t<\/div>\n\t\t\t\t\t\t<\/div>\n\t\t\t\t<div class=\"elementor-element elementor-element-58cf907 elementor-widget elementor-widget-icon-box\" data-id=\"58cf907\" data-element_type=\"widget\" data-e-type=\"widget\" data-settings=\"{&quot;_animation&quot;:&quot;none&quot;,&quot;_animation_delay&quot;:&quot;500&quot;}\" data-widget_type=\"icon-box.default\">\n\t\t\t\t\t\t\t<div class=\"elementor-icon-box-wrapper\">\n\n\t\t\t\n\t\t\t\t\t\t<div class=\"elementor-icon-box-content\">\n\n\t\t\t\t\t\t\t\t\t<h6 class=\"elementor-icon-box-title\">\n\t\t\t\t\t\t<span  >\n\t\t\t\t\t\t\tclient\t\t\t\t\t\t<\/span>\n\t\t\t\t\t<\/h6>\n\t\t\t\t\n\t\t\t\t\t\t\t\t\t<p class=\"elementor-icon-box-description\">\n\t\t\t\t\t\tDalkia\t\t\t\t\t<\/p>\n\t\t\t\t\n\t\t\t<\/div>\n\t\t\t\n\t\t<\/div>\n\t\t\t\t\t\t<\/div>\n\t\t\t\t<div class=\"elementor-element elementor-element-2b1d78dc elementor-widget elementor-widget-icon-box\" data-id=\"2b1d78dc\" data-element_type=\"widget\" data-e-type=\"widget\" data-settings=\"{&quot;_animation&quot;:&quot;none&quot;,&quot;_animation_delay&quot;:&quot;500&quot;}\" data-widget_type=\"icon-box.default\">\n\t\t\t\t\t\t\t<div class=\"elementor-icon-box-wrapper\">\n\n\t\t\t\n\t\t\t\t\t\t<div class=\"elementor-icon-box-content\">\n\n\t\t\t\t\t\t\t\t\t<h6 class=\"elementor-icon-box-title\">\n\t\t\t\t\t\t<span  >\n\t\t\t\t\t\t\t\u00e9tendue des travaux\t\t\t\t\t\t<\/span>\n\t\t\t\t\t<\/h6>\n\t\t\t\t\n\t\t\t\t\t\t\t\t\t<p class=\"elementor-icon-box-description\">\n\t\t\t\t\t\tFabrication de structures en acier\t\t\t\t\t<\/p>\n\t\t\t\t\n\t\t\t<\/div>\n\t\t\t\n\t\t<\/div>\n\t\t\t\t\t\t<\/div>\n\t\t\t\t<\/div>\n\t\t\t\t<\/div>\n\t\t\t\t<\/div>\n\t\t<div class=\"elementor-element elementor-element-720b65f5 e-flex e-con-boxed e-con e-parent\" data-id=\"720b65f5\" data-element_type=\"container\" data-e-type=\"container\">\n\t\t\t\t\t<div class=\"e-con-inner\">\n\t\t<div class=\"elementor-element elementor-element-2355ec25 e-con-full e-flex e-con e-child\" data-id=\"2355ec25\" data-element_type=\"container\" data-e-type=\"container\">\n\t\t\t\t<div class=\"elementor-element elementor-element-2d62ef6a elementor-widget elementor-widget-gallery\" data-id=\"2d62ef6a\" data-element_type=\"widget\" data-e-type=\"widget\" data-settings=\"{&quot;columns&quot;:3,&quot;gap&quot;:{&quot;unit&quot;:&quot;px&quot;,&quot;size&quot;:3,&quot;sizes&quot;:[]},&quot;lazyload&quot;:&quot;yes&quot;,&quot;gallery_layout&quot;:&quot;grid&quot;,&quot;columns_tablet&quot;:2,&quot;columns_mobile&quot;:1,&quot;gap_tablet&quot;:{&quot;unit&quot;:&quot;px&quot;,&quot;size&quot;:10,&quot;sizes&quot;:[]},&quot;gap_mobile&quot;:{&quot;unit&quot;:&quot;px&quot;,&quot;size&quot;:10,&quot;sizes&quot;:[]},&quot;link_to&quot;:&quot;file&quot;,&quot;aspect_ratio&quot;:&quot;3:2&quot;,&quot;overlay_background&quot;:&quot;yes&quot;,&quot;content_hover_animation&quot;:&quot;fade-in&quot;}\" data-widget_type=\"gallery.default\">\n\t\t\t\t\t\t\t<div class=\"elementor-gallery__container\">\n\t\t\t\t\t\t\t<a class=\"e-gallery-item elementor-gallery-item elementor-animated-content\" href=\"https:\/\/ronesanscelik.com.tr\/wp-content\/uploads\/2025\/12\/ronesans_celik_saillat_1_068bc9f3-scaled.webp\" data-elementor-open-lightbox=\"yes\" data-elementor-lightbox-slideshow=\"2d62ef6a\" data-elementor-lightbox-title=\"r\u00f6nesans_\u00e7elik_saillat_1_068bc9f3\" data-e-action-hash=\"#elementor-action%3Aaction%3Dlightbox%26settings%3DeyJpZCI6ODY0MywidXJsIjoiaHR0cHM6XC9cL3JvbmVzYW5zY2VsaWsuY29tLnRyXC93cC1jb250ZW50XC91cGxvYWRzXC8yMDI1XC8xMlwvcm9uZXNhbnNfY2VsaWtfc2FpbGxhdF8xXzA2OGJjOWYzLXNjYWxlZC53ZWJwIiwic2xpZGVzaG93IjoiMmQ2MmVmNmEifQ%3D%3D\">\n\t\t\t\t\t<div class=\"e-gallery-image elementor-gallery-item__image\" data-thumbnail=\"https:\/\/ronesanscelik.com.tr\/wp-content\/uploads\/2025\/12\/ronesans_celik_saillat_1_068bc9f3-768x576.webp\" data-width=\"768\" data-height=\"576\" aria-label=\"\" role=\"img\" ><\/div>\n\t\t\t\t\t\t\t\t\t\t\t<div class=\"elementor-gallery-item__overlay\"><\/div>\n\t\t\t\t\t\t\t\t\t\t\t\t\t\t<\/a>\n\t\t\t\t\t\t\t<a class=\"e-gallery-item elementor-gallery-item elementor-animated-content\" href=\"https:\/\/ronesanscelik.com.tr\/wp-content\/uploads\/2025\/12\/ronesans_celik_saillat_2_70a10fba-1.webp\" data-elementor-open-lightbox=\"yes\" data-elementor-lightbox-slideshow=\"2d62ef6a\" data-elementor-lightbox-title=\"r\u00f6nesans_\u00e7elik_saillat_2_70a10fba\" data-e-action-hash=\"#elementor-action%3Aaction%3Dlightbox%26settings%3DeyJpZCI6ODY0MiwidXJsIjoiaHR0cHM6XC9cL3JvbmVzYW5zY2VsaWsuY29tLnRyXC93cC1jb250ZW50XC91cGxvYWRzXC8yMDI1XC8xMlwvcm9uZXNhbnNfY2VsaWtfc2FpbGxhdF8yXzcwYTEwZmJhLTEud2VicCIsInNsaWRlc2hvdyI6IjJkNjJlZjZhIn0%3D\">\n\t\t\t\t\t<div class=\"e-gallery-image elementor-gallery-item__image\" data-thumbnail=\"https:\/\/ronesanscelik.com.tr\/wp-content\/uploads\/2025\/12\/ronesans_celik_saillat_2_70a10fba-1-768x512.webp\" data-width=\"768\" data-height=\"512\" aria-label=\"\" role=\"img\" ><\/div>\n\t\t\t\t\t\t\t\t\t\t\t<div class=\"elementor-gallery-item__overlay\"><\/div>\n\t\t\t\t\t\t\t\t\t\t\t\t\t\t<\/a>\n\t\t\t\t\t\t\t<a class=\"e-gallery-item elementor-gallery-item elementor-animated-content\" href=\"https:\/\/ronesanscelik.com.tr\/wp-content\/uploads\/2025\/12\/ronesans_celik_saillat_3_81b4c179-scaled.webp\" data-elementor-open-lightbox=\"yes\" data-elementor-lightbox-slideshow=\"2d62ef6a\" data-elementor-lightbox-title=\"r\u00f6nesans_\u00e7elik_saillat_3_81b4c179\" data-e-action-hash=\"#elementor-action%3Aaction%3Dlightbox%26settings%3DeyJpZCI6ODY0NCwidXJsIjoiaHR0cHM6XC9cL3JvbmVzYW5zY2VsaWsuY29tLnRyXC93cC1jb250ZW50XC91cGxvYWRzXC8yMDI1XC8xMlwvcm9uZXNhbnNfY2VsaWtfc2FpbGxhdF8zXzgxYjRjMTc5LXNjYWxlZC53ZWJwIiwic2xpZGVzaG93IjoiMmQ2MmVmNmEifQ%3D%3D\">\n\t\t\t\t\t<div class=\"e-gallery-image elementor-gallery-item__image\" data-thumbnail=\"https:\/\/ronesanscelik.com.tr\/wp-content\/uploads\/2025\/12\/ronesans_celik_saillat_3_81b4c179-768x560.webp\" data-width=\"768\" data-height=\"560\" aria-label=\"\" role=\"img\" ><\/div>\n\t\t\t\t\t\t\t\t\t\t\t<div class=\"elementor-gallery-item__overlay\"><\/div>\n\t\t\t\t\t\t\t\t\t\t\t\t\t\t<\/a>\n\t\t\t\t\t<\/div>\n\t\t\t\t\t<\/div>\n\t\t\t\t<\/div>\n\t\t\t\t\t<\/div>\n\t\t\t\t<\/div>\n\t\t\t\t<\/div>\n\t\t","protected":false},"excerpt":{"rendered":"<p>Centrale \u00e9lectrique \u00e0 biomasse de Saillat emplacement Saillat, France tonnage total 500 tonnes client Dalkia \u00e9tendue des travaux Fabrication de structures en acier<\/p>\n","protected":false},"author":1,"featured_media":0,"parent":0,"menu_order":0,"comment_status":"closed","ping_status":"closed","template":"","meta":{"footnotes":""},"class_list":["post-8645","page","type-page","status-publish","hentry"],"_links":{"self":[{"href":"https:\/\/ronesanscelik.com.tr\/fr\/wp-json\/wp\/v2\/pages\/8645","targetHints":{"allow":["GET"]}}],"collection":[{"href":"https:\/\/ronesanscelik.com.tr\/fr\/wp-json\/wp\/v2\/pages"}],"about":[{"href":"https:\/\/ronesanscelik.com.tr\/fr\/wp-json\/wp\/v2\/types\/page"}],"author":[{"embeddable":true,"href":"https:\/\/ronesanscelik.com.tr\/fr\/wp-json\/wp\/v2\/users\/1"}],"replies":[{"embeddable":true,"href":"https:\/\/ronesanscelik.com.tr\/fr\/wp-json\/wp\/v2\/comments?post=8645"}],"version-history":[{"count":1,"href":"https:\/\/ronesanscelik.com.tr\/fr\/wp-json\/wp\/v2\/pages\/8645\/revisions"}],"predecessor-version":[{"id":8646,"href":"https:\/\/ronesanscelik.com.tr\/fr\/wp-json\/wp\/v2\/pages\/8645\/revisions\/8646"}],"wp:attachment":[{"href":"https:\/\/ronesanscelik.com.tr\/fr\/wp-json\/wp\/v2\/media?parent=8645"}],"curies":[{"name":"wp","href":"https:\/\/api.w.org\/{rel}","templated":true}]}}