{"id":8595,"date":"2026-01-10T11:37:07","date_gmt":"2026-01-10T11:37:07","guid":{"rendered":"https:\/\/ronesanscelik.com.tr\/politique-de-qualite\/"},"modified":"2026-02-06T14:52:03","modified_gmt":"2026-02-06T14:52:03","slug":"politique-de-qualite","status":"publish","type":"page","link":"https:\/\/ronesanscelik.com.tr\/fr\/politique-de-qualite\/","title":{"rendered":"politique de qualit\u00e9"},"content":{"rendered":"\t\t<div data-elementor-type=\"wp-page\" data-elementor-id=\"8595\" class=\"elementor elementor-8595 elementor-4845\" data-elementor-post-type=\"page\">\n\t\t\t\t<div class=\"elementor-element elementor-element-5c4d25b7 e-flex e-con-boxed e-con e-parent\" data-id=\"5c4d25b7\" data-element_type=\"container\" data-e-type=\"container\" data-settings=\"{&quot;background_background&quot;:&quot;classic&quot;}\">\n\t\t\t\t\t<div class=\"e-con-inner\">\n\t\t<div class=\"elementor-element elementor-element-2b0a7fed e-con-full e-flex e-con e-child\" data-id=\"2b0a7fed\" data-element_type=\"container\" data-e-type=\"container\">\n\t\t\t\t<div class=\"elementor-element elementor-element-7b0bdbda elementor-widget elementor-widget-heading\" data-id=\"7b0bdbda\" data-element_type=\"widget\" data-e-type=\"widget\" data-settings=\"{&quot;_animation&quot;:&quot;none&quot;}\" data-widget_type=\"heading.default\">\n\t\t\t\t\t<h1 class=\"elementor-heading-title elementor-size-default\">Qualit\u00e9<\/h1>\t\t\t\t<\/div>\n\t\t\t\t<\/div>\n\t\t\t\t\t<\/div>\n\t\t\t\t<\/div>\n\t\t<div class=\"elementor-element elementor-element-7ce9914b e-flex e-con-boxed e-con e-parent\" data-id=\"7ce9914b\" data-element_type=\"container\" data-e-type=\"container\">\n\t\t\t\t\t<div class=\"e-con-inner\">\n\t\t<div class=\"elementor-element elementor-element-6a2669c5 e-con-full e-flex e-con e-child\" data-id=\"6a2669c5\" data-element_type=\"container\" data-e-type=\"container\">\n\t\t<div class=\"elementor-element elementor-element-42c70345 e-con-full e-flex e-con e-child\" data-id=\"42c70345\" data-element_type=\"container\" data-e-type=\"container\">\n\t\t<div class=\"elementor-element elementor-element-30e9bde e-con-full e-flex e-con e-child\" data-id=\"30e9bde\" data-element_type=\"container\" data-e-type=\"container\">\n\t\t\t\t<div class=\"elementor-element elementor-element-2b6a5d6a elementor-widget-tablet__width-initial elementor-widget elementor-widget-text-editor\" data-id=\"2b6a5d6a\" data-element_type=\"widget\" data-e-type=\"widget\" data-settings=\"{&quot;_animation&quot;:&quot;none&quot;}\" data-widget_type=\"text-editor.default\">\n\t\t\t\t\t\t\t\t\t<p>R\u00f6nesans \u00c7elik est impliqu\u00e9e dans la conception, la fabrication, la construction et l&rsquo;assemblage de structures en acier et d&rsquo;installations industrielles aux niveaux national et international.<\/p><p>L&rsquo;atteinte de normes de qualit\u00e9 \u00e9lev\u00e9es et la satisfaction de nos clients dans toutes les activit\u00e9s nationales et internationales de R\u00f6nesans \u00c7elik font partie int\u00e9grante de nos objectifs commerciaux.<\/p><p>Par cons\u00e9quent, R\u00f6nesans \u00c7elik met en \u0153uvre un syst\u00e8me de management de la qualit\u00e9 conforme \u00e0 la norme ISO 9001\/2015, qui sert de guide pour la gestion de la qualit\u00e9 de l&rsquo;entreprise. Ce syst\u00e8me de management de la qualit\u00e9 vise \u00e0 accro\u00eetre la comp\u00e9titivit\u00e9 de R\u00f6nesans \u00c7elik sur les march\u00e9s nationaux et internationaux. La responsabilit\u00e9 de la d\u00e9finition de cette politique, des objectifs de qualit\u00e9 pertinents et des actions ult\u00e9rieures pour leur mise en \u0153uvre, y compris l&rsquo;allocation des ressources appropri\u00e9es, a \u00e9t\u00e9 confi\u00e9e \u00e0 la direction g\u00e9n\u00e9rale de R\u00f6nesans \u00c7elik.  <\/p><p>Le d\u00e9partement de management de la qualit\u00e9 de R\u00f6nesans \u00c7elik est charg\u00e9 de soutenir la direction g\u00e9n\u00e9rale et les responsables de processus d\u00e9sign\u00e9s par l&rsquo;entreprise dans le d\u00e9veloppement et la mise en \u0153uvre du syst\u00e8me de management de la qualit\u00e9, ainsi que de surveiller de mani\u00e8re ad\u00e9quate les r\u00e9sultats obtenus dans les processus concern\u00e9s, conform\u00e9ment aux objectifs d\u00e9finis.<\/p><p>L&rsquo;ensemble du personnel de R\u00f6nesans \u00c7elik est appel\u00e9 \u00e0 contribuer \u00e0 la mise en \u0153uvre et \u00e0 l&rsquo;efficacit\u00e9 du syst\u00e8me de management de la qualit\u00e9 dans le cadre de son propre travail.<\/p>\t\t\t\t\t\t\t\t<\/div>\n\t\t\t\t<div class=\"elementor-element elementor-element-4fd730af elementor-widget elementor-widget-button\" data-id=\"4fd730af\" data-element_type=\"widget\" data-e-type=\"widget\" data-settings=\"{&quot;_animation&quot;:&quot;none&quot;}\" data-widget_type=\"button.default\">\n\t\t\t\t\t\t\t\t\t\t<a class=\"elementor-button elementor-button-link elementor-size-sm\" href=\"https:\/\/ronesanscelik.com.tr\/fr\/nous-contacter\/\">\n\t\t\t\t\t\t<span class=\"elementor-button-content-wrapper\">\n\t\t\t\t\t\t<span class=\"elementor-button-icon\">\n\t\t\t\t<svg class=\"ekit-svg-icon icon-right-arrow\" viewBox=\"0 0 32 32\" xmlns=\"http:\/\/www.w3.org\/2000\/svg\"><path d=\"M21.548 5.088c-0.436-0.451-1.162-0.451-1.613 0-0.436 0.436-0.436 1.162 0 1.596l8.177 8.177h-26.984c-0.629 0.001-1.129 0.501-1.129 1.13s0.5 1.145 1.129 1.145h26.984l-8.177 8.162c-0.436 0.451-0.436 1.178 0 1.613 0.451 0.451 1.178 0.451 1.613 0l10.113-10.113c0.451-0.436 0.451-1.162 0-1.596l-10.113-10.114z\"><\/path><\/svg>\t\t\t<\/span>\n\t\t\t\t\t\t\t\t\t<span class=\"elementor-button-text\">nous contacter<\/span>\n\t\t\t\t\t<\/span>\n\t\t\t\t\t<\/a>\n\t\t\t\t\t\t\t\t<\/div>\n\t\t\t\t<\/div>\n\t\t\t\t<div class=\"elementor-element elementor-element-375e16fb elementor-widget__width-initial elementor-widget-tablet__width-inherit elementor-widget elementor-widget-n-accordion\" data-id=\"375e16fb\" data-element_type=\"widget\" data-e-type=\"widget\" data-settings=\"{&quot;default_state&quot;:&quot;all_collapsed&quot;,&quot;_animation&quot;:&quot;none&quot;,&quot;_animation_delay&quot;:&quot;250&quot;,&quot;max_items_expended&quot;:&quot;one&quot;,&quot;n_accordion_animation_duration&quot;:{&quot;unit&quot;:&quot;ms&quot;,&quot;size&quot;:400,&quot;sizes&quot;:[]}}\" data-widget_type=\"nested-accordion.default\">\n\t\t\t\t\t\t\t<div class=\"e-n-accordion\" aria-label=\"Accordion. Open links with Enter or Space, close with Escape, and navigate with Arrow Keys\">\n\t\t\t\t\t\t<details id=\"e-n-accordion-item-9280\" class=\"e-n-accordion-item\" >\n\t\t\t\t<summary class=\"e-n-accordion-item-title\" data-accordion-index=\"1\" tabindex=\"0\" aria-expanded=\"false\" aria-controls=\"e-n-accordion-item-9280\" >\n\t\t\t\t\t<span class='e-n-accordion-item-title-header'><div class=\"e-n-accordion-item-title-text\"> R\u00f6nesans \u00c7elik fonde sa politique de qualit\u00e9 sur les principes suivants : <\/div><\/span>\n\t\t\t\t\t\t\t<span class='e-n-accordion-item-title-icon'>\n\t\t\t<span class='e-opened' ><svg class=\"ekit-svg-icon icon-minus\" viewBox=\"0 0 32 32\" xmlns=\"http:\/\/www.w3.org\/2000\/svg\"><path d=\"M0 15.345h32v2.11h-32v-2.11z\"><\/path><\/svg><\/span>\n\t\t\t<span class='e-closed'><svg class=\"ekit-svg-icon icon-plus\" viewBox=\"0 0 32 32\" xmlns=\"http:\/\/www.w3.org\/2000\/svg\"><path d=\"M32 15.345h-14.945v-14.945h-2.11v14.945h-14.945v2.11h14.945v14.945h2.11v-14.945h14.945z\"><\/path><\/svg><\/span>\n\t\t<\/span>\n\n\t\t\t\t\t\t<\/summary>\n\t\t\t\t<div role=\"region\" aria-labelledby=\"e-n-accordion-item-9280\" class=\"elementor-element elementor-element-2d69a82f e-con-full e-flex e-con e-child\" data-id=\"2d69a82f\" data-element_type=\"container\" data-e-type=\"container\">\n\t\t\t\t<div class=\"elementor-element elementor-element-35fbcb07 elementor-widget elementor-widget-text-editor\" data-id=\"35fbcb07\" data-element_type=\"widget\" data-e-type=\"widget\" data-widget_type=\"text-editor.default\">\n\t\t\t\t\t\t\t\t\t<ul><li>Garantir la satisfaction des clients et des partenaires de solutions de Renaissance Steel en identifiant et en respectant les exigences des projets en cours ;<\/li><li>\u00catre conscient que la qualit\u00e9 des r\u00e9sultats d\u00e9pend de l&rsquo;efficacit\u00e9, de l&rsquo;efficience et du contr\u00f4le du processus de production couvrant l&rsquo;ensemble de l&rsquo;organisation ;<\/li><li>Respecter les r\u00e9glementations obligatoires applicables, les normes techniques et les exigences techniques stipul\u00e9es dans le contrat ;<\/li><li>Ex\u00e9cuter les projets acquis conform\u00e9ment aux exigences fournies, dans les d\u00e9lais et le budget convenus, sans compromettre ni affecter le niveau de qualit\u00e9 fourni.<\/li><\/ul>\t\t\t\t\t\t\t\t<\/div>\n\t\t\t\t<\/div>\n\t\t\t\t\t<\/details>\n\t\t\t\t\t\t<details id=\"e-n-accordion-item-9281\" class=\"e-n-accordion-item\" >\n\t\t\t\t<summary class=\"e-n-accordion-item-title\" data-accordion-index=\"2\" tabindex=\"-1\" aria-expanded=\"false\" aria-controls=\"e-n-accordion-item-9281\" >\n\t\t\t\t\t<span class='e-n-accordion-item-title-header'><div class=\"e-n-accordion-item-title-text\"> Les activit\u00e9s suivantes sont consid\u00e9r\u00e9es comme faisant partie int\u00e9grante et essentielle de cette politique : <\/div><\/span>\n\t\t\t\t\t\t\t<span class='e-n-accordion-item-title-icon'>\n\t\t\t<span class='e-opened' ><svg class=\"ekit-svg-icon icon-minus\" viewBox=\"0 0 32 32\" xmlns=\"http:\/\/www.w3.org\/2000\/svg\"><path d=\"M0 15.345h32v2.11h-32v-2.11z\"><\/path><\/svg><\/span>\n\t\t\t<span class='e-closed'><svg class=\"ekit-svg-icon icon-plus\" viewBox=\"0 0 32 32\" xmlns=\"http:\/\/www.w3.org\/2000\/svg\"><path d=\"M32 15.345h-14.945v-14.945h-2.11v14.945h-14.945v2.11h14.945v14.945h2.11v-14.945h14.945z\"><\/path><\/svg><\/span>\n\t\t<\/span>\n\n\t\t\t\t\t\t<\/summary>\n\t\t\t\t<div role=\"region\" aria-labelledby=\"e-n-accordion-item-9281\" class=\"elementor-element elementor-element-d4fadc8 e-con-full e-flex e-con e-child\" data-id=\"d4fadc8\" data-element_type=\"container\" data-e-type=\"container\">\n\t\t\t\t<div class=\"elementor-element elementor-element-463a15c5 elementor-widget elementor-widget-text-editor\" data-id=\"463a15c5\" data-element_type=\"widget\" data-e-type=\"widget\" data-widget_type=\"text-editor.default\">\n\t\t\t\t\t\t\t\t\t<ul><li>Am\u00e9lioration continue des performances de l&rsquo;entreprise gr\u00e2ce \u00e0 la planification et \u00e0 la mise en \u0153uvre du syst\u00e8me de management de la qualit\u00e9 et \u00e0 l&rsquo;identification des risques et des opportunit\u00e9s ;<\/li><li>Collecte, traitement, classement et communication de tous les commentaires et exp\u00e9riences aux niveaux pertinents au sein de l&rsquo;organisation de l&rsquo;entreprise ;<\/li><li>Former le personnel de l&rsquo;entreprise aux principes et aux outils du syst\u00e8me de management de la qualit\u00e9 et communiquer les politiques et les objectifs aux niveaux appropri\u00e9s de l&rsquo;organisation ;<\/li><li>Planifier et mettre en \u0153uvre un syst\u00e8me d&rsquo;audit interne efficace pour \u00e9valuer l&rsquo;ad\u00e9quation du syst\u00e8me de management de la qualit\u00e9 et identifier les lacunes afin d&rsquo;assurer une am\u00e9lioration continue ;<\/li><li>\u00c9valuer de mani\u00e8re critique les objectifs de qualit\u00e9 \u00e0 la lumi\u00e8re des r\u00e9sultats obtenus et fixer de nouveaux objectifs sur la base des donn\u00e9es obtenues \u00e0 partir des mesures.<\/li><\/ul>\t\t\t\t\t\t\t\t<\/div>\n\t\t\t\t<\/div>\n\t\t\t\t\t<\/details>\n\t\t\t\t\t<\/div>\n\t\t\t\t\t\t<\/div>\n\t\t\t\t<\/div>\n\t\t\t\t<\/div>\n\t\t\t\t\t<\/div>\n\t\t\t\t<\/div>\n\t\t\t\t<\/div>\n\t\t","protected":false},"excerpt":{"rendered":"<p>Qualit\u00e9 R\u00f6nesans \u00c7elik est impliqu\u00e9e dans la conception, la fabrication, la construction et l&rsquo;assemblage de structures en acier et d&rsquo;installations industrielles aux niveaux national et international. L&rsquo;atteinte de normes de qualit\u00e9 \u00e9lev\u00e9es et la satisfaction de nos clients dans toutes les activit\u00e9s nationales et internationales de R\u00f6nesans \u00c7elik font partie int\u00e9grante de nos objectifs commerciaux. [&hellip;]<\/p>\n","protected":false},"author":1,"featured_media":0,"parent":0,"menu_order":0,"comment_status":"closed","ping_status":"closed","template":"","meta":{"footnotes":""},"class_list":["post-8595","page","type-page","status-publish","hentry"],"_links":{"self":[{"href":"https:\/\/ronesanscelik.com.tr\/fr\/wp-json\/wp\/v2\/pages\/8595","targetHints":{"allow":["GET"]}}],"collection":[{"href":"https:\/\/ronesanscelik.com.tr\/fr\/wp-json\/wp\/v2\/pages"}],"about":[{"href":"https:\/\/ronesanscelik.com.tr\/fr\/wp-json\/wp\/v2\/types\/page"}],"author":[{"embeddable":true,"href":"https:\/\/ronesanscelik.com.tr\/fr\/wp-json\/wp\/v2\/users\/1"}],"replies":[{"embeddable":true,"href":"https:\/\/ronesanscelik.com.tr\/fr\/wp-json\/wp\/v2\/comments?post=8595"}],"version-history":[{"count":1,"href":"https:\/\/ronesanscelik.com.tr\/fr\/wp-json\/wp\/v2\/pages\/8595\/revisions"}],"predecessor-version":[{"id":8596,"href":"https:\/\/ronesanscelik.com.tr\/fr\/wp-json\/wp\/v2\/pages\/8595\/revisions\/8596"}],"wp:attachment":[{"href":"https:\/\/ronesanscelik.com.tr\/fr\/wp-json\/wp\/v2\/media?parent=8595"}],"curies":[{"name":"wp","href":"https:\/\/api.w.org\/{rel}","templated":true}]}}