{"id":8559,"date":"2025-12-11T14:32:32","date_gmt":"2025-12-11T14:32:32","guid":{"rendered":"https:\/\/ronesanscelik.com.tr\/centrales-electriques\/"},"modified":"2026-02-08T12:13:16","modified_gmt":"2026-02-08T12:13:16","slug":"centrales-electriques","status":"publish","type":"page","link":"https:\/\/ronesanscelik.com.tr\/fr\/centrales-electriques\/","title":{"rendered":"centrales \u00e9lectriques"},"content":{"rendered":"\t\t<div data-elementor-type=\"wp-page\" data-elementor-id=\"8559\" class=\"elementor elementor-8559 elementor-869\" data-elementor-post-type=\"page\">\n\t\t\t\t<div class=\"elementor-element elementor-element-479dbc26 e-flex e-con-boxed e-con e-parent\" data-id=\"479dbc26\" data-element_type=\"container\" data-e-type=\"container\" data-settings=\"{&quot;background_background&quot;:&quot;classic&quot;}\">\n\t\t\t\t\t<div class=\"e-con-inner\">\n\t\t<div class=\"elementor-element elementor-element-31c88fbf e-con-full e-flex e-con e-child\" data-id=\"31c88fbf\" data-element_type=\"container\" data-e-type=\"container\">\n\t\t\t\t<div class=\"elementor-element elementor-element-6fccc26b elementor-widget elementor-widget-heading\" data-id=\"6fccc26b\" data-element_type=\"widget\" data-e-type=\"widget\" data-settings=\"{&quot;_animation&quot;:&quot;none&quot;}\" data-widget_type=\"heading.default\">\n\t\t\t\t\t<h1 class=\"elementor-heading-title elementor-size-default\">Centrales \u00e9lectriques<\/h1>\t\t\t\t<\/div>\n\t\t\t\t<\/div>\n\t\t\t\t\t<\/div>\n\t\t\t\t<\/div>\n\t\t<div class=\"elementor-element elementor-element-2b3bcac e-flex e-con-boxed e-con e-parent\" data-id=\"2b3bcac\" data-element_type=\"container\" data-e-type=\"container\" data-settings=\"{&quot;background_background&quot;:&quot;classic&quot;}\">\n\t\t\t\t\t<div class=\"e-con-inner\">\n\t\t<div class=\"elementor-element elementor-element-22ed62c7 e-con-full e-flex e-con e-child\" data-id=\"22ed62c7\" data-element_type=\"container\" data-e-type=\"container\">\n\t\t<div class=\"elementor-element elementor-element-84c9741 e-grid e-con-full e-con e-child\" data-id=\"84c9741\" data-element_type=\"container\" data-e-type=\"container\">\n\t\t<div class=\"elementor-element elementor-element-6560a5f0 e-con-full e-flex e-con e-child\" data-id=\"6560a5f0\" data-element_type=\"container\" data-e-type=\"container\">\n\t\t<a class=\"elementor-element elementor-element-44753068 e-con-full e-flex e-con e-child\" data-id=\"44753068\" data-element_type=\"container\" data-e-type=\"container\" data-settings=\"{&quot;background_background&quot;:&quot;classic&quot;,&quot;animation&quot;:&quot;none&quot;}\" href=\"https:\/\/ronesanscelik.com.tr\/fr\/biomasse\/\">\n\t\t<div class=\"elementor-element elementor-element-101ffa1a e-con-full e-flex e-con e-child\" data-id=\"101ffa1a\" data-element_type=\"container\" data-e-type=\"container\">\n\t\t\t\t<\/div>\n\t\t<div class=\"elementor-element elementor-element-530eb33f e-con-full e-flex e-con e-child\" data-id=\"530eb33f\" data-element_type=\"container\" data-e-type=\"container\">\n\t\t\t\t<div class=\"elementor-element elementor-element-5f6cf128 elementor-widget__width-initial elementor-widget elementor-widget-image-box\" data-id=\"5f6cf128\" data-element_type=\"widget\" data-e-type=\"widget\" data-widget_type=\"image-box.default\">\n\t\t\t\t\t<div class=\"elementor-image-box-wrapper\"><div class=\"elementor-image-box-content\"><h5 class=\"elementor-image-box-title\">Centrales \u00e9lectriques \u00e0 biomasse<\/h5><\/div><\/div>\t\t\t\t<\/div>\n\t\t\t\t<\/div>\n\t\t\t\t<\/a>\n\t\t\t\t<\/div>\n\t\t<div class=\"elementor-element elementor-element-bb51ba2 e-con-full e-flex e-con e-child\" data-id=\"bb51ba2\" data-element_type=\"container\" data-e-type=\"container\">\n\t\t<a class=\"elementor-element elementor-element-ee8ccb0 e-con-full e-flex e-con e-child\" data-id=\"ee8ccb0\" data-element_type=\"container\" data-e-type=\"container\" data-settings=\"{&quot;background_background&quot;:&quot;classic&quot;,&quot;animation&quot;:&quot;none&quot;}\" href=\"https:\/\/ronesanscelik.com.tr\/fr\/centrales-electriques-hrsg\/\">\n\t\t<div class=\"elementor-element elementor-element-fe51dd5 e-con-full e-flex e-con e-child\" data-id=\"fe51dd5\" data-element_type=\"container\" data-e-type=\"container\">\n\t\t\t\t<\/div>\n\t\t<div class=\"elementor-element elementor-element-11befa6 e-con-full e-flex e-con e-child\" data-id=\"11befa6\" data-element_type=\"container\" data-e-type=\"container\">\n\t\t\t\t<div class=\"elementor-element elementor-element-bebddeb elementor-widget__width-initial elementor-widget elementor-widget-image-box\" data-id=\"bebddeb\" data-element_type=\"widget\" data-e-type=\"widget\" data-widget_type=\"image-box.default\">\n\t\t\t\t\t<div class=\"elementor-image-box-wrapper\"><div class=\"elementor-image-box-content\"><h5 class=\"elementor-image-box-title\">Centrales \u00e9lectriques HRSG<\/h5><\/div><\/div>\t\t\t\t<\/div>\n\t\t\t\t<\/div>\n\t\t\t\t<\/a>\n\t\t\t\t<\/div>\n\t\t<div class=\"elementor-element elementor-element-2d99a31 e-con-full e-flex e-con e-child\" data-id=\"2d99a31\" data-element_type=\"container\" data-e-type=\"container\">\n\t\t<a class=\"elementor-element elementor-element-4d1380a e-con-full e-flex e-con e-child\" data-id=\"4d1380a\" data-element_type=\"container\" data-e-type=\"container\" data-settings=\"{&quot;background_background&quot;:&quot;classic&quot;,&quot;animation&quot;:&quot;none&quot;}\" href=\"https:\/\/ronesanscelik.com.tr\/fr\/pieces-sous-pression\/\">\n\t\t<div class=\"elementor-element elementor-element-d0430fd e-con-full e-flex e-con e-child\" data-id=\"d0430fd\" data-element_type=\"container\" data-e-type=\"container\">\n\t\t\t\t<\/div>\n\t\t<div class=\"elementor-element elementor-element-a5fb4f2 e-con-full e-flex e-con e-child\" data-id=\"a5fb4f2\" data-element_type=\"container\" data-e-type=\"container\">\n\t\t\t\t<div class=\"elementor-element elementor-element-9ef75a7 elementor-widget__width-initial elementor-widget elementor-widget-image-box\" data-id=\"9ef75a7\" data-element_type=\"widget\" data-e-type=\"widget\" data-widget_type=\"image-box.default\">\n\t\t\t\t\t<div class=\"elementor-image-box-wrapper\"><div class=\"elementor-image-box-content\"><h5 class=\"elementor-image-box-title\">Pi\u00e8ces sous pression<\/h5><\/div><\/div>\t\t\t\t<\/div>\n\t\t\t\t<\/div>\n\t\t\t\t<\/a>\n\t\t\t\t<\/div>\n\t\t<div class=\"elementor-element elementor-element-0a92946 e-con-full e-flex e-con e-child\" data-id=\"0a92946\" data-element_type=\"container\" data-e-type=\"container\">\n\t\t<a class=\"elementor-element elementor-element-2245ac4 e-con-full e-flex e-con e-child\" data-id=\"2245ac4\" data-element_type=\"container\" data-e-type=\"container\" data-settings=\"{&quot;background_background&quot;:&quot;classic&quot;,&quot;animation&quot;:&quot;none&quot;}\" href=\"https:\/\/ronesanscelik.com.tr\/fr\/panneaux-de-caisson-hrsg\/\">\n\t\t<div class=\"elementor-element elementor-element-2344fc1 e-con-full e-flex e-con e-child\" data-id=\"2344fc1\" data-element_type=\"container\" data-e-type=\"container\">\n\t\t\t\t<\/div>\n\t\t<div class=\"elementor-element elementor-element-adce4ba e-con-full e-flex e-con e-child\" data-id=\"adce4ba\" data-element_type=\"container\" data-e-type=\"container\">\n\t\t\t\t<div class=\"elementor-element elementor-element-f376fd0 elementor-widget__width-initial elementor-widget elementor-widget-image-box\" data-id=\"f376fd0\" data-element_type=\"widget\" data-e-type=\"widget\" data-widget_type=\"image-box.default\">\n\t\t\t\t\t<div class=\"elementor-image-box-wrapper\"><div class=\"elementor-image-box-content\"><h5 class=\"elementor-image-box-title\">Panneaux de caisson HRSG<\/h5><\/div><\/div>\t\t\t\t<\/div>\n\t\t\t\t<\/div>\n\t\t\t\t<\/a>\n\t\t\t\t<\/div>\n\t\t<div class=\"elementor-element elementor-element-c846a81 e-con-full e-flex e-con e-child\" data-id=\"c846a81\" data-element_type=\"container\" data-e-type=\"container\">\n\t\t<a class=\"elementor-element elementor-element-d70cd0c e-con-full e-flex e-con e-child\" data-id=\"d70cd0c\" data-element_type=\"container\" data-e-type=\"container\" data-settings=\"{&quot;background_background&quot;:&quot;classic&quot;,&quot;animation&quot;:&quot;none&quot;}\" href=\"https:\/\/ronesanscelik.com.tr\/fr\/structure-en-acier-acc\/\">\n\t\t<div class=\"elementor-element elementor-element-550f089 e-con-full e-flex e-con e-child\" data-id=\"550f089\" data-element_type=\"container\" data-e-type=\"container\">\n\t\t\t\t<\/div>\n\t\t<div class=\"elementor-element elementor-element-b2399d9 e-con-full e-flex e-con e-child\" data-id=\"b2399d9\" data-element_type=\"container\" data-e-type=\"container\">\n\t\t\t\t<div class=\"elementor-element elementor-element-4e3c134 elementor-widget__width-initial elementor-widget elementor-widget-image-box\" data-id=\"4e3c134\" data-element_type=\"widget\" data-e-type=\"widget\" data-widget_type=\"image-box.default\">\n\t\t\t\t\t<div class=\"elementor-image-box-wrapper\"><div class=\"elementor-image-box-content\"><h5 class=\"elementor-image-box-title\">Structure en acier ACC<\/h5><\/div><\/div>\t\t\t\t<\/div>\n\t\t\t\t<\/div>\n\t\t\t\t<\/a>\n\t\t\t\t<\/div>\n\t\t<div class=\"elementor-element elementor-element-c299f42 e-con-full e-flex e-con e-child\" data-id=\"c299f42\" data-element_type=\"container\" data-e-type=\"container\">\n\t\t<a class=\"elementor-element elementor-element-f4ef9f5 e-con-full e-flex e-con e-child\" data-id=\"f4ef9f5\" data-element_type=\"container\" data-e-type=\"container\" data-settings=\"{&quot;background_background&quot;:&quot;classic&quot;,&quot;animation&quot;:&quot;none&quot;}\" href=\"https:\/\/ronesanscelik.com.tr\/fr\/conduite-principale-acc\/\">\n\t\t<div class=\"elementor-element elementor-element-a467552 e-con-full e-flex e-con e-child\" data-id=\"a467552\" data-element_type=\"container\" data-e-type=\"container\">\n\t\t\t\t<\/div>\n\t\t<div class=\"elementor-element elementor-element-b5a29ca e-con-full e-flex e-con e-child\" data-id=\"b5a29ca\" data-element_type=\"container\" data-e-type=\"container\">\n\t\t\t\t<div class=\"elementor-element elementor-element-9d1a137 elementor-widget__width-initial elementor-widget elementor-widget-image-box\" data-id=\"9d1a137\" data-element_type=\"widget\" data-e-type=\"widget\" data-widget_type=\"image-box.default\">\n\t\t\t\t\t<div class=\"elementor-image-box-wrapper\"><div class=\"elementor-image-box-content\"><h5 class=\"elementor-image-box-title\">Conduite Principale ACC<\/h5><\/div><\/div>\t\t\t\t<\/div>\n\t\t\t\t<\/div>\n\t\t\t\t<\/a>\n\t\t\t\t<\/div>\n\t\t<div class=\"elementor-element elementor-element-314de40 e-con-full e-flex e-con e-child\" data-id=\"314de40\" data-element_type=\"container\" data-e-type=\"container\">\n\t\t<a class=\"elementor-element elementor-element-c5ea137 e-con-full e-flex e-con e-child\" data-id=\"c5ea137\" data-element_type=\"container\" data-e-type=\"container\" data-settings=\"{&quot;background_background&quot;:&quot;classic&quot;,&quot;animation&quot;:&quot;none&quot;}\" href=\"https:\/\/ronesanscelik.com.tr\/fr\/conduit-de-gaz-de-combustion\/\">\n\t\t<div class=\"elementor-element elementor-element-b78b508 e-con-full e-flex e-con e-child\" data-id=\"b78b508\" data-element_type=\"container\" data-e-type=\"container\">\n\t\t\t\t<\/div>\n\t\t<div class=\"elementor-element elementor-element-67485db e-con-full e-flex e-con e-child\" data-id=\"67485db\" data-element_type=\"container\" data-e-type=\"container\">\n\t\t\t\t<div class=\"elementor-element elementor-element-fe442da elementor-widget__width-initial elementor-widget elementor-widget-image-box\" data-id=\"fe442da\" data-element_type=\"widget\" data-e-type=\"widget\" data-widget_type=\"image-box.default\">\n\t\t\t\t\t<div class=\"elementor-image-box-wrapper\"><div class=\"elementor-image-box-content\"><h5 class=\"elementor-image-box-title\">Conduit de gaz de combustion<\/h5><\/div><\/div>\t\t\t\t<\/div>\n\t\t\t\t<\/div>\n\t\t\t\t<\/a>\n\t\t\t\t<\/div>\n\t\t<div class=\"elementor-element elementor-element-e34d970 e-con-full e-flex e-con e-child\" data-id=\"e34d970\" data-element_type=\"container\" data-e-type=\"container\">\n\t\t<a class=\"elementor-element elementor-element-4e03e31 e-con-full e-flex e-con e-child\" data-id=\"4e03e31\" data-element_type=\"container\" data-e-type=\"container\" data-settings=\"{&quot;background_background&quot;:&quot;classic&quot;,&quot;animation&quot;:&quot;none&quot;}\" href=\"https:\/\/ronesanscelik.com.tr\/fr\/caisson-de-filtre-a-manches-et-scr\/\">\n\t\t<div class=\"elementor-element elementor-element-7f26cda e-con-full e-flex e-con e-child\" data-id=\"7f26cda\" data-element_type=\"container\" data-e-type=\"container\">\n\t\t\t\t<\/div>\n\t\t<div class=\"elementor-element elementor-element-eee20d5 e-con-full e-flex e-con e-child\" data-id=\"eee20d5\" data-element_type=\"container\" data-e-type=\"container\">\n\t\t\t\t<div class=\"elementor-element elementor-element-728dbc0 elementor-widget__width-initial elementor-widget elementor-widget-image-box\" data-id=\"728dbc0\" data-element_type=\"widget\" data-e-type=\"widget\" data-widget_type=\"image-box.default\">\n\t\t\t\t\t<div class=\"elementor-image-box-wrapper\"><div class=\"elementor-image-box-content\"><h5 class=\"elementor-image-box-title\">Caisson de Filtre \u00e0 Manches et SCR<\/h5><\/div><\/div>\t\t\t\t<\/div>\n\t\t\t\t<\/div>\n\t\t\t\t<\/a>\n\t\t\t\t<\/div>\n\t\t<div class=\"elementor-element elementor-element-1b96038 e-con-full e-flex e-con e-child\" data-id=\"1b96038\" data-element_type=\"container\" data-e-type=\"container\">\n\t\t<a class=\"elementor-element elementor-element-e41b331 e-con-full e-flex e-con e-child\" data-id=\"e41b331\" data-element_type=\"container\" data-e-type=\"container\" data-settings=\"{&quot;background_background&quot;:&quot;classic&quot;,&quot;animation&quot;:&quot;none&quot;}\" href=\"https:\/\/ronesanscelik.com.tr\/fr\/revetement-de-toiture-et-de-mur\/\">\n\t\t<div class=\"elementor-element elementor-element-49bcc56 e-con-full e-flex e-con e-child\" data-id=\"49bcc56\" data-element_type=\"container\" data-e-type=\"container\">\n\t\t\t\t<\/div>\n\t\t<div class=\"elementor-element elementor-element-f9cdb45 e-con-full e-flex e-con e-child\" data-id=\"f9cdb45\" data-element_type=\"container\" data-e-type=\"container\">\n\t\t\t\t<div class=\"elementor-element elementor-element-f15e900 elementor-widget__width-initial elementor-widget elementor-widget-image-box\" data-id=\"f15e900\" data-element_type=\"widget\" data-e-type=\"widget\" data-widget_type=\"image-box.default\">\n\t\t\t\t\t<div class=\"elementor-image-box-wrapper\"><div class=\"elementor-image-box-content\"><h5 class=\"elementor-image-box-title\">Rev\u00eatement de toit et de mur<\/h5><\/div><\/div>\t\t\t\t<\/div>\n\t\t\t\t<\/div>\n\t\t\t\t<\/a>\n\t\t\t\t<\/div>\n\t\t<div class=\"elementor-element elementor-element-44227f1 e-con-full e-flex e-con e-child\" data-id=\"44227f1\" data-element_type=\"container\" data-e-type=\"container\">\n\t\t<a class=\"elementor-element elementor-element-9abd804 e-con-full e-flex e-con e-child\" data-id=\"9abd804\" data-element_type=\"container\" data-e-type=\"container\" data-settings=\"{&quot;background_background&quot;:&quot;classic&quot;,&quot;animation&quot;:&quot;none&quot;}\" href=\"https:\/\/ronesanscelik.com.tr\/fr\/cheminee\/\">\n\t\t<div class=\"elementor-element elementor-element-cb0e022 e-con-full e-flex e-con e-child\" data-id=\"cb0e022\" data-element_type=\"container\" data-e-type=\"container\">\n\t\t\t\t<\/div>\n\t\t<div class=\"elementor-element elementor-element-4ff5486 e-con-full e-flex e-con e-child\" data-id=\"4ff5486\" data-element_type=\"container\" data-e-type=\"container\">\n\t\t\t\t<div class=\"elementor-element elementor-element-d1d63c7 elementor-widget__width-initial elementor-widget elementor-widget-image-box\" data-id=\"d1d63c7\" data-element_type=\"widget\" data-e-type=\"widget\" data-widget_type=\"image-box.default\">\n\t\t\t\t\t<div class=\"elementor-image-box-wrapper\"><div class=\"elementor-image-box-content\"><h5 class=\"elementor-image-box-title\">Chemin\u00e9e<\/h5><\/div><\/div>\t\t\t\t<\/div>\n\t\t\t\t<\/div>\n\t\t\t\t<\/a>\n\t\t\t\t<\/div>\n\t\t<div class=\"elementor-element elementor-element-99e0ff6 e-con-full e-flex e-con e-child\" data-id=\"99e0ff6\" data-element_type=\"container\" data-e-type=\"container\">\n\t\t<a class=\"elementor-element elementor-element-8f82634 e-con-full e-flex e-con e-child\" data-id=\"8f82634\" data-element_type=\"container\" data-e-type=\"container\" data-settings=\"{&quot;background_background&quot;:&quot;classic&quot;,&quot;animation&quot;:&quot;none&quot;}\" href=\"https:\/\/ronesanscelik.com.tr\/fr\/systeme-de-grille-et-dalimentation-en-combustible\/\">\n\t\t<div class=\"elementor-element elementor-element-2a2a6c7 e-con-full e-flex e-con e-child\" data-id=\"2a2a6c7\" data-element_type=\"container\" data-e-type=\"container\">\n\t\t\t\t<\/div>\n\t\t<div class=\"elementor-element elementor-element-67c34f2 e-con-full e-flex e-con e-child\" data-id=\"67c34f2\" data-element_type=\"container\" data-e-type=\"container\">\n\t\t\t\t<div class=\"elementor-element elementor-element-7ad66b3 elementor-widget__width-initial elementor-widget elementor-widget-image-box\" data-id=\"7ad66b3\" data-element_type=\"widget\" data-e-type=\"widget\" data-widget_type=\"image-box.default\">\n\t\t\t\t\t<div class=\"elementor-image-box-wrapper\"><div class=\"elementor-image-box-content\"><h5 class=\"elementor-image-box-title\">Syst\u00e8me de Grille et d'Alimentation en Combustible<\/h5><\/div><\/div>\t\t\t\t<\/div>\n\t\t\t\t<\/div>\n\t\t\t\t<\/a>\n\t\t\t\t<\/div>\n\t\t<div class=\"elementor-element elementor-element-88de117 e-con-full e-flex e-con e-child\" data-id=\"88de117\" data-element_type=\"container\" data-e-type=\"container\">\n\t\t<a class=\"elementor-element elementor-element-8a22756 e-con-full e-flex e-con e-child\" data-id=\"8a22756\" data-element_type=\"container\" data-e-type=\"container\" data-settings=\"{&quot;background_background&quot;:&quot;classic&quot;,&quot;animation&quot;:&quot;none&quot;}\" href=\"https:\/\/ronesanscelik.com.tr\/fr\/prechauffeurs-dair\/\">\n\t\t<div class=\"elementor-element elementor-element-665d0cc e-con-full e-flex e-con e-child\" data-id=\"665d0cc\" data-element_type=\"container\" data-e-type=\"container\">\n\t\t\t\t<\/div>\n\t\t<div class=\"elementor-element elementor-element-2790e55 e-con-full e-flex e-con e-child\" data-id=\"2790e55\" data-element_type=\"container\" data-e-type=\"container\">\n\t\t\t\t<div class=\"elementor-element elementor-element-1301f33 elementor-widget__width-initial elementor-widget elementor-widget-image-box\" data-id=\"1301f33\" data-element_type=\"widget\" data-e-type=\"widget\" data-widget_type=\"image-box.default\">\n\t\t\t\t\t<div class=\"elementor-image-box-wrapper\"><div class=\"elementor-image-box-content\"><h5 class=\"elementor-image-box-title\">Pr\u00e9chauffeurs d'air<\/h5><\/div><\/div>\t\t\t\t<\/div>\n\t\t\t\t<\/div>\n\t\t\t\t<\/a>\n\t\t\t\t<\/div>\n\t\t\t\t<\/div>\n\t\t\t\t<\/div>\n\t\t\t\t\t<\/div>\n\t\t\t\t<\/div>\n\t\t\t\t<\/div>\n\t\t","protected":false},"excerpt":{"rendered":"<p>Centrales \u00e9lectriques Centrales \u00e9lectriques \u00e0 biomasse Centrales \u00e9lectriques HRSG Pi\u00e8ces sous pression Panneaux de caisson HRSG Structure en acier ACC Conduite Principale ACC Conduit de gaz de combustion Caisson de Filtre \u00e0 Manches et SCR Rev\u00eatement de toit et de mur Chemin\u00e9e Syst\u00e8me de Grille et d&rsquo;Alimentation en Combustible Pr\u00e9chauffeurs d&rsquo;air<\/p>\n","protected":false},"author":1,"featured_media":0,"parent":0,"menu_order":0,"comment_status":"closed","ping_status":"closed","template":"","meta":{"footnotes":""},"class_list":["post-8559","page","type-page","status-publish","hentry"],"_links":{"self":[{"href":"https:\/\/ronesanscelik.com.tr\/fr\/wp-json\/wp\/v2\/pages\/8559","targetHints":{"allow":["GET"]}}],"collection":[{"href":"https:\/\/ronesanscelik.com.tr\/fr\/wp-json\/wp\/v2\/pages"}],"about":[{"href":"https:\/\/ronesanscelik.com.tr\/fr\/wp-json\/wp\/v2\/types\/page"}],"author":[{"embeddable":true,"href":"https:\/\/ronesanscelik.com.tr\/fr\/wp-json\/wp\/v2\/users\/1"}],"replies":[{"embeddable":true,"href":"https:\/\/ronesanscelik.com.tr\/fr\/wp-json\/wp\/v2\/comments?post=8559"}],"version-history":[{"count":1,"href":"https:\/\/ronesanscelik.com.tr\/fr\/wp-json\/wp\/v2\/pages\/8559\/revisions"}],"predecessor-version":[{"id":8567,"href":"https:\/\/ronesanscelik.com.tr\/fr\/wp-json\/wp\/v2\/pages\/8559\/revisions\/8567"}],"wp:attachment":[{"href":"https:\/\/ronesanscelik.com.tr\/fr\/wp-json\/wp\/v2\/media?parent=8559"}],"curies":[{"name":"wp","href":"https:\/\/api.w.org\/{rel}","templated":true}]}}