{"id":8478,"date":"2025-12-22T09:07:11","date_gmt":"2025-12-22T09:07:11","guid":{"rendered":"https:\/\/ronesanscelik.com.tr\/kronospan-ii-chp\/"},"modified":"2026-02-06T14:41:54","modified_gmt":"2026-02-06T14:41:54","slug":"kronospan-ii-chp","status":"publish","type":"page","link":"https:\/\/ronesanscelik.com.tr\/fr\/kronospan-ii-chp\/","title":{"rendered":"kronospan \u0131\u0131 chp"},"content":{"rendered":"\t\t<div data-elementor-type=\"wp-page\" data-elementor-id=\"8478\" class=\"elementor elementor-8478 elementor-1659\" data-elementor-post-type=\"page\">\n\t\t\t\t<div class=\"elementor-element elementor-element-69663721 e-flex e-con-boxed e-con e-parent\" data-id=\"69663721\" data-element_type=\"container\" data-e-type=\"container\" data-settings=\"{&quot;background_background&quot;:&quot;classic&quot;}\">\n\t\t\t\t\t<div class=\"e-con-inner\">\n\t\t<div class=\"elementor-element elementor-element-65f6237a e-con-full e-flex e-con e-child\" data-id=\"65f6237a\" data-element_type=\"container\" data-e-type=\"container\">\n\t\t\t\t<div class=\"elementor-element elementor-element-487ee35 elementor-widget elementor-widget-heading\" data-id=\"487ee35\" data-element_type=\"widget\" data-e-type=\"widget\" data-settings=\"{&quot;_animation&quot;:&quot;none&quot;}\" data-widget_type=\"heading.default\">\n\t\t\t\t\t<h1 class=\"elementor-heading-title elementor-size-default\">Centrale \u00e9lectrique \u00e0 biomasse Kronospan II<\/h1>\t\t\t\t<\/div>\n\t\t\t\t<\/div>\n\t\t\t\t\t<\/div>\n\t\t\t\t<\/div>\n\t\t<div class=\"elementor-element elementor-element-66b3f97 e-con-full e-flex e-con e-parent\" data-id=\"66b3f97\" data-element_type=\"container\" data-e-type=\"container\">\n\t\t<div class=\"elementor-element elementor-element-7e6162f1 e-con-full e-flex e-con e-child\" data-id=\"7e6162f1\" data-element_type=\"container\" data-e-type=\"container\">\n\t\t<div class=\"elementor-element elementor-element-6ba5ba1f e-grid e-con-full top-info-grid e-con e-child\" data-id=\"6ba5ba1f\" data-element_type=\"container\" data-e-type=\"container\" id=\"top-info-grid\" data-settings=\"{&quot;background_background&quot;:&quot;classic&quot;}\">\n\t\t\t\t<div class=\"elementor-element elementor-element-1f614dce elementor-widget elementor-widget-icon-box\" data-id=\"1f614dce\" data-element_type=\"widget\" data-e-type=\"widget\" data-settings=\"{&quot;_animation&quot;:&quot;none&quot;}\" data-widget_type=\"icon-box.default\">\n\t\t\t\t\t\t\t<div class=\"elementor-icon-box-wrapper\">\n\n\t\t\t\n\t\t\t\t\t\t<div class=\"elementor-icon-box-content\">\n\n\t\t\t\t\t\t\t\t\t<h6 class=\"elementor-icon-box-title\">\n\t\t\t\t\t\t<span  >\n\t\t\t\t\t\t\templacement\t\t\t\t\t\t<\/span>\n\t\t\t\t\t<\/h6>\n\t\t\t\t\n\t\t\t\t\t\t\t\t\t<p class=\"elementor-icon-box-description\">\n\t\t\t\t\t\tSanem, Luxembourg\t\t\t\t\t<\/p>\n\t\t\t\t\n\t\t\t<\/div>\n\t\t\t\n\t\t<\/div>\n\t\t\t\t\t\t<\/div>\n\t\t\t\t<div class=\"elementor-element elementor-element-1e74f1cc elementor-widget elementor-widget-icon-box\" data-id=\"1e74f1cc\" data-element_type=\"widget\" data-e-type=\"widget\" data-settings=\"{&quot;_animation&quot;:&quot;none&quot;,&quot;_animation_delay&quot;:&quot;250&quot;}\" data-widget_type=\"icon-box.default\">\n\t\t\t\t\t\t\t<div class=\"elementor-icon-box-wrapper\">\n\n\t\t\t\n\t\t\t\t\t\t<div class=\"elementor-icon-box-content\">\n\n\t\t\t\t\t\t\t\t\t<h6 class=\"elementor-icon-box-title\">\n\t\t\t\t\t\t<span  >\n\t\t\t\t\t\t\ttonnage total\t\t\t\t\t\t<\/span>\n\t\t\t\t\t<\/h6>\n\t\t\t\t\n\t\t\t\t\t\t\t\t\t<p class=\"elementor-icon-box-description\">\n\t\t\t\t\t\t3 500 tonnes\t\t\t\t\t<\/p>\n\t\t\t\t\n\t\t\t<\/div>\n\t\t\t\n\t\t<\/div>\n\t\t\t\t\t\t<\/div>\n\t\t\t\t<div class=\"elementor-element elementor-element-265a21bf elementor-widget elementor-widget-icon-box\" data-id=\"265a21bf\" data-element_type=\"widget\" data-e-type=\"widget\" data-settings=\"{&quot;_animation&quot;:&quot;none&quot;,&quot;_animation_delay&quot;:&quot;500&quot;}\" data-widget_type=\"icon-box.default\">\n\t\t\t\t\t\t\t<div class=\"elementor-icon-box-wrapper\">\n\n\t\t\t\n\t\t\t\t\t\t<div class=\"elementor-icon-box-content\">\n\n\t\t\t\t\t\t\t\t\t<h6 class=\"elementor-icon-box-title\">\n\t\t\t\t\t\t<span  >\n\t\t\t\t\t\t\tclient\t\t\t\t\t\t<\/span>\n\t\t\t\t\t<\/h6>\n\t\t\t\t\n\t\t\t\t\t\t\t\t\t<p class=\"elementor-icon-box-description\">\n\t\t\t\t\t\tKronospan\t\t\t\t\t<\/p>\n\t\t\t\t\n\t\t\t<\/div>\n\t\t\t\n\t\t<\/div>\n\t\t\t\t\t\t<\/div>\n\t\t\t\t<div class=\"elementor-element elementor-element-6203b591 elementor-widget elementor-widget-icon-box\" data-id=\"6203b591\" data-element_type=\"widget\" data-e-type=\"widget\" data-settings=\"{&quot;_animation&quot;:&quot;none&quot;,&quot;_animation_delay&quot;:&quot;500&quot;}\" data-widget_type=\"icon-box.default\">\n\t\t\t\t\t\t\t<div class=\"elementor-icon-box-wrapper\">\n\n\t\t\t\n\t\t\t\t\t\t<div class=\"elementor-icon-box-content\">\n\n\t\t\t\t\t\t\t\t\t<h6 class=\"elementor-icon-box-title\">\n\t\t\t\t\t\t<span  >\n\t\t\t\t\t\t\t\u00e9tendue des travaux\t\t\t\t\t\t<\/span>\n\t\t\t\t\t<\/h6>\n\t\t\t\t\n\t\t\t\t\t\t\t\t\t<p class=\"elementor-icon-box-description\">\n\t\t\t\t\t\tFabrication et installation de structures en acier\t\t\t\t\t<\/p>\n\t\t\t\t\n\t\t\t<\/div>\n\t\t\t\n\t\t<\/div>\n\t\t\t\t\t\t<\/div>\n\t\t\t\t<\/div>\n\t\t\t\t<\/div>\n\t\t\t\t<\/div>\n\t\t<div class=\"elementor-element elementor-element-73fad081 e-flex e-con-boxed e-con e-parent\" data-id=\"73fad081\" data-element_type=\"container\" data-e-type=\"container\">\n\t\t\t\t\t<div class=\"e-con-inner\">\n\t\t<div class=\"elementor-element elementor-element-1165e23 e-con-full e-flex e-con e-child\" data-id=\"1165e23\" data-element_type=\"container\" data-e-type=\"container\">\n\t\t\t\t<div class=\"elementor-element elementor-element-7a94cc78 elementor-widget elementor-widget-gallery\" data-id=\"7a94cc78\" data-element_type=\"widget\" data-e-type=\"widget\" data-settings=\"{&quot;columns&quot;:3,&quot;gap&quot;:{&quot;unit&quot;:&quot;px&quot;,&quot;size&quot;:3,&quot;sizes&quot;:[]},&quot;lazyload&quot;:&quot;yes&quot;,&quot;gallery_layout&quot;:&quot;grid&quot;,&quot;columns_tablet&quot;:2,&quot;columns_mobile&quot;:1,&quot;gap_tablet&quot;:{&quot;unit&quot;:&quot;px&quot;,&quot;size&quot;:10,&quot;sizes&quot;:[]},&quot;gap_mobile&quot;:{&quot;unit&quot;:&quot;px&quot;,&quot;size&quot;:10,&quot;sizes&quot;:[]},&quot;link_to&quot;:&quot;file&quot;,&quot;aspect_ratio&quot;:&quot;3:2&quot;,&quot;overlay_background&quot;:&quot;yes&quot;,&quot;content_hover_animation&quot;:&quot;fade-in&quot;}\" data-widget_type=\"gallery.default\">\n\t\t\t\t\t\t\t<div class=\"elementor-gallery__container\">\n\t\t\t\t\t\t\t<a class=\"e-gallery-item elementor-gallery-item elementor-animated-content\" href=\"https:\/\/ronesanscelik.com.tr\/wp-content\/uploads\/2025\/12\/3bfe73a2-94f7-48ed-b957-134dddb6ee9f_d59a91db.webp\" data-elementor-open-lightbox=\"yes\" data-elementor-lightbox-slideshow=\"7a94cc78\" data-elementor-lightbox-title=\"3bfe73a2-94f7-48ed-b957-134dddb6ee9f_d59a91db\" data-e-action-hash=\"#elementor-action%3Aaction%3Dlightbox%26settings%3DeyJpZCI6ODA2MiwidXJsIjoiaHR0cHM6XC9cL3JvbmVzYW5zY2VsaWsuY29tLnRyXC93cC1jb250ZW50XC91cGxvYWRzXC8yMDI1XC8xMlwvM2JmZTczYTItOTRmNy00OGVkLWI5NTctMTM0ZGRkYjZlZTlmX2Q1OWE5MWRiLndlYnAiLCJzbGlkZXNob3ciOiI3YTk0Y2M3OCJ9\">\n\t\t\t\t\t<div class=\"e-gallery-image elementor-gallery-item__image\" data-thumbnail=\"https:\/\/ronesanscelik.com.tr\/wp-content\/uploads\/2025\/12\/3bfe73a2-94f7-48ed-b957-134dddb6ee9f_d59a91db-768x576.webp\" data-width=\"768\" data-height=\"576\" aria-label=\"\" role=\"img\" ><\/div>\n\t\t\t\t\t\t\t\t\t\t\t<div class=\"elementor-gallery-item__overlay\"><\/div>\n\t\t\t\t\t\t\t\t\t\t\t\t\t\t<\/a>\n\t\t\t\t\t\t\t<a class=\"e-gallery-item elementor-gallery-item elementor-animated-content\" href=\"https:\/\/ronesanscelik.com.tr\/wp-content\/uploads\/2025\/12\/ab1aa7f1-ba4e-4745-92b9-79c77b0e14ea_0e24bae2.webp\" data-elementor-open-lightbox=\"yes\" data-elementor-lightbox-slideshow=\"7a94cc78\" data-elementor-lightbox-title=\"ab1aa7f1-ba4e-4745-92b9-79c77b0e14ea_0e24bae2\" data-e-action-hash=\"#elementor-action%3Aaction%3Dlightbox%26settings%3DeyJpZCI6ODA2MywidXJsIjoiaHR0cHM6XC9cL3JvbmVzYW5zY2VsaWsuY29tLnRyXC93cC1jb250ZW50XC91cGxvYWRzXC8yMDI1XC8xMlwvYWIxYWE3ZjEtYmE0ZS00NzQ1LTkyYjktNzljNzdiMGUxNGVhXzBlMjRiYWUyLndlYnAiLCJzbGlkZXNob3ciOiI3YTk0Y2M3OCJ9\">\n\t\t\t\t\t<div class=\"e-gallery-image elementor-gallery-item__image\" data-thumbnail=\"https:\/\/ronesanscelik.com.tr\/wp-content\/uploads\/2025\/12\/ab1aa7f1-ba4e-4745-92b9-79c77b0e14ea_0e24bae2-768x576.webp\" data-width=\"768\" data-height=\"576\" aria-label=\"\" role=\"img\" ><\/div>\n\t\t\t\t\t\t\t\t\t\t\t<div class=\"elementor-gallery-item__overlay\"><\/div>\n\t\t\t\t\t\t\t\t\t\t\t\t\t\t<\/a>\n\t\t\t\t\t\t\t<a class=\"e-gallery-item elementor-gallery-item elementor-animated-content\" href=\"https:\/\/ronesanscelik.com.tr\/wp-content\/uploads\/2025\/12\/envato-labs-image-edit-102_0ef3df86-scaled.webp\" data-elementor-open-lightbox=\"yes\" data-elementor-lightbox-slideshow=\"7a94cc78\" data-elementor-lightbox-title=\"envato-labs-image-edit-102_0ef3df86\" data-e-action-hash=\"#elementor-action%3Aaction%3Dlightbox%26settings%3DeyJpZCI6ODA2NCwidXJsIjoiaHR0cHM6XC9cL3JvbmVzYW5zY2VsaWsuY29tLnRyXC93cC1jb250ZW50XC91cGxvYWRzXC8yMDI1XC8xMlwvZW52YXRvLWxhYnMtaW1hZ2UtZWRpdC0xMDJfMGVmM2RmODYtc2NhbGVkLndlYnAiLCJzbGlkZXNob3ciOiI3YTk0Y2M3OCJ9\">\n\t\t\t\t\t<div class=\"e-gallery-image elementor-gallery-item__image\" data-thumbnail=\"https:\/\/ronesanscelik.com.tr\/wp-content\/uploads\/2025\/12\/envato-labs-image-edit-102_0ef3df86-768x432.webp\" data-width=\"768\" data-height=\"432\" aria-label=\"\" role=\"img\" ><\/div>\n\t\t\t\t\t\t\t\t\t\t\t<div class=\"elementor-gallery-item__overlay\"><\/div>\n\t\t\t\t\t\t\t\t\t\t\t\t\t\t<\/a>\n\t\t\t\t\t\t\t<a class=\"e-gallery-item elementor-gallery-item elementor-animated-content\" href=\"https:\/\/ronesanscelik.com.tr\/wp-content\/uploads\/2026\/01\/envato-lllabs-image-edit-104_1a024b6c-scaled.webp\" data-elementor-open-lightbox=\"yes\" data-elementor-lightbox-slideshow=\"7a94cc78\" data-elementor-lightbox-title=\"envato-lllabs-image-edit-104_1a024b6c\" data-e-action-hash=\"#elementor-action%3Aaction%3Dlightbox%26settings%3DeyJpZCI6ODQ3MiwidXJsIjoiaHR0cHM6XC9cL3JvbmVzYW5zY2VsaWsuY29tLnRyXC93cC1jb250ZW50XC91cGxvYWRzXC8yMDI2XC8wMVwvZW52YXRvLWxsbGFicy1pbWFnZS1lZGl0LTEwNF8xYTAyNGI2Yy1zY2FsZWQud2VicCIsInNsaWRlc2hvdyI6IjdhOTRjYzc4In0%3D\">\n\t\t\t\t\t<div class=\"e-gallery-image elementor-gallery-item__image\" data-thumbnail=\"https:\/\/ronesanscelik.com.tr\/wp-content\/uploads\/2026\/01\/envato-lllabs-image-edit-104_1a024b6c-768x432.webp\" data-width=\"768\" data-height=\"432\" aria-label=\"\" role=\"img\" ><\/div>\n\t\t\t\t\t\t\t\t\t\t\t<div class=\"elementor-gallery-item__overlay\"><\/div>\n\t\t\t\t\t\t\t\t\t\t\t\t\t\t<\/a>\n\t\t\t\t\t\t\t<a class=\"e-gallery-item elementor-gallery-item elementor-animated-content\" href=\"https:\/\/ronesanscelik.com.tr\/wp-content\/uploads\/2025\/12\/IMG_2246_7f4bd345-scaled.webp\" data-elementor-open-lightbox=\"yes\" data-elementor-lightbox-slideshow=\"7a94cc78\" data-elementor-lightbox-title=\"IMG_2246_7f4bd345\" data-e-action-hash=\"#elementor-action%3Aaction%3Dlightbox%26settings%3DeyJpZCI6ODA2NywidXJsIjoiaHR0cHM6XC9cL3JvbmVzYW5zY2VsaWsuY29tLnRyXC93cC1jb250ZW50XC91cGxvYWRzXC8yMDI1XC8xMlwvSU1HXzIyNDZfN2Y0YmQzNDUtc2NhbGVkLndlYnAiLCJzbGlkZXNob3ciOiI3YTk0Y2M3OCJ9\">\n\t\t\t\t\t<div class=\"e-gallery-image elementor-gallery-item__image\" data-thumbnail=\"https:\/\/ronesanscelik.com.tr\/wp-content\/uploads\/2025\/12\/IMG_2246_7f4bd345-768x1024.webp\" data-width=\"768\" data-height=\"1024\" aria-label=\"\" role=\"img\" ><\/div>\n\t\t\t\t\t\t\t\t\t\t\t<div class=\"elementor-gallery-item__overlay\"><\/div>\n\t\t\t\t\t\t\t\t\t\t\t\t\t\t<\/a>\n\t\t\t\t\t\t\t<a class=\"e-gallery-item elementor-gallery-item elementor-animated-content\" href=\"https:\/\/ronesanscelik.com.tr\/wp-content\/uploads\/2025\/12\/IMG_2250_abf09a80-scaled.webp\" data-elementor-open-lightbox=\"yes\" data-elementor-lightbox-slideshow=\"7a94cc78\" data-elementor-lightbox-title=\"IMG_2250_abf09a80\" data-e-action-hash=\"#elementor-action%3Aaction%3Dlightbox%26settings%3DeyJpZCI6ODA2OCwidXJsIjoiaHR0cHM6XC9cL3JvbmVzYW5zY2VsaWsuY29tLnRyXC93cC1jb250ZW50XC91cGxvYWRzXC8yMDI1XC8xMlwvSU1HXzIyNTBfYWJmMDlhODAtc2NhbGVkLndlYnAiLCJzbGlkZXNob3ciOiI3YTk0Y2M3OCJ9\">\n\t\t\t\t\t<div class=\"e-gallery-image elementor-gallery-item__image\" data-thumbnail=\"https:\/\/ronesanscelik.com.tr\/wp-content\/uploads\/2025\/12\/IMG_2250_abf09a80-768x576.webp\" data-width=\"768\" data-height=\"576\" aria-label=\"\" role=\"img\" ><\/div>\n\t\t\t\t\t\t\t\t\t\t\t<div class=\"elementor-gallery-item__overlay\"><\/div>\n\t\t\t\t\t\t\t\t\t\t\t\t\t\t<\/a>\n\t\t\t\t\t\t\t<a class=\"e-gallery-item elementor-gallery-item elementor-animated-content\" href=\"https:\/\/ronesanscelik.com.tr\/wp-content\/uploads\/2026\/01\/PHOTO-2018-10-17-21-17-41_7b574958.webp\" data-elementor-open-lightbox=\"yes\" data-elementor-lightbox-slideshow=\"7a94cc78\" data-elementor-lightbox-title=\"PHOTO-2018-10-17-21-17-41_7b574958\" data-e-action-hash=\"#elementor-action%3Aaction%3Dlightbox%26settings%3DeyJpZCI6ODQ3MywidXJsIjoiaHR0cHM6XC9cL3JvbmVzYW5zY2VsaWsuY29tLnRyXC93cC1jb250ZW50XC91cGxvYWRzXC8yMDI2XC8wMVwvUEhPVE8tMjAxOC0xMC0xNy0yMS0xNy00MV83YjU3NDk1OC53ZWJwIiwic2xpZGVzaG93IjoiN2E5NGNjNzgifQ%3D%3D\">\n\t\t\t\t\t<div class=\"e-gallery-image elementor-gallery-item__image\" data-thumbnail=\"https:\/\/ronesanscelik.com.tr\/wp-content\/uploads\/2026\/01\/PHOTO-2018-10-17-21-17-41_7b574958-768x576.webp\" data-width=\"768\" data-height=\"576\" aria-label=\"\" role=\"img\" ><\/div>\n\t\t\t\t\t\t\t\t\t\t\t<div class=\"elementor-gallery-item__overlay\"><\/div>\n\t\t\t\t\t\t\t\t\t\t\t\t\t\t<\/a>\n\t\t\t\t\t\t\t<a class=\"e-gallery-item elementor-gallery-item elementor-animated-content\" href=\"https:\/\/ronesanscelik.com.tr\/wp-content\/uploads\/2026\/01\/PHOTO-2018-10-17-21-17-42_f8bdad45.webp\" data-elementor-open-lightbox=\"yes\" data-elementor-lightbox-slideshow=\"7a94cc78\" data-elementor-lightbox-title=\"PHOTO-2018-10-17-21-17-42_f8bdad45\" data-e-action-hash=\"#elementor-action%3Aaction%3Dlightbox%26settings%3DeyJpZCI6ODQ3NCwidXJsIjoiaHR0cHM6XC9cL3JvbmVzYW5zY2VsaWsuY29tLnRyXC93cC1jb250ZW50XC91cGxvYWRzXC8yMDI2XC8wMVwvUEhPVE8tMjAxOC0xMC0xNy0yMS0xNy00Ml9mOGJkYWQ0NS53ZWJwIiwic2xpZGVzaG93IjoiN2E5NGNjNzgifQ%3D%3D\">\n\t\t\t\t\t<div class=\"e-gallery-image elementor-gallery-item__image\" data-thumbnail=\"https:\/\/ronesanscelik.com.tr\/wp-content\/uploads\/2026\/01\/PHOTO-2018-10-17-21-17-42_f8bdad45-768x576.webp\" data-width=\"768\" data-height=\"576\" aria-label=\"\" role=\"img\" ><\/div>\n\t\t\t\t\t\t\t\t\t\t\t<div class=\"elementor-gallery-item__overlay\"><\/div>\n\t\t\t\t\t\t\t\t\t\t\t\t\t\t<\/a>\n\t\t\t\t\t\t\t<a class=\"e-gallery-item elementor-gallery-item elementor-animated-content\" href=\"https:\/\/ronesanscelik.com.tr\/wp-content\/uploads\/2026\/01\/PHOTO-2018-10-17-21-17-461_2b1c7839.webp\" data-elementor-open-lightbox=\"yes\" data-elementor-lightbox-slideshow=\"7a94cc78\" data-elementor-lightbox-title=\"PHOTO-2018-10-17-21-17-46[1]_2b1c7839\" data-e-action-hash=\"#elementor-action%3Aaction%3Dlightbox%26settings%3DeyJpZCI6ODQ3NSwidXJsIjoiaHR0cHM6XC9cL3JvbmVzYW5zY2VsaWsuY29tLnRyXC93cC1jb250ZW50XC91cGxvYWRzXC8yMDI2XC8wMVwvUEhPVE8tMjAxOC0xMC0xNy0yMS0xNy00NjFfMmIxYzc4Mzkud2VicCIsInNsaWRlc2hvdyI6IjdhOTRjYzc4In0%3D\">\n\t\t\t\t\t<div class=\"e-gallery-image elementor-gallery-item__image\" data-thumbnail=\"https:\/\/ronesanscelik.com.tr\/wp-content\/uploads\/2026\/01\/PHOTO-2018-10-17-21-17-461_2b1c7839-768x576.webp\" data-width=\"768\" data-height=\"576\" aria-label=\"\" role=\"img\" ><\/div>\n\t\t\t\t\t\t\t\t\t\t\t<div class=\"elementor-gallery-item__overlay\"><\/div>\n\t\t\t\t\t\t\t\t\t\t\t\t\t\t<\/a>\n\t\t\t\t\t<\/div>\n\t\t\t\t\t<\/div>\n\t\t\t\t<\/div>\n\t\t\t\t\t<\/div>\n\t\t\t\t<\/div>\n\t\t\t\t<\/div>\n\t\t","protected":false},"excerpt":{"rendered":"<p>Centrale \u00e9lectrique \u00e0 biomasse Kronospan II emplacement Sanem, Luxembourg tonnage total 3 500 tonnes client Kronospan \u00e9tendue des travaux Fabrication et installation de structures en acier<\/p>\n","protected":false},"author":1,"featured_media":0,"parent":0,"menu_order":0,"comment_status":"closed","ping_status":"closed","template":"","meta":{"footnotes":""},"class_list":["post-8478","page","type-page","status-publish","hentry"],"_links":{"self":[{"href":"https:\/\/ronesanscelik.com.tr\/fr\/wp-json\/wp\/v2\/pages\/8478","targetHints":{"allow":["GET"]}}],"collection":[{"href":"https:\/\/ronesanscelik.com.tr\/fr\/wp-json\/wp\/v2\/pages"}],"about":[{"href":"https:\/\/ronesanscelik.com.tr\/fr\/wp-json\/wp\/v2\/types\/page"}],"author":[{"embeddable":true,"href":"https:\/\/ronesanscelik.com.tr\/fr\/wp-json\/wp\/v2\/users\/1"}],"replies":[{"embeddable":true,"href":"https:\/\/ronesanscelik.com.tr\/fr\/wp-json\/wp\/v2\/comments?post=8478"}],"version-history":[{"count":1,"href":"https:\/\/ronesanscelik.com.tr\/fr\/wp-json\/wp\/v2\/pages\/8478\/revisions"}],"predecessor-version":[{"id":8479,"href":"https:\/\/ronesanscelik.com.tr\/fr\/wp-json\/wp\/v2\/pages\/8478\/revisions\/8479"}],"wp:attachment":[{"href":"https:\/\/ronesanscelik.com.tr\/fr\/wp-json\/wp\/v2\/media?parent=8478"}],"curies":[{"name":"wp","href":"https:\/\/api.w.org\/{rel}","templated":true}]}}