{"id":8462,"date":"2025-12-18T13:32:00","date_gmt":"2025-12-18T13:32:00","guid":{"rendered":"https:\/\/ronesanscelik.com.tr\/centrales-electriques-hrsg\/"},"modified":"2026-02-08T12:13:27","modified_gmt":"2026-02-08T12:13:27","slug":"centrales-electriques-hrsg","status":"publish","type":"page","link":"https:\/\/ronesanscelik.com.tr\/fr\/centrales-electriques-hrsg\/","title":{"rendered":"centrales \u00e9lectriques HRSG"},"content":{"rendered":"\t\t<div data-elementor-type=\"wp-page\" data-elementor-id=\"8462\" class=\"elementor elementor-8462 elementor-1545\" data-elementor-post-type=\"page\">\n\t\t\t\t<div class=\"elementor-element elementor-element-4e93f836 e-flex e-con-boxed e-con e-parent\" data-id=\"4e93f836\" data-element_type=\"container\" data-e-type=\"container\" data-settings=\"{&quot;background_background&quot;:&quot;classic&quot;}\">\n\t\t\t\t\t<div class=\"e-con-inner\">\n\t\t<div class=\"elementor-element elementor-element-267cd32b e-con-full e-flex e-con e-child\" data-id=\"267cd32b\" data-element_type=\"container\" data-e-type=\"container\">\n\t\t\t\t<div class=\"elementor-element elementor-element-3cfb35c1 elementor-widget elementor-widget-heading\" data-id=\"3cfb35c1\" data-element_type=\"widget\" data-e-type=\"widget\" data-settings=\"{&quot;_animation&quot;:&quot;none&quot;}\" data-widget_type=\"heading.default\">\n\t\t\t\t\t<h1 class=\"elementor-heading-title elementor-size-default\">Centrales \u00c9lectriques HRSG<\/h1>\t\t\t\t<\/div>\n\t\t\t\t<\/div>\n\t\t\t\t\t<\/div>\n\t\t\t\t<\/div>\n\t\t<div class=\"elementor-element elementor-element-20f1dfc3 e-flex e-con-boxed e-con e-parent\" data-id=\"20f1dfc3\" data-element_type=\"container\" data-e-type=\"container\" data-settings=\"{&quot;background_background&quot;:&quot;classic&quot;}\">\n\t\t\t\t\t<div class=\"e-con-inner\">\n\t\t<div class=\"elementor-element elementor-element-7b4b9241 e-con-full e-flex e-con e-child\" data-id=\"7b4b9241\" data-element_type=\"container\" data-e-type=\"container\">\n\t\t<div class=\"elementor-element elementor-element-76f38d7 e-grid e-con-full e-con e-child\" data-id=\"76f38d7\" data-element_type=\"container\" data-e-type=\"container\">\n\t\t<div class=\"elementor-element elementor-element-4dd0a561 e-con-full e-flex e-con e-child\" data-id=\"4dd0a561\" data-element_type=\"container\" data-e-type=\"container\">\n\t\t<a class=\"elementor-element elementor-element-2d230c1a e-con-full e-flex e-con e-child\" data-id=\"2d230c1a\" data-element_type=\"container\" data-e-type=\"container\" data-settings=\"{&quot;background_background&quot;:&quot;classic&quot;,&quot;animation&quot;:&quot;none&quot;}\" href=\"https:\/\/ronesanscelik.com.tr\/fr\/centrale-electrique-de-dradenau\/\">\n\t\t<div class=\"elementor-element elementor-element-26d55f65 e-con-full e-flex e-con e-child\" data-id=\"26d55f65\" data-element_type=\"container\" data-e-type=\"container\">\n\t\t\t\t<\/div>\n\t\t<div class=\"elementor-element elementor-element-16ae76ff e-con-full e-flex e-con e-child\" data-id=\"16ae76ff\" data-element_type=\"container\" data-e-type=\"container\">\n\t\t\t\t<div class=\"elementor-element elementor-element-5c8fe6a1 elementor-widget__width-initial elementor-widget elementor-widget-image-box\" data-id=\"5c8fe6a1\" data-element_type=\"widget\" data-e-type=\"widget\" data-widget_type=\"image-box.default\">\n\t\t\t\t\t<div class=\"elementor-image-box-wrapper\"><div class=\"elementor-image-box-content\"><h5 class=\"elementor-image-box-title\">Centrale \u00e9lectrique de Dradenau<\/h5><p class=\"elementor-image-box-description\">Hambourg, Allemagne<\/p><\/div><\/div>\t\t\t\t<\/div>\n\t\t\t\t<\/div>\n\t\t\t\t<\/a>\n\t\t\t\t<\/div>\n\t\t<div class=\"elementor-element elementor-element-62abebc8 e-con-full e-flex e-con e-child\" data-id=\"62abebc8\" data-element_type=\"container\" data-e-type=\"container\">\n\t\t<a class=\"elementor-element elementor-element-75888d02 e-con-full e-flex e-con e-child\" data-id=\"75888d02\" data-element_type=\"container\" data-e-type=\"container\" data-settings=\"{&quot;background_background&quot;:&quot;classic&quot;,&quot;animation&quot;:&quot;none&quot;,&quot;animation_delay&quot;:&quot;250&quot;}\" href=\"https:\/\/ronesanscelik.com.tr\/fr\/projet-toplarna\/\">\n\t\t<div class=\"elementor-element elementor-element-775e7795 e-con-full e-flex e-con e-child\" data-id=\"775e7795\" data-element_type=\"container\" data-e-type=\"container\">\n\t\t\t\t<\/div>\n\t\t<div class=\"elementor-element elementor-element-339cc95 e-con-full e-flex e-con e-child\" data-id=\"339cc95\" data-element_type=\"container\" data-e-type=\"container\">\n\t\t\t\t<div class=\"elementor-element elementor-element-4cf9b2a3 elementor-widget__width-initial elementor-widget elementor-widget-image-box\" data-id=\"4cf9b2a3\" data-element_type=\"widget\" data-e-type=\"widget\" data-widget_type=\"image-box.default\">\n\t\t\t\t\t<div class=\"elementor-image-box-wrapper\"><div class=\"elementor-image-box-content\"><h5 class=\"elementor-image-box-title\">Projet Toplarna<\/h5><p class=\"elementor-image-box-description\">Ljubljana, Slov\u00e9nie<\/p><\/div><\/div>\t\t\t\t<\/div>\n\t\t\t\t<\/div>\n\t\t\t\t<\/a>\n\t\t\t\t<\/div>\n\t\t<div class=\"elementor-element elementor-element-7287df5a e-con-full e-flex e-con e-child\" data-id=\"7287df5a\" data-element_type=\"container\" data-e-type=\"container\" data-settings=\"{&quot;animation&quot;:&quot;none&quot;}\">\n\t\t<a class=\"elementor-element elementor-element-73ec021 e-con-full e-flex e-con e-child\" data-id=\"73ec021\" data-element_type=\"container\" data-e-type=\"container\" data-settings=\"{&quot;background_background&quot;:&quot;classic&quot;}\" href=\"https:\/\/ronesanscelik.com.tr\/fr\/ciprel-ccpp\/\">\n\t\t<div class=\"elementor-element elementor-element-7d3d758e e-con-full e-flex e-con e-child\" data-id=\"7d3d758e\" data-element_type=\"container\" data-e-type=\"container\">\n\t\t\t\t<\/div>\n\t\t<div class=\"elementor-element elementor-element-4b0a16ba e-con-full e-flex e-con e-child\" data-id=\"4b0a16ba\" data-element_type=\"container\" data-e-type=\"container\">\n\t\t\t\t<div class=\"elementor-element elementor-element-6f11de8d elementor-widget__width-initial elementor-widget elementor-widget-image-box\" data-id=\"6f11de8d\" data-element_type=\"widget\" data-e-type=\"widget\" data-widget_type=\"image-box.default\">\n\t\t\t\t\t<div class=\"elementor-image-box-wrapper\"><div class=\"elementor-image-box-content\"><h5 class=\"elementor-image-box-title\">Ciprel CCPP<\/h5><p class=\"elementor-image-box-description\">Abidjan, C\u00f4te d'Ivoire<\/p><\/div><\/div>\t\t\t\t<\/div>\n\t\t\t\t<\/div>\n\t\t\t\t<\/a>\n\t\t\t\t<\/div>\n\t\t<div class=\"elementor-element elementor-element-523f05e2 e-con-full e-flex e-con e-child\" data-id=\"523f05e2\" data-element_type=\"container\" data-e-type=\"container\" data-settings=\"{&quot;animation&quot;:&quot;none&quot;,&quot;animation_delay&quot;:&quot;250&quot;}\">\n\t\t<a class=\"elementor-element elementor-element-47f8fcd1 e-con-full e-flex e-con e-child\" data-id=\"47f8fcd1\" data-element_type=\"container\" data-e-type=\"container\" data-settings=\"{&quot;background_background&quot;:&quot;classic&quot;}\" href=\"https:\/\/ronesanscelik.com.tr\/fr\/agios-nikolaos-ccgt-ii\/\">\n\t\t<div class=\"elementor-element elementor-element-60b749c5 e-con-full e-flex e-con e-child\" data-id=\"60b749c5\" data-element_type=\"container\" data-e-type=\"container\">\n\t\t\t\t<\/div>\n\t\t<div class=\"elementor-element elementor-element-76fedddd e-con-full e-flex e-con e-child\" data-id=\"76fedddd\" data-element_type=\"container\" data-e-type=\"container\">\n\t\t\t\t<div class=\"elementor-element elementor-element-253a0bac elementor-widget__width-initial elementor-widget elementor-widget-image-box\" data-id=\"253a0bac\" data-element_type=\"widget\" data-e-type=\"widget\" data-widget_type=\"image-box.default\">\n\t\t\t\t\t<div class=\"elementor-image-box-wrapper\"><div class=\"elementor-image-box-content\"><h5 class=\"elementor-image-box-title\">Agios Nikolaos CCGT II<\/h5><p class=\"elementor-image-box-description\">B\u00e9otie, Gr\u00e8ce<\/p><\/div><\/div>\t\t\t\t<\/div>\n\t\t\t\t<\/div>\n\t\t\t\t<\/a>\n\t\t\t\t<\/div>\n\t\t\t\t<\/div>\n\t\t\t\t<\/div>\n\t\t\t\t\t<\/div>\n\t\t\t\t<\/div>\n\t\t\t\t<\/div>\n\t\t","protected":false},"excerpt":{"rendered":"<p>Centrales \u00c9lectriques HRSG Centrale \u00e9lectrique de Dradenau Hambourg, Allemagne Projet Toplarna Ljubljana, Slov\u00e9nie Ciprel CCPP Abidjan, C\u00f4te d&rsquo;Ivoire Agios Nikolaos CCGT II B\u00e9otie, Gr\u00e8ce<\/p>\n","protected":false},"author":1,"featured_media":0,"parent":0,"menu_order":0,"comment_status":"closed","ping_status":"closed","template":"","meta":{"footnotes":""},"class_list":["post-8462","page","type-page","status-publish","hentry"],"_links":{"self":[{"href":"https:\/\/ronesanscelik.com.tr\/fr\/wp-json\/wp\/v2\/pages\/8462","targetHints":{"allow":["GET"]}}],"collection":[{"href":"https:\/\/ronesanscelik.com.tr\/fr\/wp-json\/wp\/v2\/pages"}],"about":[{"href":"https:\/\/ronesanscelik.com.tr\/fr\/wp-json\/wp\/v2\/types\/page"}],"author":[{"embeddable":true,"href":"https:\/\/ronesanscelik.com.tr\/fr\/wp-json\/wp\/v2\/users\/1"}],"replies":[{"embeddable":true,"href":"https:\/\/ronesanscelik.com.tr\/fr\/wp-json\/wp\/v2\/comments?post=8462"}],"version-history":[{"count":1,"href":"https:\/\/ronesanscelik.com.tr\/fr\/wp-json\/wp\/v2\/pages\/8462\/revisions"}],"predecessor-version":[{"id":8468,"href":"https:\/\/ronesanscelik.com.tr\/fr\/wp-json\/wp\/v2\/pages\/8462\/revisions\/8468"}],"wp:attachment":[{"href":"https:\/\/ronesanscelik.com.tr\/fr\/wp-json\/wp\/v2\/media?parent=8462"}],"curies":[{"name":"wp","href":"https:\/\/api.w.org\/{rel}","templated":true}]}}