{"id":8435,"date":"2026-01-10T11:12:34","date_gmt":"2026-01-10T11:12:34","guid":{"rendered":"https:\/\/ronesanscelik.com.tr\/histoire\/"},"modified":"2026-02-06T14:37:36","modified_gmt":"2026-02-06T14:37:36","slug":"histoire","status":"publish","type":"page","link":"https:\/\/ronesanscelik.com.tr\/fr\/histoire\/","title":{"rendered":"histoire"},"content":{"rendered":"\t\t<div data-elementor-type=\"wp-page\" data-elementor-id=\"8435\" class=\"elementor elementor-8435 elementor-4830\" data-elementor-post-type=\"page\">\n\t\t\t\t<div class=\"elementor-element elementor-element-51eb2e53 e-flex e-con-boxed e-con e-parent\" data-id=\"51eb2e53\" data-element_type=\"container\" data-e-type=\"container\" data-settings=\"{&quot;background_background&quot;:&quot;classic&quot;}\">\n\t\t\t\t\t<div class=\"e-con-inner\">\n\t\t<div class=\"elementor-element elementor-element-57d7c503 e-con-full e-flex e-con e-child\" data-id=\"57d7c503\" data-element_type=\"container\" data-e-type=\"container\">\n\t\t\t\t<div class=\"elementor-element elementor-element-6ae54c84 elementor-widget elementor-widget-heading\" data-id=\"6ae54c84\" data-element_type=\"widget\" data-e-type=\"widget\" data-settings=\"{&quot;_animation&quot;:&quot;none&quot;}\" data-widget_type=\"heading.default\">\n\t\t\t\t\t<h1 class=\"elementor-heading-title elementor-size-default\">Histoire<\/h1>\t\t\t\t<\/div>\n\t\t\t\t<\/div>\n\t\t\t\t\t<\/div>\n\t\t\t\t<\/div>\n\t\t<div class=\"elementor-element elementor-element-7d5bd133 e-flex e-con-boxed e-con e-parent\" data-id=\"7d5bd133\" data-element_type=\"container\" data-e-type=\"container\">\n\t\t\t\t\t<div class=\"e-con-inner\">\n\t\t<div class=\"elementor-element elementor-element-7a28bc5e e-con-full e-flex e-con e-child\" data-id=\"7a28bc5e\" data-element_type=\"container\" data-e-type=\"container\">\n\t\t\t\t<div class=\"elementor-element elementor-element-6025dcfb elementor-widget__width-initial elementor-widget elementor-widget-image\" data-id=\"6025dcfb\" data-element_type=\"widget\" data-e-type=\"widget\" data-settings=\"{&quot;_animation&quot;:&quot;none&quot;}\" data-widget_type=\"image.default\">\n\t\t\t\t\t\t\t\t\t\t\t\t\t\t\t<img fetchpriority=\"high\" decoding=\"async\" width=\"800\" height=\"412\" src=\"https:\/\/ronesanscelik.com.tr\/wp-content\/uploads\/2026\/01\/ronesans_gece_fabrika_94111942-1-1024x527.webp\" class=\"attachment-large size-large wp-image-8156\" alt=\"\" srcset=\"https:\/\/ronesanscelik.com.tr\/wp-content\/uploads\/2026\/01\/ronesans_gece_fabrika_94111942-1-1024x527.webp 1024w, https:\/\/ronesanscelik.com.tr\/wp-content\/uploads\/2026\/01\/ronesans_gece_fabrika_94111942-1-300x155.webp 300w, https:\/\/ronesanscelik.com.tr\/wp-content\/uploads\/2026\/01\/ronesans_gece_fabrika_94111942-1-768x396.webp 768w, https:\/\/ronesanscelik.com.tr\/wp-content\/uploads\/2026\/01\/ronesans_gece_fabrika_94111942-1-1536x791.webp 1536w, https:\/\/ronesanscelik.com.tr\/wp-content\/uploads\/2026\/01\/ronesans_gece_fabrika_94111942-1-2048x1055.webp 2048w\" sizes=\"(max-width: 800px) 100vw, 800px\" \/>\t\t\t\t\t\t\t\t\t\t\t\t\t\t\t<\/div>\n\t\t<div class=\"elementor-element elementor-element-3c3056f0 e-con-full e-flex e-con e-child\" data-id=\"3c3056f0\" data-element_type=\"container\" data-e-type=\"container\">\n\t\t\t\t<div class=\"elementor-element elementor-element-2c59a214 elementor-widget elementor-widget-text-editor\" data-id=\"2c59a214\" data-element_type=\"widget\" data-e-type=\"widget\" data-settings=\"{&quot;_animation&quot;:&quot;none&quot;,&quot;_animation_delay&quot;:&quot;250&quot;}\" data-widget_type=\"text-editor.default\">\n\t\t\t\t\t\t\t\t\t<p>Fond\u00e9e en 1997 par Ayhan \u00c7ekim dans un petit appartement \u00e0 Ankara, R\u00f6nesans \u00c7elik est devenue l&rsquo;un des principaux fabricants dans l&rsquo;industrie de la construction m\u00e9tallique.<\/p><p>Aujourd&rsquo;hui, l&rsquo;entreprise op\u00e8re \u00e0 partir d&rsquo;une usine de production de 40 000 m\u00b2, soutenue par plus de 300 employ\u00e9s et une capacit\u00e9 de production annuelle de 38 000 tonnes.<\/p><p>Au cours des 30 derni\u00e8res ann\u00e9es, R\u00f6nesans \u00c7elik a men\u00e9 \u00e0 bien des projets de haute qualit\u00e9, notamment des stades, des installations \u00e9nerg\u00e9tiques et des structures de ponts, dans plus de 30 pays sur quatre continents, avec une forte pr\u00e9sence en Europe.<\/p><p>Forte de trois d\u00e9cennies d&rsquo;exp\u00e9rience et d&rsquo;expertise technique, l&rsquo;entreprise continue de servir de partenaire commercial fiable et digne de confiance pour ses clients du monde entier, du Japon au Mexique.<\/p>\t\t\t\t\t\t\t\t<\/div>\n\t\t\t\t<div class=\"elementor-element elementor-element-25f5252f elementor-widget-divider--view-line elementor-invisible elementor-widget elementor-widget-divider\" data-id=\"25f5252f\" data-element_type=\"widget\" data-e-type=\"widget\" data-settings=\"{&quot;_animation&quot;:&quot;fadeInUp&quot;,&quot;_animation_delay&quot;:&quot;250&quot;}\" data-widget_type=\"divider.default\">\n\t\t\t\t\t\t\t<div class=\"elementor-divider\">\n\t\t\t<span class=\"elementor-divider-separator\">\n\t\t\t\t\t\t<\/span>\n\t\t<\/div>\n\t\t\t\t\t\t<\/div>\n\t\t\t\t<div class=\"elementor-element elementor-element-2161447e elementor-widget elementor-widget-button\" data-id=\"2161447e\" data-element_type=\"widget\" data-e-type=\"widget\" data-settings=\"{&quot;_animation&quot;:&quot;none&quot;,&quot;_animation_delay&quot;:&quot;250&quot;}\" data-widget_type=\"button.default\">\n\t\t\t\t\t\t\t\t\t\t<a class=\"elementor-button elementor-button-link elementor-size-sm\" href=\"https:\/\/ronesanscelik.com.tr\/fr\/usine\/\">\n\t\t\t\t\t\t<span class=\"elementor-button-content-wrapper\">\n\t\t\t\t\t\t\t\t\t<span class=\"elementor-button-text\">Usine<\/span>\n\t\t\t\t\t<\/span>\n\t\t\t\t\t<\/a>\n\t\t\t\t\t\t\t\t<\/div>\n\t\t\t\t<\/div>\n\t\t\t\t<\/div>\n\t\t\t\t\t<\/div>\n\t\t\t\t<\/div>\n\t\t\t\t<\/div>\n\t\t","protected":false},"excerpt":{"rendered":"<p>Histoire Fond\u00e9e en 1997 par Ayhan \u00c7ekim dans un petit appartement \u00e0 Ankara, R\u00f6nesans \u00c7elik est devenue l&rsquo;un des principaux fabricants dans l&rsquo;industrie de la construction m\u00e9tallique. Aujourd&rsquo;hui, l&rsquo;entreprise op\u00e8re \u00e0 partir d&rsquo;une usine de production de 40 000 m\u00b2, soutenue par plus de 300 employ\u00e9s et une capacit\u00e9 de production annuelle de 38 000 [&hellip;]<\/p>\n","protected":false},"author":1,"featured_media":0,"parent":0,"menu_order":0,"comment_status":"closed","ping_status":"closed","template":"","meta":{"footnotes":""},"class_list":["post-8435","page","type-page","status-publish","hentry"],"_links":{"self":[{"href":"https:\/\/ronesanscelik.com.tr\/fr\/wp-json\/wp\/v2\/pages\/8435","targetHints":{"allow":["GET"]}}],"collection":[{"href":"https:\/\/ronesanscelik.com.tr\/fr\/wp-json\/wp\/v2\/pages"}],"about":[{"href":"https:\/\/ronesanscelik.com.tr\/fr\/wp-json\/wp\/v2\/types\/page"}],"author":[{"embeddable":true,"href":"https:\/\/ronesanscelik.com.tr\/fr\/wp-json\/wp\/v2\/users\/1"}],"replies":[{"embeddable":true,"href":"https:\/\/ronesanscelik.com.tr\/fr\/wp-json\/wp\/v2\/comments?post=8435"}],"version-history":[{"count":1,"href":"https:\/\/ronesanscelik.com.tr\/fr\/wp-json\/wp\/v2\/pages\/8435\/revisions"}],"predecessor-version":[{"id":8437,"href":"https:\/\/ronesanscelik.com.tr\/fr\/wp-json\/wp\/v2\/pages\/8435\/revisions\/8437"}],"wp:attachment":[{"href":"https:\/\/ronesanscelik.com.tr\/fr\/wp-json\/wp\/v2\/media?parent=8435"}],"curies":[{"name":"wp","href":"https:\/\/api.w.org\/{rel}","templated":true}]}}