{"id":8424,"date":"2025-12-11T14:33:26","date_gmt":"2025-12-11T14:33:26","guid":{"rendered":"https:\/\/ronesanscelik.com.tr\/hotels-centres-dexposition-et-hopitaux\/"},"modified":"2026-02-08T12:13:29","modified_gmt":"2026-02-08T12:13:29","slug":"hotels-centres-dexposition-et-hopitaux","status":"publish","type":"page","link":"https:\/\/ronesanscelik.com.tr\/fr\/hotels-centres-dexposition-et-hopitaux\/","title":{"rendered":"h\u00f4tels, centres d&rsquo;exposition et h\u00f4pitaux"},"content":{"rendered":"\t\t<div data-elementor-type=\"wp-page\" data-elementor-id=\"8424\" class=\"elementor elementor-8424 elementor-871\" data-elementor-post-type=\"page\">\n\t\t\t\t<div class=\"elementor-element elementor-element-6b00d7d7 e-flex e-con-boxed e-con e-parent\" data-id=\"6b00d7d7\" data-element_type=\"container\" data-e-type=\"container\" data-settings=\"{&quot;background_background&quot;:&quot;classic&quot;}\">\n\t\t\t\t\t<div class=\"e-con-inner\">\n\t\t<div class=\"elementor-element elementor-element-3bd892cc e-con-full e-flex e-con e-child\" data-id=\"3bd892cc\" data-element_type=\"container\" data-e-type=\"container\">\n\t\t\t\t<div class=\"elementor-element elementor-element-1a033d93 elementor-widget elementor-widget-heading\" data-id=\"1a033d93\" data-element_type=\"widget\" data-e-type=\"widget\" data-settings=\"{&quot;_animation&quot;:&quot;none&quot;}\" data-widget_type=\"heading.default\">\n\t\t\t\t\t<h1 class=\"elementor-heading-title elementor-size-default\">H\u00f4tels, centres d'exposition et h\u00f4pitaux<\/h1>\t\t\t\t<\/div>\n\t\t\t\t<\/div>\n\t\t\t\t\t<\/div>\n\t\t\t\t<\/div>\n\t\t<div class=\"elementor-element elementor-element-1ac4048e e-flex e-con-boxed e-con e-parent\" data-id=\"1ac4048e\" data-element_type=\"container\" data-e-type=\"container\" data-settings=\"{&quot;background_background&quot;:&quot;classic&quot;}\">\n\t\t\t\t\t<div class=\"e-con-inner\">\n\t\t<div class=\"elementor-element elementor-element-2e0302d e-con-full e-flex e-con e-child\" data-id=\"2e0302d\" data-element_type=\"container\" data-e-type=\"container\">\n\t\t\t\t<div class=\"elementor-element elementor-element-2215e38d elementor-widget-divider--view-line elementor-invisible elementor-widget elementor-widget-divider\" data-id=\"2215e38d\" data-element_type=\"widget\" data-e-type=\"widget\" data-settings=\"{&quot;_animation&quot;:&quot;fadeInUp&quot;}\" data-widget_type=\"divider.default\">\n\t\t\t\t\t\t\t<div class=\"elementor-divider\">\n\t\t\t<span class=\"elementor-divider-separator\">\n\t\t\t\t\t\t<\/span>\n\t\t<\/div>\n\t\t\t\t\t\t<\/div>\n\t\t\t\t<\/div>\n\t\t<div class=\"elementor-element elementor-element-1bac6d0a e-con-full e-flex e-con e-child\" data-id=\"1bac6d0a\" data-element_type=\"container\" data-e-type=\"container\">\n\t\t<div class=\"elementor-element elementor-element-4afc00c6 e-grid e-con-full e-con e-child\" data-id=\"4afc00c6\" data-element_type=\"container\" data-e-type=\"container\">\n\t\t<div class=\"elementor-element elementor-element-4785b725 e-con-full e-flex e-con e-child\" data-id=\"4785b725\" data-element_type=\"container\" data-e-type=\"container\">\n\t\t<a class=\"elementor-element elementor-element-7da22b6d e-con-full e-flex e-con e-child\" data-id=\"7da22b6d\" data-element_type=\"container\" data-e-type=\"container\" data-settings=\"{&quot;background_background&quot;:&quot;classic&quot;,&quot;animation&quot;:&quot;none&quot;}\" href=\"https:\/\/ronesanscelik.com.tr\/fr\/rixos-the-land-of-legends\/\">\n\t\t<div class=\"elementor-element elementor-element-39dd65dd e-con-full e-flex e-con e-child\" data-id=\"39dd65dd\" data-element_type=\"container\" data-e-type=\"container\">\n\t\t\t\t<\/div>\n\t\t<div class=\"elementor-element elementor-element-5df535f3 e-con-full e-flex e-con e-child\" data-id=\"5df535f3\" data-element_type=\"container\" data-e-type=\"container\">\n\t\t\t\t<div class=\"elementor-element elementor-element-310d7683 elementor-widget__width-initial elementor-widget elementor-widget-image-box\" data-id=\"310d7683\" data-element_type=\"widget\" data-e-type=\"widget\" data-widget_type=\"image-box.default\">\n\t\t\t\t\t<div class=\"elementor-image-box-wrapper\"><div class=\"elementor-image-box-content\"><h5 class=\"elementor-image-box-title\">Rixos The Land of Legends<\/h5><p class=\"elementor-image-box-description\">Antalya, Turquie<\/p><\/div><\/div>\t\t\t\t<\/div>\n\t\t\t\t<\/div>\n\t\t\t\t<\/a>\n\t\t\t\t<\/div>\n\t\t<div class=\"elementor-element elementor-element-58f43b26 e-con-full e-flex e-con e-child\" data-id=\"58f43b26\" data-element_type=\"container\" data-e-type=\"container\">\n\t\t<a class=\"elementor-element elementor-element-49db2db2 e-con-full e-flex e-con e-child\" data-id=\"49db2db2\" data-element_type=\"container\" data-e-type=\"container\" data-settings=\"{&quot;background_background&quot;:&quot;classic&quot;,&quot;animation&quot;:&quot;none&quot;,&quot;animation_delay&quot;:&quot;250&quot;}\" href=\"https:\/\/ronesanscelik.com.tr\/fr\/zone-dexposition-expo-2016\/\">\n\t\t<div class=\"elementor-element elementor-element-2fd4a07f e-con-full e-flex e-con e-child\" data-id=\"2fd4a07f\" data-element_type=\"container\" data-e-type=\"container\">\n\t\t\t\t<\/div>\n\t\t<div class=\"elementor-element elementor-element-5c611fdd e-con-full e-flex e-con e-child\" data-id=\"5c611fdd\" data-element_type=\"container\" data-e-type=\"container\">\n\t\t\t\t<div class=\"elementor-element elementor-element-ed2fc57 elementor-widget__width-initial elementor-widget elementor-widget-image-box\" data-id=\"ed2fc57\" data-element_type=\"widget\" data-e-type=\"widget\" data-widget_type=\"image-box.default\">\n\t\t\t\t\t<div class=\"elementor-image-box-wrapper\"><div class=\"elementor-image-box-content\"><h5 class=\"elementor-image-box-title\">Zone d'exposition Expo 2016<\/h5><p class=\"elementor-image-box-description\">Antalya, Turquie<\/p><\/div><\/div>\t\t\t\t<\/div>\n\t\t\t\t<\/div>\n\t\t\t\t<\/a>\n\t\t\t\t<\/div>\n\t\t<div class=\"elementor-element elementor-element-73369929 e-con-full e-flex e-con e-child\" data-id=\"73369929\" data-element_type=\"container\" data-e-type=\"container\">\n\t\t<a class=\"elementor-element elementor-element-112ef6a5 e-con-full e-flex e-con e-child\" data-id=\"112ef6a5\" data-element_type=\"container\" data-e-type=\"container\" data-settings=\"{&quot;background_background&quot;:&quot;classic&quot;,&quot;animation&quot;:&quot;none&quot;,&quot;animation_delay&quot;:&quot;500&quot;}\" href=\"https:\/\/ronesanscelik.com.tr\/fr\/ankara-etlik-sehir-hastanesi\/\">\n\t\t<div class=\"elementor-element elementor-element-32db1ac e-con-full e-flex e-con e-child\" data-id=\"32db1ac\" data-element_type=\"container\" data-e-type=\"container\">\n\t\t\t\t<\/div>\n\t\t<div class=\"elementor-element elementor-element-69ed168d e-con-full e-flex e-con e-child\" data-id=\"69ed168d\" data-element_type=\"container\" data-e-type=\"container\">\n\t\t\t\t<div class=\"elementor-element elementor-element-1aa249c0 elementor-widget__width-initial elementor-widget elementor-widget-image-box\" data-id=\"1aa249c0\" data-element_type=\"widget\" data-e-type=\"widget\" data-widget_type=\"image-box.default\">\n\t\t\t\t\t<div class=\"elementor-image-box-wrapper\"><div class=\"elementor-image-box-content\"><h5 class=\"elementor-image-box-title\">Ankara Etlik \u015eehir Hastanesi<\/h5><p class=\"elementor-image-box-description\">Ankara, Turquie<\/p><\/div><\/div>\t\t\t\t<\/div>\n\t\t\t\t<\/div>\n\t\t\t\t<\/a>\n\t\t\t\t<\/div>\n\t\t\t\t<\/div>\n\t\t\t\t<\/div>\n\t\t<div class=\"elementor-element elementor-element-332131f e-con-full e-flex e-con e-child\" data-id=\"332131f\" data-element_type=\"container\" data-e-type=\"container\">\n\t\t<div class=\"elementor-element elementor-element-b9ddd30 e-grid e-con-full e-con e-child\" data-id=\"b9ddd30\" data-element_type=\"container\" data-e-type=\"container\">\n\t\t<div class=\"elementor-element elementor-element-5405f6e e-con-full e-flex e-con e-child\" data-id=\"5405f6e\" data-element_type=\"container\" data-e-type=\"container\">\n\t\t<a class=\"elementor-element elementor-element-b80c1d4 e-con-full e-flex e-con e-child\" data-id=\"b80c1d4\" data-element_type=\"container\" data-e-type=\"container\" data-settings=\"{&quot;background_background&quot;:&quot;classic&quot;,&quot;animation&quot;:&quot;none&quot;}\" href=\"https:\/\/ronesanscelik.com.tr\/fr\/hopital-detat-dhatay\/\">\n\t\t<div class=\"elementor-element elementor-element-e9d4ef0 e-con-full e-flex e-con e-child\" data-id=\"e9d4ef0\" data-element_type=\"container\" data-e-type=\"container\">\n\t\t\t\t<\/div>\n\t\t<div class=\"elementor-element elementor-element-65897ad e-con-full e-flex e-con e-child\" data-id=\"65897ad\" data-element_type=\"container\" data-e-type=\"container\">\n\t\t\t\t<div class=\"elementor-element elementor-element-d7558a9 elementor-widget__width-initial elementor-widget elementor-widget-image-box\" data-id=\"d7558a9\" data-element_type=\"widget\" data-e-type=\"widget\" data-widget_type=\"image-box.default\">\n\t\t\t\t\t<div class=\"elementor-image-box-wrapper\"><div class=\"elementor-image-box-content\"><h5 class=\"elementor-image-box-title\">Hatay Devlet Hastanesi<\/h5><p class=\"elementor-image-box-description\">Hatay, Turquie<\/p><\/div><\/div>\t\t\t\t<\/div>\n\t\t\t\t<\/div>\n\t\t\t\t<\/a>\n\t\t\t\t<\/div>\n\t\t<div class=\"elementor-element elementor-element-c16aa2c e-con-full e-flex e-con e-child\" data-id=\"c16aa2c\" data-element_type=\"container\" data-e-type=\"container\">\n\t\t<a class=\"elementor-element elementor-element-b983848 e-con-full e-flex e-con e-child\" data-id=\"b983848\" data-element_type=\"container\" data-e-type=\"container\" data-settings=\"{&quot;background_background&quot;:&quot;classic&quot;,&quot;animation&quot;:&quot;none&quot;,&quot;animation_delay&quot;:&quot;250&quot;}\" href=\"https:\/\/ronesanscelik.com.tr\/fr\/hopital-public-de-defne\/\">\n\t\t<div class=\"elementor-element elementor-element-1385dd5 e-con-full e-flex e-con e-child\" data-id=\"1385dd5\" data-element_type=\"container\" data-e-type=\"container\">\n\t\t\t\t<\/div>\n\t\t<div class=\"elementor-element elementor-element-ab1fb8c e-con-full e-flex e-con e-child\" data-id=\"ab1fb8c\" data-element_type=\"container\" data-e-type=\"container\">\n\t\t\t\t<div class=\"elementor-element elementor-element-dc8befb elementor-widget__width-initial elementor-widget elementor-widget-image-box\" data-id=\"dc8befb\" data-element_type=\"widget\" data-e-type=\"widget\" data-widget_type=\"image-box.default\">\n\t\t\t\t\t<div class=\"elementor-image-box-wrapper\"><div class=\"elementor-image-box-content\"><h5 class=\"elementor-image-box-title\">Defne Devlet Hastanesi<\/h5><p class=\"elementor-image-box-description\">Hatay, Turquie<\/p><\/div><\/div>\t\t\t\t<\/div>\n\t\t\t\t<\/div>\n\t\t\t\t<\/a>\n\t\t\t\t<\/div>\n\t\t\t\t<\/div>\n\t\t\t\t<\/div>\n\t\t\t\t\t<\/div>\n\t\t\t\t<\/div>\n\t\t\t\t<\/div>\n\t\t","protected":false},"excerpt":{"rendered":"<p>H\u00f4tels, centres d&rsquo;exposition et h\u00f4pitaux Rixos The Land of Legends Antalya, Turquie Zone d&rsquo;exposition Expo 2016 Antalya, Turquie Ankara Etlik \u015eehir Hastanesi Ankara, Turquie Hatay Devlet Hastanesi Hatay, Turquie Defne Devlet Hastanesi Hatay, Turquie<\/p>\n","protected":false},"author":1,"featured_media":0,"parent":0,"menu_order":0,"comment_status":"closed","ping_status":"closed","template":"","meta":{"footnotes":""},"class_list":["post-8424","page","type-page","status-publish","hentry"],"_links":{"self":[{"href":"https:\/\/ronesanscelik.com.tr\/fr\/wp-json\/wp\/v2\/pages\/8424","targetHints":{"allow":["GET"]}}],"collection":[{"href":"https:\/\/ronesanscelik.com.tr\/fr\/wp-json\/wp\/v2\/pages"}],"about":[{"href":"https:\/\/ronesanscelik.com.tr\/fr\/wp-json\/wp\/v2\/types\/page"}],"author":[{"embeddable":true,"href":"https:\/\/ronesanscelik.com.tr\/fr\/wp-json\/wp\/v2\/users\/1"}],"replies":[{"embeddable":true,"href":"https:\/\/ronesanscelik.com.tr\/fr\/wp-json\/wp\/v2\/comments?post=8424"}],"version-history":[{"count":1,"href":"https:\/\/ronesanscelik.com.tr\/fr\/wp-json\/wp\/v2\/pages\/8424\/revisions"}],"predecessor-version":[{"id":8434,"href":"https:\/\/ronesanscelik.com.tr\/fr\/wp-json\/wp\/v2\/pages\/8424\/revisions\/8434"}],"wp:attachment":[{"href":"https:\/\/ronesanscelik.com.tr\/fr\/wp-json\/wp\/v2\/media?parent=8424"}],"curies":[{"name":"wp","href":"https:\/\/api.w.org\/{rel}","templated":true}]}}