{"id":8198,"date":"2025-12-19T09:26:53","date_gmt":"2025-12-19T09:26:53","guid":{"rendered":"https:\/\/ronesanscelik.com.tr\/caisson-de-filtre-a-manches-et-scr\/"},"modified":"2026-02-08T12:13:19","modified_gmt":"2026-02-08T12:13:19","slug":"caisson-de-filtre-a-manches-et-scr","status":"publish","type":"page","link":"https:\/\/ronesanscelik.com.tr\/fr\/caisson-de-filtre-a-manches-et-scr\/","title":{"rendered":"caisson de filtre \u00e0 manches et SCR"},"content":{"rendered":"\t\t<div data-elementor-type=\"wp-page\" data-elementor-id=\"8198\" class=\"elementor elementor-8198 elementor-1573\" data-elementor-post-type=\"page\">\n\t\t\t\t<div class=\"elementor-element elementor-element-226567f2 e-flex e-con-boxed e-con e-parent\" data-id=\"226567f2\" data-element_type=\"container\" data-e-type=\"container\" data-settings=\"{&quot;background_background&quot;:&quot;classic&quot;}\">\n\t\t\t\t\t<div class=\"e-con-inner\">\n\t\t<div class=\"elementor-element elementor-element-6ab9ad87 e-con-full e-flex e-con e-child\" data-id=\"6ab9ad87\" data-element_type=\"container\" data-e-type=\"container\">\n\t\t\t\t<div class=\"elementor-element elementor-element-815fe29 elementor-widget elementor-widget-heading\" data-id=\"815fe29\" data-element_type=\"widget\" data-e-type=\"widget\" data-settings=\"{&quot;_animation&quot;:&quot;none&quot;}\" data-widget_type=\"heading.default\">\n\t\t\t\t\t<h1 class=\"elementor-heading-title elementor-size-default\">Caisson de Filtre \u00e0 Manches et SCR<\/h1>\t\t\t\t<\/div>\n\t\t\t\t<\/div>\n\t\t\t\t\t<\/div>\n\t\t\t\t<\/div>\n\t\t<div class=\"elementor-element elementor-element-63fa5724 e-flex e-con-boxed e-con e-parent\" data-id=\"63fa5724\" data-element_type=\"container\" data-e-type=\"container\" data-settings=\"{&quot;background_background&quot;:&quot;classic&quot;}\">\n\t\t\t\t\t<div class=\"e-con-inner\">\n\t\t<div class=\"elementor-element elementor-element-3b6a0536 e-con-full e-flex e-con e-child\" data-id=\"3b6a0536\" data-element_type=\"container\" data-e-type=\"container\">\n\t\t<div class=\"elementor-element elementor-element-4e0b66fa e-grid e-con-full e-con e-child\" data-id=\"4e0b66fa\" data-element_type=\"container\" data-e-type=\"container\">\n\t\t<div class=\"elementor-element elementor-element-e106b87 e-con-full e-flex e-con e-child\" data-id=\"e106b87\" data-element_type=\"container\" data-e-type=\"container\">\n\t\t<a class=\"elementor-element elementor-element-1ae61672 e-con-full e-flex e-con e-child\" data-id=\"1ae61672\" data-element_type=\"container\" data-e-type=\"container\" data-settings=\"{&quot;background_background&quot;:&quot;classic&quot;,&quot;animation&quot;:&quot;none&quot;}\" href=\"https:\/\/ronesanscelik.com.tr\/fr\/centrale-electrique-a-biomasse-de-sodegaura-filtre-en-tissu\/\">\n\t\t<div class=\"elementor-element elementor-element-1bcfa5a1 e-con-full e-flex e-con e-child\" data-id=\"1bcfa5a1\" data-element_type=\"container\" data-e-type=\"container\">\n\t\t\t\t<\/div>\n\t\t<div class=\"elementor-element elementor-element-476f377e e-con-full e-flex e-con e-child\" data-id=\"476f377e\" data-element_type=\"container\" data-e-type=\"container\">\n\t\t\t\t<div class=\"elementor-element elementor-element-5806a3a3 elementor-widget__width-initial elementor-widget elementor-widget-image-box\" data-id=\"5806a3a3\" data-element_type=\"widget\" data-e-type=\"widget\" data-widget_type=\"image-box.default\">\n\t\t\t\t\t<div class=\"elementor-image-box-wrapper\"><div class=\"elementor-image-box-content\"><h5 class=\"elementor-image-box-title\">Centrale biomasse de Sodegaura<\/h5><p class=\"elementor-image-box-description\">Sodegaura, Japon<\/p><\/div><\/div>\t\t\t\t<\/div>\n\t\t\t\t<\/div>\n\t\t\t\t<\/a>\n\t\t\t\t<\/div>\n\t\t<div class=\"elementor-element elementor-element-1d3c2441 e-con-full e-flex e-con e-child\" data-id=\"1d3c2441\" data-element_type=\"container\" data-e-type=\"container\">\n\t\t<a class=\"elementor-element elementor-element-5bd700f4 e-con-full e-flex e-con e-child\" data-id=\"5bd700f4\" data-element_type=\"container\" data-e-type=\"container\" data-settings=\"{&quot;background_background&quot;:&quot;classic&quot;,&quot;animation&quot;:&quot;none&quot;,&quot;animation_delay&quot;:&quot;250&quot;}\" href=\"https:\/\/ronesanscelik.com.tr\/fr\/luehr-mexico\/\">\n\t\t<div class=\"elementor-element elementor-element-17fde128 e-con-full e-flex e-con e-child\" data-id=\"17fde128\" data-element_type=\"container\" data-e-type=\"container\">\n\t\t\t\t<\/div>\n\t\t<div class=\"elementor-element elementor-element-1a74bab2 e-con-full e-flex e-con e-child\" data-id=\"1a74bab2\" data-element_type=\"container\" data-e-type=\"container\">\n\t\t\t\t<div class=\"elementor-element elementor-element-21d81ff4 elementor-widget__width-initial elementor-widget elementor-widget-image-box\" data-id=\"21d81ff4\" data-element_type=\"widget\" data-e-type=\"widget\" data-widget_type=\"image-box.default\">\n\t\t\t\t\t<div class=\"elementor-image-box-wrapper\"><div class=\"elementor-image-box-content\"><h5 class=\"elementor-image-box-title\">Luehr Mexico<\/h5><p class=\"elementor-image-box-description\">Mexique<\/p><\/div><\/div>\t\t\t\t<\/div>\n\t\t\t\t<\/div>\n\t\t\t\t<\/a>\n\t\t\t\t<\/div>\n\t\t<div class=\"elementor-element elementor-element-5716045b e-con-full e-flex e-con e-child\" data-id=\"5716045b\" data-element_type=\"container\" data-e-type=\"container\">\n\t\t<a class=\"elementor-element elementor-element-d4ecc44 e-con-full e-flex e-con e-child\" data-id=\"d4ecc44\" data-element_type=\"container\" data-e-type=\"container\" data-settings=\"{&quot;background_background&quot;:&quot;classic&quot;,&quot;animation&quot;:&quot;none&quot;,&quot;animation_delay&quot;:&quot;500&quot;}\" href=\"https:\/\/ronesanscelik.com.tr\/fr\/mhk-wurzburg-filtre-en-tissu\/\">\n\t\t<div class=\"elementor-element elementor-element-6b73a43d e-con-full e-flex e-con e-child\" data-id=\"6b73a43d\" data-element_type=\"container\" data-e-type=\"container\">\n\t\t\t\t<\/div>\n\t\t<div class=\"elementor-element elementor-element-74d78b49 e-con-full e-flex e-con e-child\" data-id=\"74d78b49\" data-element_type=\"container\" data-e-type=\"container\">\n\t\t\t\t<div class=\"elementor-element elementor-element-6e88a0df elementor-widget__width-initial elementor-widget elementor-widget-image-box\" data-id=\"6e88a0df\" data-element_type=\"widget\" data-e-type=\"widget\" data-widget_type=\"image-box.default\">\n\t\t\t\t\t<div class=\"elementor-image-box-wrapper\"><div class=\"elementor-image-box-content\"><h5 class=\"elementor-image-box-title\">MHK-W\u00fcrzburg<\/h5><p class=\"elementor-image-box-description\">W\u00fcrzburg, Allemagne<\/p><\/div><\/div>\t\t\t\t<\/div>\n\t\t\t\t<\/div>\n\t\t\t\t<\/a>\n\t\t\t\t<\/div>\n\t\t<div class=\"elementor-element elementor-element-1b03a8c7 e-con-full e-flex e-con e-child\" data-id=\"1b03a8c7\" data-element_type=\"container\" data-e-type=\"container\" data-settings=\"{&quot;animation&quot;:&quot;none&quot;}\">\n\t\t<a class=\"elementor-element elementor-element-48ad4c0d e-con-full e-flex e-con e-child\" data-id=\"48ad4c0d\" data-element_type=\"container\" data-e-type=\"container\" data-settings=\"{&quot;background_background&quot;:&quot;classic&quot;,&quot;animation&quot;:&quot;none&quot;}\" href=\"https:\/\/ronesanscelik.com.tr\/fr\/pmc-kuettner-filtre-a-manches\/\">\n\t\t<div class=\"elementor-element elementor-element-77da9e40 e-con-full e-flex e-con e-child\" data-id=\"77da9e40\" data-element_type=\"container\" data-e-type=\"container\">\n\t\t\t\t<\/div>\n\t\t<div class=\"elementor-element elementor-element-104d48c2 e-con-full e-flex e-con e-child\" data-id=\"104d48c2\" data-element_type=\"container\" data-e-type=\"container\">\n\t\t\t\t<div class=\"elementor-element elementor-element-4e570eb1 elementor-widget__width-initial elementor-widget elementor-widget-image-box\" data-id=\"4e570eb1\" data-element_type=\"widget\" data-e-type=\"widget\" data-widget_type=\"image-box.default\">\n\t\t\t\t\t<div class=\"elementor-image-box-wrapper\"><div class=\"elementor-image-box-content\"><h5 class=\"elementor-image-box-title\">PMC-Kuettner<\/h5><p class=\"elementor-image-box-description\">Aberdeen, Pays-Bas<\/p><\/div><\/div>\t\t\t\t<\/div>\n\t\t\t\t<\/div>\n\t\t\t\t<\/a>\n\t\t\t\t<\/div>\n\t\t\t\t<\/div>\n\t\t\t\t<\/div>\n\t\t\t\t\t<\/div>\n\t\t\t\t<\/div>\n\t\t\t\t<\/div>\n\t\t","protected":false},"excerpt":{"rendered":"<p>Caisson de Filtre \u00e0 Manches et SCR Centrale biomasse de Sodegaura Sodegaura, Japon Luehr Mexico Mexique MHK-W\u00fcrzburg W\u00fcrzburg, Allemagne PMC-Kuettner Aberdeen, Pays-Bas<\/p>\n","protected":false},"author":1,"featured_media":0,"parent":0,"menu_order":0,"comment_status":"closed","ping_status":"closed","template":"","meta":{"footnotes":""},"class_list":["post-8198","page","type-page","status-publish","hentry"],"_links":{"self":[{"href":"https:\/\/ronesanscelik.com.tr\/fr\/wp-json\/wp\/v2\/pages\/8198","targetHints":{"allow":["GET"]}}],"collection":[{"href":"https:\/\/ronesanscelik.com.tr\/fr\/wp-json\/wp\/v2\/pages"}],"about":[{"href":"https:\/\/ronesanscelik.com.tr\/fr\/wp-json\/wp\/v2\/types\/page"}],"author":[{"embeddable":true,"href":"https:\/\/ronesanscelik.com.tr\/fr\/wp-json\/wp\/v2\/users\/1"}],"replies":[{"embeddable":true,"href":"https:\/\/ronesanscelik.com.tr\/fr\/wp-json\/wp\/v2\/comments?post=8198"}],"version-history":[{"count":1,"href":"https:\/\/ronesanscelik.com.tr\/fr\/wp-json\/wp\/v2\/pages\/8198\/revisions"}],"predecessor-version":[{"id":8207,"href":"https:\/\/ronesanscelik.com.tr\/fr\/wp-json\/wp\/v2\/pages\/8198\/revisions\/8207"}],"wp:attachment":[{"href":"https:\/\/ronesanscelik.com.tr\/fr\/wp-json\/wp\/v2\/media?parent=8198"}],"curies":[{"name":"wp","href":"https:\/\/api.w.org\/{rel}","templated":true}]}}