{"id":8048,"date":"2025-12-18T13:15:11","date_gmt":"2025-12-18T13:15:11","guid":{"rendered":"https:\/\/ronesanscelik.com.tr\/biomasse\/"},"modified":"2026-02-08T12:13:33","modified_gmt":"2026-02-08T12:13:33","slug":"biomasse","status":"publish","type":"page","link":"https:\/\/ronesanscelik.com.tr\/fr\/biomasse\/","title":{"rendered":"biomasse"},"content":{"rendered":"\t\t<div data-elementor-type=\"wp-page\" data-elementor-id=\"8048\" class=\"elementor elementor-8048 elementor-1535\" data-elementor-post-type=\"page\">\n\t\t\t\t<div class=\"elementor-element elementor-element-86f94db e-flex e-con-boxed e-con e-parent\" data-id=\"86f94db\" data-element_type=\"container\" data-e-type=\"container\" data-settings=\"{&quot;background_background&quot;:&quot;classic&quot;}\">\n\t\t\t\t\t<div class=\"e-con-inner\">\n\t\t<div class=\"elementor-element elementor-element-71bc6ece e-con-full e-flex e-con e-child\" data-id=\"71bc6ece\" data-element_type=\"container\" data-e-type=\"container\">\n\t\t\t\t<div class=\"elementor-element elementor-element-6270528f elementor-widget elementor-widget-heading\" data-id=\"6270528f\" data-element_type=\"widget\" data-e-type=\"widget\" data-settings=\"{&quot;_animation&quot;:&quot;none&quot;}\" data-widget_type=\"heading.default\">\n\t\t\t\t\t<h1 class=\"elementor-heading-title elementor-size-default\">Centrales \u00e9lectriques \u00e0 biomasse<\/h1>\t\t\t\t<\/div>\n\t\t\t\t<\/div>\n\t\t\t\t\t<\/div>\n\t\t\t\t<\/div>\n\t\t<div class=\"elementor-element elementor-element-4898eed6 e-flex e-con-boxed e-con e-parent\" data-id=\"4898eed6\" data-element_type=\"container\" data-e-type=\"container\" data-settings=\"{&quot;background_background&quot;:&quot;classic&quot;}\">\n\t\t\t\t\t<div class=\"e-con-inner\">\n\t\t<div class=\"elementor-element elementor-element-7f2925b7 e-con-full e-flex e-con e-child\" data-id=\"7f2925b7\" data-element_type=\"container\" data-e-type=\"container\">\n\t\t\t\t<div class=\"elementor-element elementor-element-76f71f7e elementor-widget-divider--view-line elementor-invisible elementor-widget elementor-widget-divider\" data-id=\"76f71f7e\" data-element_type=\"widget\" data-e-type=\"widget\" data-settings=\"{&quot;_animation&quot;:&quot;fadeInUp&quot;}\" data-widget_type=\"divider.default\">\n\t\t\t\t\t\t\t<div class=\"elementor-divider\">\n\t\t\t<span class=\"elementor-divider-separator\">\n\t\t\t\t\t\t<\/span>\n\t\t<\/div>\n\t\t\t\t\t\t<\/div>\n\t\t\t\t<\/div>\n\t\t<div class=\"elementor-element elementor-element-391071b3 e-con-full e-flex e-con e-child\" data-id=\"391071b3\" data-element_type=\"container\" data-e-type=\"container\">\n\t\t<div class=\"elementor-element elementor-element-32921a33 e-grid e-con-full e-con e-child\" data-id=\"32921a33\" data-element_type=\"container\" data-e-type=\"container\">\n\t\t<div class=\"elementor-element elementor-element-77bfeee4 e-con-full e-flex e-con e-child\" data-id=\"77bfeee4\" data-element_type=\"container\" data-e-type=\"container\" data-settings=\"{&quot;animation&quot;:&quot;none&quot;}\">\n\t\t<a class=\"elementor-element elementor-element-17aa5bf7 e-con-full e-flex e-con e-child\" data-id=\"17aa5bf7\" data-element_type=\"container\" data-e-type=\"container\" data-settings=\"{&quot;background_background&quot;:&quot;classic&quot;}\" href=\"https:\/\/ronesanscelik.com.tr\/fr\/kronospan-ii-chp\/\">\n\t\t<div class=\"elementor-element elementor-element-53b0ab09 e-con-full e-flex e-con e-child\" data-id=\"53b0ab09\" data-element_type=\"container\" data-e-type=\"container\">\n\t\t\t\t<\/div>\n\t\t<div class=\"elementor-element elementor-element-13fb938a e-con-full e-flex e-con e-child\" data-id=\"13fb938a\" data-element_type=\"container\" data-e-type=\"container\">\n\t\t\t\t<div class=\"elementor-element elementor-element-59b40a45 elementor-widget__width-initial elementor-widget elementor-widget-image-box\" data-id=\"59b40a45\" data-element_type=\"widget\" data-e-type=\"widget\" data-widget_type=\"image-box.default\">\n\t\t\t\t\t<div class=\"elementor-image-box-wrapper\"><div class=\"elementor-image-box-content\"><h5 class=\"elementor-image-box-title\">Centrale \u00e9lectrique \u00e0 biomasse Kronospan II<\/h5><p class=\"elementor-image-box-description\">Sanem, Luxembourg<\/p><\/div><\/div>\t\t\t\t<\/div>\n\t\t\t\t<\/div>\n\t\t\t\t<\/a>\n\t\t\t\t<\/div>\n\t\t<div class=\"elementor-element elementor-element-6a949ac8 e-con-full e-flex e-con e-child\" data-id=\"6a949ac8\" data-element_type=\"container\" data-e-type=\"container\" data-settings=\"{&quot;animation&quot;:&quot;none&quot;,&quot;animation_delay&quot;:&quot;250&quot;}\">\n\t\t<a class=\"elementor-element elementor-element-32a598ab e-con-full e-flex e-con e-child\" data-id=\"32a598ab\" data-element_type=\"container\" data-e-type=\"container\" data-settings=\"{&quot;background_background&quot;:&quot;classic&quot;}\" href=\"https:\/\/ronesanscelik.com.tr\/fr\/centrale-electrique-a-biomasse-au\/\">\n\t\t<div class=\"elementor-element elementor-element-2035eb8 e-con-full e-flex e-con e-child\" data-id=\"2035eb8\" data-element_type=\"container\" data-e-type=\"container\">\n\t\t\t\t<\/div>\n\t\t<div class=\"elementor-element elementor-element-6863174f e-con-full e-flex e-con e-child\" data-id=\"6863174f\" data-element_type=\"container\" data-e-type=\"container\">\n\t\t\t\t<div class=\"elementor-element elementor-element-69b267b elementor-widget__width-initial elementor-widget elementor-widget-image-box\" data-id=\"69b267b\" data-element_type=\"widget\" data-e-type=\"widget\" data-widget_type=\"image-box.default\">\n\t\t\t\t\t<div class=\"elementor-image-box-wrapper\"><div class=\"elementor-image-box-content\"><h5 class=\"elementor-image-box-title\">Centrale \u00e9lectrique \u00e0 biomasse A&amp;U <\/h5><p class=\"elementor-image-box-description\">Wielsbeke, Belgique<\/p><\/div><\/div>\t\t\t\t<\/div>\n\t\t\t\t<\/div>\n\t\t\t\t<\/a>\n\t\t\t\t<\/div>\n\t\t<div class=\"elementor-element elementor-element-399d277 e-con-full e-flex e-con e-child\" data-id=\"399d277\" data-element_type=\"container\" data-e-type=\"container\">\n\t\t<a class=\"elementor-element elementor-element-29d63dba e-con-full e-flex e-con e-child\" data-id=\"29d63dba\" data-element_type=\"container\" data-e-type=\"container\" data-settings=\"{&quot;background_background&quot;:&quot;classic&quot;,&quot;animation&quot;:&quot;none&quot;,&quot;animation_delay&quot;:&quot;250&quot;}\" href=\"https:\/\/ronesanscelik.com.tr\/fr\/centrale-electrique-a-biomasse-de-lignine\/\">\n\t\t<div class=\"elementor-element elementor-element-1ae2538 e-con-full e-flex e-con e-child\" data-id=\"1ae2538\" data-element_type=\"container\" data-e-type=\"container\">\n\t\t\t\t<\/div>\n\t\t<div class=\"elementor-element elementor-element-19d3e65 e-con-full e-flex e-con e-child\" data-id=\"19d3e65\" data-element_type=\"container\" data-e-type=\"container\">\n\t\t\t\t<div class=\"elementor-element elementor-element-3ac7393e elementor-widget__width-initial elementor-widget elementor-widget-image-box\" data-id=\"3ac7393e\" data-element_type=\"widget\" data-e-type=\"widget\" data-widget_type=\"image-box.default\">\n\t\t\t\t\t<div class=\"elementor-image-box-wrapper\"><div class=\"elementor-image-box-content\"><h5 class=\"elementor-image-box-title\">Centrale \u00e9lectrique \u00e0 biomasse de lignine<\/h5><p class=\"elementor-image-box-description\">Craiova, Roumanie<\/p><\/div><\/div>\t\t\t\t<\/div>\n\t\t\t\t<\/div>\n\t\t\t\t<\/a>\n\t\t\t\t<\/div>\n\t\t<div class=\"elementor-element elementor-element-3bd2719 e-con-full e-flex e-con e-child\" data-id=\"3bd2719\" data-element_type=\"container\" data-e-type=\"container\">\n\t\t<a class=\"elementor-element elementor-element-2abdfc37 e-con-full e-flex e-con e-child\" data-id=\"2abdfc37\" data-element_type=\"container\" data-e-type=\"container\" data-settings=\"{&quot;background_background&quot;:&quot;classic&quot;,&quot;animation&quot;:&quot;none&quot;,&quot;animation_delay&quot;:&quot;500&quot;}\" href=\"https:\/\/ronesanscelik.com.tr\/fr\/centrale-electrique-a-biomasse-mav\/\">\n\t\t<div class=\"elementor-element elementor-element-565ef235 e-con-full e-flex e-con e-child\" data-id=\"565ef235\" data-element_type=\"container\" data-e-type=\"container\">\n\t\t\t\t<\/div>\n\t\t<div class=\"elementor-element elementor-element-26578de0 e-con-full e-flex e-con e-child\" data-id=\"26578de0\" data-element_type=\"container\" data-e-type=\"container\">\n\t\t\t\t<div class=\"elementor-element elementor-element-4c55a7ca elementor-widget__width-initial elementor-widget elementor-widget-image-box\" data-id=\"4c55a7ca\" data-element_type=\"widget\" data-e-type=\"widget\" data-widget_type=\"image-box.default\">\n\t\t\t\t\t<div class=\"elementor-image-box-wrapper\"><div class=\"elementor-image-box-content\"><h5 class=\"elementor-image-box-title\">Centrale \u00e9lectrique \u00e0 biomasse MAV<\/h5><p class=\"elementor-image-box-description\">Bolu, T\u00fcrkiye<\/p><\/div><\/div>\t\t\t\t<\/div>\n\t\t\t\t<\/div>\n\t\t\t\t<\/a>\n\t\t\t\t<\/div>\n\t\t<div class=\"elementor-element elementor-element-800fca5 e-con-full e-flex e-con e-child\" data-id=\"800fca5\" data-element_type=\"container\" data-e-type=\"container\">\n\t\t<a class=\"elementor-element elementor-element-2f1aae04 e-con-full e-flex e-con e-child\" data-id=\"2f1aae04\" data-element_type=\"container\" data-e-type=\"container\" data-settings=\"{&quot;background_background&quot;:&quot;classic&quot;,&quot;animation&quot;:&quot;none&quot;}\" href=\"https:\/\/ronesanscelik.com.tr\/fr\/centrale-electrique-de-saillat\/\">\n\t\t<div class=\"elementor-element elementor-element-50a72c5f e-con-full e-flex e-con e-child\" data-id=\"50a72c5f\" data-element_type=\"container\" data-e-type=\"container\">\n\t\t\t\t<\/div>\n\t\t<div class=\"elementor-element elementor-element-5c9c4d84 e-con-full e-flex e-con e-child\" data-id=\"5c9c4d84\" data-element_type=\"container\" data-e-type=\"container\">\n\t\t\t\t<div class=\"elementor-element elementor-element-70a61390 elementor-widget__width-initial elementor-widget elementor-widget-image-box\" data-id=\"70a61390\" data-element_type=\"widget\" data-e-type=\"widget\" data-widget_type=\"image-box.default\">\n\t\t\t\t\t<div class=\"elementor-image-box-wrapper\"><div class=\"elementor-image-box-content\"><h5 class=\"elementor-image-box-title\">Centrale \u00e9lectrique \u00e0 biomasse de Saillat<\/h5><p class=\"elementor-image-box-description\">Saillat, France<\/p><\/div><\/div>\t\t\t\t<\/div>\n\t\t\t\t<\/div>\n\t\t\t\t<\/a>\n\t\t\t\t<\/div>\n\t\t\t\t<\/div>\n\t\t\t\t<\/div>\n\t\t\t\t\t<\/div>\n\t\t\t\t<\/div>\n\t\t\t\t<\/div>\n\t\t","protected":false},"excerpt":{"rendered":"<p>Centrales \u00e9lectriques \u00e0 biomasse Centrale \u00e9lectrique \u00e0 biomasse Kronospan II Sanem, Luxembourg Centrale \u00e9lectrique \u00e0 biomasse A&amp;U Wielsbeke, Belgique Centrale \u00e9lectrique \u00e0 biomasse de lignine Craiova, Roumanie Centrale \u00e9lectrique \u00e0 biomasse MAV Bolu, T\u00fcrkiye Centrale \u00e9lectrique \u00e0 biomasse de Saillat Saillat, France<\/p>\n","protected":false},"author":1,"featured_media":0,"parent":0,"menu_order":0,"comment_status":"closed","ping_status":"closed","template":"","meta":{"footnotes":""},"class_list":["post-8048","page","type-page","status-publish","hentry"],"_links":{"self":[{"href":"https:\/\/ronesanscelik.com.tr\/fr\/wp-json\/wp\/v2\/pages\/8048","targetHints":{"allow":["GET"]}}],"collection":[{"href":"https:\/\/ronesanscelik.com.tr\/fr\/wp-json\/wp\/v2\/pages"}],"about":[{"href":"https:\/\/ronesanscelik.com.tr\/fr\/wp-json\/wp\/v2\/types\/page"}],"author":[{"embeddable":true,"href":"https:\/\/ronesanscelik.com.tr\/fr\/wp-json\/wp\/v2\/users\/1"}],"replies":[{"embeddable":true,"href":"https:\/\/ronesanscelik.com.tr\/fr\/wp-json\/wp\/v2\/comments?post=8048"}],"version-history":[{"count":1,"href":"https:\/\/ronesanscelik.com.tr\/fr\/wp-json\/wp\/v2\/pages\/8048\/revisions"}],"predecessor-version":[{"id":8070,"href":"https:\/\/ronesanscelik.com.tr\/fr\/wp-json\/wp\/v2\/pages\/8048\/revisions\/8070"}],"wp:attachment":[{"href":"https:\/\/ronesanscelik.com.tr\/fr\/wp-json\/wp\/v2\/media?parent=8048"}],"curies":[{"name":"wp","href":"https:\/\/api.w.org\/{rel}","templated":true}]}}